{"id":2663,"date":"2025-08-16T11:50:01","date_gmt":"2025-08-16T08:50:01","guid":{"rendered":"https:\/\/www.tektrade.ee\/ru\/?post_type=product&#038;p=2663"},"modified":"2025-08-17T22:34:47","modified_gmt":"2025-08-17T19:34:47","slug":"%d0%b8%d0%b7%d0%be%d0%bb%d1%8f%d1%86%d0%b8%d0%be%d0%bd%d0%bd%d1%8b%d0%b5-%d0%ba%d0%b0%d0%bc%d0%b5%d1%80%d1%8b","status":"publish","type":"product","link":"https:\/\/www.tektrade.ee\/ru\/products-ru\/%d1%83%d1%81%d1%82%d1%80%d0%be%d0%b9%d1%81%d1%82%d0%b2%d0%b0-%d0%b4%d0%bb%d1%8f-%d0%be%d0%b1%d1%80%d0%b0%d0%b1%d0%be%d1%82%d0%ba%d0%b8-%d0%bf%d0%be%d1%80%d0%be%d1%88%d0%ba%d0%be%d0%b2%d0%be%d0%b3\/%d0%b8%d0%b7%d0%be%d0%bb%d1%8f%d1%86%d0%b8%d0%be%d0%bd%d0%bd%d1%8b%d0%b5-%d0%ba%d0%b0%d0%bc%d0%b5%d1%80%d1%8b\/","title":{"rendered":"\u0418\u0437\u043e\u043b\u044f\u0446\u0438\u043e\u043d\u043d\u044b\u0435 \u043a\u0430\u043c\u0435\u0440\u044b"},"content":{"rendered":"\n<div class=\"wp-block-group is-nowrap is-layout-flex wp-container-core-group-is-layout-64989fb1 wp-block-group-is-layout-flex\">\n<div class=\"wp-block-group is-layout-constrained wp-block-group-is-layout-constrained\">\n<p><br>Isolatsioonikambreid kasutatakse toksiliste v\u00f5i v\u00e4liskeskonda kartvate ainete k\u00e4itlemisel \u0418\u0437\u043e\u043b\u044f\u0446\u0438\u043e\u043d\u043d\u044b\u0435 \u043a\u0430\u043c\u0435\u0440\u044b \u0438\u0441\u043f\u043e\u043b\u044c\u0437\u0443\u044e\u0442\u0441\u044f \u043f\u0440\u0438 \u0440\u0430\u0431\u043e\u0442\u0435 \u0441 \u0442\u043e\u043a\u0441\u0438\u0447\u043d\u044b\u043c\u0438 \u0432\u0435\u0449\u0435\u0441\u0442\u0432\u0430\u043c\u0438 \u0438\u043b\u0438 \u0432\u0435\u0449\u0435\u0441\u0442\u0432\u0430\u043c\u0438, \u0431\u043e\u044f\u0449\u0438\u043c\u0438\u0441\u044f \u0443\u0441\u043b\u043e\u0432\u0438\u0439 \u0432\u043d\u0435\u0448\u043d\u0435\u0439 \u0441\u0440\u0435\u0434\u044b, \u043e\u0431\u0435\u0441\u043f\u0435\u0447\u0438\u0432\u0430\u044f \u043f\u0440\u0438 \u044d\u0442\u043e\u043c \u0442\u0440\u043e\u0439\u043d\u0443\u044e \u0437\u0430\u0449\u0438\u0442\u0443, \u0430 \u0438\u043c\u0435\u043d\u043d\u043e:<\/p>\n\n\n\n<ul class=\"wp-block-list\">\n<li>\u0437\u0430\u0449\u0438\u0442\u0443 \u043e\u043f\u0435\u0440\u0430\u0442\u043e\u0440\u0430 (\u0440\u0430\u0431\u043e\u0442\u043d\u0438\u043a\u0430);<\/li>\n\n\n\n<li>\u0437\u0430\u0449\u0438\u0442\u0443 \u043e\u0431\u0440\u0430\u0431\u0430\u0442\u044b\u0432\u0430\u0435\u043c\u043e\u0433\u043e \u043c\u0430\u0442\u0435\u0440\u0438\u0430\u043b\u0430;<\/li>\n\n\n\n<li>\u0437\u0430\u0449\u0438\u0442\u0443 \u043e\u043a\u0440\u0443\u0436\u0430\u044e\u0449\u0435\u0439 \u0441\u0440\u0435\u0434\u044b.<\/li>\n<\/ul>\n\n\n\n<p>\u0417\u0430\u0449\u0438\u0442\u0430 \u043e\u043f\u0435\u0440\u0430\u0442\u043e\u0440\u0430 \u043e\u0442 \u0437\u0430\u0433\u0440\u044f\u0437\u043d\u0435\u043d\u0438\u044f \u043e\u043f\u0430\u0441\u043d\u044b\u043c\u0438 \u043c\u0430\u0442\u0435\u0440\u0438\u0430\u043b\u0430\u043c\u0438 \u0433\u0430\u0440\u0430\u043d\u0442\u0438\u0440\u043e\u0432\u0430\u043d\u0430 \u043f\u043e\u043b\u043d\u044b\u043c \u043e\u0442\u0441\u0443\u0442\u0441\u0442\u0432\u0438\u0435\u043c \u043d\u0435\u043f\u043e\u0441\u0440\u0435\u0434\u0441\u0442\u0432\u0435\u043d\u043d\u043e\u0433\u043e \u043a\u043e\u043d\u0442\u0430\u043a\u0442\u0430.&nbsp;\u0411\u043b\u0430\u0433\u043e\u0434\u0430\u0440\u044f \u043e\u043a\u0440\u0443\u0436\u0430\u044e\u0449\u0438\u043c \u0438\u0437\u043e\u043b\u044f\u0446\u0438\u043e\u043d\u043d\u0443\u044e \u043a\u0430\u043c\u0435\u0440\u0443 \u043e\u043a\u043d\u0430\u043c \u0438 \u043d\u0430\u0445\u043e\u0434\u044f\u0449\u0438\u043c\u0441\u044f \u0432\u043d\u0443\u0442\u0440\u0438 \u043f\u0435\u0440\u0447\u0430\u0442\u043a\u0430\u043c, \u043e\u043f\u0435\u0440\u0430\u0442\u043e\u0440 \u043c\u043e\u0436\u0435\u0442 \u043f\u0440\u043e\u0432\u043e\u0434\u0438\u0442\u044c \u0440\u0430\u0437\u043b\u0438\u0447\u043d\u044b\u0435 \u043e\u043f\u0435\u0440\u0430\u0446\u0438\u0438 (\u043d\u0430\u043f\u0440\u0438\u043c\u0435\u0440, \u043e\u0442\u043a\u0440\u044b\u0432\u0430\u043d\u0438\u0435 \u0451\u043c\u043a\u043e\u0441\u0442\u0435\u0439, \u0443\u043f\u0430\u043a\u043e\u0432\u043a\u0443 \u0438\u0437\u0434\u0435\u043b\u0438\u044f, \u0435\u0433\u043e \u0432\u0437\u0432\u0435\u0448\u0438\u0432\u0430\u043d\u0438\u0435, \u0430 \u0442\u0430\u043a\u0436\u0435 \u0440\u0430\u0437\u043c\u043e\u043b\/\u043f\u0440\u043e\u0441\u0435\u0438\u0432\u0430\u043d\u0438\u0435), \u043f\u0440\u0438 \u043a\u043e\u0442\u043e\u0440\u044b\u0445 \u043e\u043f\u0435\u0440\u0430\u0442\u043e\u0440 \u043d\u0435 \u0441\u043e\u043f\u0440\u0438\u043a\u0430\u0441\u0430\u0435\u0442\u0441\u044f \u0441 \u0438\u0437\u0434\u0435\u043b\u0438\u0435\u043c.<\/p>\n<\/div>\n\n\n\n<div class=\"wp-block-group is-layout-flow wp-block-group-is-layout-flow\">\n<div class=\"wp-block-group is-content-justification-right is-layout-constrained wp-container-core-group-is-layout-07b51d56 wp-block-group-is-layout-constrained\">\n<figure class=\"wp-block-image alignright size-full is-resized wp-container-content-69bc4bdf\"><img loading=\"lazy\" decoding=\"async\" width=\"268\" height=\"400\" src=\"https:\/\/www.tektrade.ee\/ru\/wp-content\/uploads\/sites\/4\/2025\/08\/ResizedImage268400-isolatsioonikambrid.jpg\" alt=\"\" class=\"wp-image-2664\" style=\"aspect-ratio:2\/3;object-fit:cover;width:400px\" srcset=\"https:\/\/www.tektrade.ee\/ru\/wp-content\/uploads\/sites\/4\/2025\/08\/ResizedImage268400-isolatsioonikambrid.jpg 268w, https:\/\/www.tektrade.ee\/ru\/wp-content\/uploads\/sites\/4\/2025\/08\/ResizedImage268400-isolatsioonikambrid-201x300.jpg 201w\" sizes=\"auto, (max-width: 268px) 100vw, 268px\" \/><figcaption class=\"wp-element-caption\">\u0418\u0437\u043e\u043b\u044f\u0446\u0438\u043e\u043d\u043d\u044b\u0435 \u043a\u0430\u043c\u0435\u0440\u044b<br><\/figcaption><\/figure>\n<\/div>\n<\/div>\n<\/div>\n","protected":false},"featured_media":0,"parent":2645,"menu_order":96,"template":"","class_list":["post-2663","product","type-product","status-publish","hentry"],"acf":[],"_links":{"self":[{"href":"https:\/\/www.tektrade.ee\/ru\/wp-json\/wp\/v2\/product\/2663","targetHints":{"allow":["GET"]}}],"collection":[{"href":"https:\/\/www.tektrade.ee\/ru\/wp-json\/wp\/v2\/product"}],"about":[{"href":"https:\/\/www.tektrade.ee\/ru\/wp-json\/wp\/v2\/types\/product"}],"version-history":[{"count":7,"href":"https:\/\/www.tektrade.ee\/ru\/wp-json\/wp\/v2\/product\/2663\/revisions"}],"predecessor-version":[{"id":3221,"href":"https:\/\/www.tektrade.ee\/ru\/wp-json\/wp\/v2\/product\/2663\/revisions\/3221"}],"up":[{"embeddable":true,"href":"https:\/\/www.tektrade.ee\/ru\/wp-json\/wp\/v2\/product\/2645"}],"wp:attachment":[{"href":"https:\/\/www.tektrade.ee\/ru\/wp-json\/wp\/v2\/media?parent=2663"}],"curies":[{"name":"wp","href":"https:\/\/api.w.org\/{rel}","templated":true}]}}