{"id":3030,"date":"2025-08-16T13:49:09","date_gmt":"2025-08-16T10:49:09","guid":{"rendered":"https:\/\/www.tektrade.ee\/lv\/?post_type=product&#038;p=3030"},"modified":"2025-08-18T20:33:37","modified_gmt":"2025-08-18T17:33:37","slug":"metala-izplesanas-kompensatori","status":"publish","type":"product","link":"https:\/\/www.tektrade.ee\/lv\/preces\/caurulvadu-sastavdalas\/kompensatori\/metala-izplesanas-kompensatori\/","title":{"rendered":"Met\u0101la izple\u0161an\u0101s kompensatori"},"content":{"rendered":"\n<p>Met\u0101la izple\u0161an\u0101s kompensatori ir pieejami visda\u017e\u0101d\u0101kaj\u0101s konfigur\u0101cij\u0101s.<br>Lai ieg\u016btu dro\u0161us un uzticamus cauru\u013cvadu un tvert\u0146u savienojumus, produktu dizain\u0101 izmanto EJMA glob\u0101los standartus.<br><br>Standarta materi\u0101li:<\/p>\n\n\n\n<ul class=\"wp-block-list\">\n<li>vijumu materi\u0101ls\u00a0\u2013 AISI 321;<\/li>\n\n\n\n<li>metin\u0101tie uzga\u013ci\u00a0\u2013 oglek\u013ca t\u0113rauds A106;<\/li>\n\n\n\n<li>piedurkne\u00a0\u2013 AISI 304;<\/li>\n\n\n\n<li>atloki \u2013 ST-37.<\/li>\n<\/ul>\n\n\n\n<p>Izm\u0113ri: DN15 &#8211; DN8000 (atkar\u012bb\u0101 no tipa)<\/p>\n\n\n\n<p><br><strong>Met\u0101la izple\u0161an\u0101s kompensatoru veidi<\/strong><br><\/p>\n\n\n\n<ul class=\"wp-block-list\">\n<li>Met\u0101la izple\u0161an\u0101s kompensatori ar vienu vijumu rindu un bez ierobe\u017eot\u0101ja<\/li>\n<\/ul>\n\n\n\n<p>Kompensatori ar atlokiem vai kust\u012bgiem atlokiem un metin\u0101tiem uzga\u013ciem, kuriem ir viena vijumu rinda. Izmanto galvenok\u0101rt aksi\u0101l\u0101s, bet da\u013c\u0113ji ar\u012b later\u0101l\u0101s un le\u0146\u0137a kust\u012bbas kompens\u0113\u0161anai.<\/p>\n\n\n\n<div class=\"wp-block-group is-layout-grid wp-container-core-group-is-layout-baef362d wp-block-group-is-layout-grid\">\n<div class=\"wp-block-group is-content-justification-left is-layout-constrained wp-container-core-group-is-layout-8c890d92 wp-block-group-is-layout-constrained\">\n<figure class=\"wp-block-image aligncenter size-full\"><img loading=\"lazy\" decoding=\"async\" width=\"250\" height=\"213\" src=\"https:\/\/www.tektrade.ee\/lv\/wp-content\/uploads\/sites\/6\/2025\/08\/ResizedImage250213-MWA-axial-unrestrained-welding-ends.jpg\" alt=\"\" class=\"wp-image-3031\"\/><figcaption class=\"wp-element-caption\"><em>Ar metin\u0101tiem uzga\u013ciem<br><\/em><\/figcaption><\/figure>\n<\/div>\n\n\n\n<div class=\"wp-block-group is-layout-constrained wp-block-group-is-layout-constrained\">\n<figure class=\"wp-block-image aligncenter size-full\"><img loading=\"lazy\" decoding=\"async\" width=\"250\" height=\"213\" src=\"https:\/\/www.tektrade.ee\/lv\/wp-content\/uploads\/sites\/6\/2025\/08\/ResizedImage250213-MFA-axial-unrestrained-flanges.jpg\" alt=\"\" class=\"wp-image-3032\"\/><figcaption class=\"wp-element-caption\"><em>Ar atlokiem\u00a0<br><\/em><\/figcaption><\/figure>\n<\/div>\n<\/div>\n\n\n\n<ul class=\"wp-block-list\">\n<li>Univers\u0101li met\u0101la kompensatori bez ierobe\u017eot\u0101ja\u00a0<\/li>\n<\/ul>\n\n\n\n<p>Kompensatori ar atlokiem vai metin\u0101tiem uzga\u013ciem galvenok\u0101rt aksi\u0101l\u0101s un later\u0101l\u0101s, bet da\u013c\u0113ji ar\u012b le\u0146\u0137a kust\u012bbas kompens\u0113\u0161anai.<\/p>\n\n\n\n<div class=\"wp-block-group is-nowrap is-layout-flex wp-container-core-group-is-layout-ad2f72ca wp-block-group-is-layout-flex\">\n<div class=\"wp-block-group is-layout-constrained wp-block-group-is-layout-constrained\">\n<figure class=\"wp-block-image alignleft size-full\"><img loading=\"lazy\" decoding=\"async\" width=\"250\" height=\"213\" src=\"https:\/\/www.tektrade.ee\/lv\/wp-content\/uploads\/sites\/6\/2025\/08\/ResizedImage250213-MFD-universal-unrestrained-flanges.jpg\" alt=\"\" class=\"wp-image-3033\"\/><figcaption class=\"wp-element-caption\">Ar atlokiem<br><\/figcaption><\/figure>\n<\/div>\n<\/div>\n\n\n\n<ul class=\"wp-block-list\">\n<li>Met\u0101la kompensatori ar vienu vijumu rindu ar ierobe\u017eot\u0101ju<\/li>\n<\/ul>\n\n\n\n<p>Izmanto galvenok\u0101rt, lai kompens\u0113tu aksi\u0101l\u0101s, bet da\u013c\u0113ji ar\u012b later\u0101l\u0101s un le\u0146\u0137a kust\u012bbas.<\/p>\n\n\n\n<div class=\"wp-block-group is-layout-grid wp-container-core-group-is-layout-baef362d wp-block-group-is-layout-grid\">\n<div class=\"wp-block-group is-content-justification-left is-layout-constrained wp-container-core-group-is-layout-8c890d92 wp-block-group-is-layout-constrained\">\n<figure class=\"wp-block-image aligncenter size-full\"><img loading=\"lazy\" decoding=\"async\" width=\"249\" height=\"213\" src=\"https:\/\/www.tektrade.ee\/lv\/wp-content\/uploads\/sites\/6\/2025\/08\/ResizedImage249213-MFT-axial-tied-flanges.jpg\" alt=\"\" class=\"wp-image-3034\"\/><figcaption class=\"wp-element-caption\"><em>Ar atlokiem\u00a0<br><\/em><\/figcaption><\/figure>\n<\/div>\n\n\n\n<div class=\"wp-block-group is-layout-constrained wp-block-group-is-layout-constrained\">\n<figure class=\"wp-block-image aligncenter size-full\"><img loading=\"lazy\" decoding=\"async\" width=\"249\" height=\"213\" src=\"https:\/\/www.tektrade.ee\/lv\/wp-content\/uploads\/sites\/6\/2025\/08\/ResizedImage249213-MWT-axial-tied-welding-ends.jpg\" alt=\"\" class=\"wp-image-3035\"\/><figcaption class=\"wp-element-caption\"><em>Ar metin\u0101tiem uzga\u013ciem<br><\/em><\/figcaption><\/figure>\n<\/div>\n<\/div>\n\n\n\n<ul class=\"wp-block-list\">\n<li>Met\u0101la kompensatori ar div\u0101m vijumu rind\u0101m ar ierobe\u017eot\u0101ju<\/li>\n<\/ul>\n\n\n\n<p>Kompens\u0113 later\u0101l\u0101s kust\u012bbas visos l\u012bme\u0146os. Izmantojot \u0161os met\u0101la kompensatorus, uz cauru\u013cvadiem uzst\u0101da atbilsto\u0161us stiprin\u0101jumus.<\/p>\n\n\n\n<div class=\"wp-block-group is-layout-grid wp-container-core-group-is-layout-baef362d wp-block-group-is-layout-grid\">\n<div class=\"wp-block-group is-content-justification-left is-layout-constrained wp-container-core-group-is-layout-8c890d92 wp-block-group-is-layout-constrained\">\n<figure class=\"wp-block-image aligncenter size-full\"><img loading=\"lazy\" decoding=\"async\" width=\"249\" height=\"213\" src=\"https:\/\/www.tektrade.ee\/lv\/wp-content\/uploads\/sites\/6\/2025\/08\/ResizedImage249213-MFL-universal-tied-flanges.jpg\" alt=\"\" class=\"wp-image-3036\"\/><figcaption class=\"wp-element-caption\"><em>Ar atlokiem\u00a0<br><\/em><\/figcaption><\/figure>\n<\/div>\n\n\n\n<div class=\"wp-block-group is-layout-constrained wp-block-group-is-layout-constrained\">\n<figure class=\"wp-block-image aligncenter size-full\"><img loading=\"lazy\" decoding=\"async\" width=\"249\" height=\"213\" src=\"https:\/\/www.tektrade.ee\/lv\/wp-content\/uploads\/sites\/6\/2025\/08\/ResizedImage249213-MWL-universal-tied-welding-ends.jpg\" alt=\"\" class=\"wp-image-3037\"\/><figcaption class=\"wp-element-caption\">Ar metin\u0101tiem uzga\u013ciem<br><\/figcaption><\/figure>\n<\/div>\n<\/div>\n\n\n\n<ul class=\"wp-block-list\">\n<li>Kompensatori augstspiediena sist\u0113m\u0101m<\/li>\n<\/ul>\n\n\n\n<p>Kompensatoru vijumi ir nostiprin\u0101ti ar met\u0101la gredzeniem, kas pie augsta spiediena nov\u0113r\u0161 vijumu deform\u0101ciju.&nbsp; \u0160\u0101di vijumi ir piem\u0113roti jebkura tipa kompensatoriem (ar aksi\u0101lo, s\u0101nu vai le\u0146\u0137a kust\u012bbu).<\/p>\n\n\n\n<div class=\"wp-block-group is-nowrap is-layout-flex wp-container-core-group-is-layout-ad2f72ca wp-block-group-is-layout-flex\">\n<div class=\"wp-block-group is-layout-constrained wp-block-group-is-layout-constrained\">\n<figure class=\"wp-block-image alignleft size-full\"><img loading=\"lazy\" decoding=\"async\" width=\"249\" height=\"213\" src=\"https:\/\/www.tektrade.ee\/lv\/wp-content\/uploads\/sites\/6\/2025\/08\/ResizedImage249213-MRR-high-pressure-reinforcement-rings.jpg\" alt=\"\" class=\"wp-image-3038\"\/><figcaption class=\"wp-element-caption\">Ar stiprin\u0101tiem gredzeniem\u00a0<br><\/figcaption><\/figure>\n<\/div>\n<\/div>\n\n\n\n<ul class=\"wp-block-list\">\n<li>Kompensatori centr\u0101lapkures cauru\u013cvadiem<\/li>\n<\/ul>\n\n\n\n<p>L\u012bdzin\u0101s met\u0101la kompensatoriem bez ierobe\u017eojuma, bet apg\u0101d\u0101ti ar iek\u0161\u0113jo un \u0101r\u0113jo aizsardz\u012bbas sl\u0101ni, k\u0101 ar\u012b aizsardz\u012bbu pret kontrakciju, pagarin\u0101\u0161anos un cauru\u013cvadu negaid\u012btu deform\u0113\u0161anos.&nbsp;<\/p>\n\n\n\n<ul class=\"wp-block-list\">\n<li>Kompensatori, uz kuriem iedarbojas \u0101r\u0113jais spiediens<\/li>\n<\/ul>\n\n\n\n<p>Paredz\u0113ti gad\u012bjumiem, kad \u0161\u0137idruma spiediens ietekm\u0113 vijumus no \u0101rpuses, bet atmosf\u0113ras spiediens no iek\u0161puses. Tas nodro\u0161ina stabilit\u0101ti un vien\u0101du spiedienu uz ab\u0101m vijumu pus\u0113m. Ide\u0101ls kompensators augsta spiediena un lielas aksi\u0101l\u0101s kust\u012bbas kompens\u0113\u0161anai.<\/p>\n\n\n\n<div class=\"wp-block-group is-nowrap is-layout-flex wp-container-core-group-is-layout-ad2f72ca wp-block-group-is-layout-flex\">\n<div class=\"wp-block-group is-layout-constrained wp-block-group-is-layout-constrained\">\n<figure class=\"wp-block-image alignleft size-full\"><img loading=\"lazy\" decoding=\"async\" width=\"249\" height=\"213\" src=\"https:\/\/www.tektrade.ee\/lv\/wp-content\/uploads\/sites\/6\/2025\/08\/ResizedImage249213-MEP-externally-pressurized-3.jpg\" alt=\"\" class=\"wp-image-3126\"\/><figcaption class=\"wp-element-caption\">\u0100r\u0113jais spiediens\u00a0<br><\/figcaption><\/figure>\n<\/div>\n<\/div>\n\n\n\n<ul class=\"wp-block-list\">\n<li>L\u0113cu kompensators<\/li>\n<\/ul>\n\n\n\n<p>No biez\u0101ka materi\u0101la izgatavots kompensators ar vienu vijumu rindu. Kompensatoram var b\u016bt da\u017e\u0101das formas&nbsp;\u2013 apa\u013ca, ov\u0101la vai cita forma, atbilsto\u0161i klienta iesniegtajam dizainam. L\u0113cu kompensatorus visbie\u017e\u0101k izmanto siltummai\u0146u vai kr\u0101\u0161\u0146u savieno\u0161anai ar cauru\u013cvadiem. Pied\u0101v\u0101jam ar\u012b sametin\u0101tas l\u0113cas.<\/p>\n\n\n\n<div class=\"wp-block-group is-nowrap is-layout-flex wp-container-core-group-is-layout-ad2f72ca wp-block-group-is-layout-flex\">\n<div class=\"wp-block-group is-layout-constrained wp-block-group-is-layout-constrained\">\n<figure class=\"wp-block-image alignleft size-full\"><img loading=\"lazy\" decoding=\"async\" width=\"249\" height=\"213\" src=\"https:\/\/www.tektrade.ee\/lv\/wp-content\/uploads\/sites\/6\/2025\/08\/ResizedImage249213-M-LENS-thick-wall-flanged-flued-4.jpg\" alt=\"\" class=\"wp-image-3127\"\/><figcaption class=\"wp-element-caption\">Vienas l\u0113cas kompensators\u00a0<br><\/figcaption><\/figure>\n<\/div>\n<\/div>\n\n\n\n<ul class=\"wp-block-list\">\n<li>Taisnst\u016bra kompensatori<\/li>\n<\/ul>\n\n\n\n<p>Darbojas k\u0101 l\u0113cu kompensatori. L\u0113cas ir U-formas vai V-formas; kompensatoru st\u016bri ir apa\u013ci, V-veida vai 45\u00b0&nbsp;gr\u0101du le\u0146\u0137\u012b.<\/p>\n\n\n\n<div class=\"wp-block-group is-layout-grid wp-container-core-group-is-layout-6be84c55 wp-block-group-is-layout-grid\">\n<div class=\"wp-block-group is-content-justification-left is-layout-constrained wp-container-core-group-is-layout-8c890d92 wp-block-group-is-layout-constrained\">\n<figure class=\"wp-block-image aligncenter size-full\"><img loading=\"lazy\" decoding=\"async\" width=\"249\" height=\"213\" src=\"https:\/\/www.tektrade.ee\/lv\/wp-content\/uploads\/sites\/6\/2025\/08\/ResizedImage249213-MRW-rectangular-camera.jpg\" alt=\"\" class=\"wp-image-3042\"\/><figcaption class=\"wp-element-caption\">45\u00b0 le\u0146\u0137is.<br><\/figcaption><\/figure>\n<\/div>\n\n\n\n<div class=\"wp-block-group is-layout-constrained wp-block-group-is-layout-constrained\">\n<figure class=\"wp-block-image aligncenter size-full\"><img loading=\"lazy\" decoding=\"async\" width=\"249\" height=\"213\" src=\"https:\/\/www.tektrade.ee\/lv\/wp-content\/uploads\/sites\/6\/2025\/08\/ResizedImage249213-MRU-rectangular-rounded.jpg\" alt=\"\" class=\"wp-image-3043\"\/><figcaption class=\"wp-element-caption\">U-veida le\u0146\u0137is.<br><\/figcaption><\/figure>\n<\/div>\n\n\n\n<div class=\"wp-block-group is-layout-constrained wp-block-group-is-layout-constrained\">\n<figure class=\"wp-block-image aligncenter size-full\"><img loading=\"lazy\" decoding=\"async\" width=\"249\" height=\"212\" src=\"https:\/\/www.tektrade.ee\/lv\/wp-content\/uploads\/sites\/6\/2025\/08\/ResizedImage249212-MRV-rectangular-miter.jpg\" alt=\"\" class=\"wp-image-3044\"\/><figcaption class=\"wp-element-caption\">V-veida le\u0146\u0137is.<br><\/figcaption><\/figure>\n<\/div>\n<\/div>\n\n\n\n<p>Pieejami ar\u012b kard\u0101na (\u201eGimbal\u201d), viras (\u201eHinged\u201d) un \u201eFCCU\u201d apv\u0101kotie kompensatori.<\/p>\n\n\n\n<div class=\"wp-block-file\"><a id=\"wp-block-file--media-4b3630cd-57b8-4f7f-baac-609119127cbb\" href=\"https:\/\/www.tektrade.ee\/lv\/wp-content\/uploads\/sites\/6\/2025\/08\/metal-expansion-joints.pdf\" target=\"_blank\" rel=\"noreferrer noopener\">Produktu katalogs<\/a><\/div>\n","protected":false},"featured_media":0,"parent":2877,"menu_order":38,"template":"","class_list":["post-3030","product","type-product","status-publish","hentry"],"acf":[],"_links":{"self":[{"href":"https:\/\/www.tektrade.ee\/lv\/wp-json\/wp\/v2\/product\/3030","targetHints":{"allow":["GET"]}}],"collection":[{"href":"https:\/\/www.tektrade.ee\/lv\/wp-json\/wp\/v2\/product"}],"about":[{"href":"https:\/\/www.tektrade.ee\/lv\/wp-json\/wp\/v2\/types\/product"}],"version-history":[{"count":2,"href":"https:\/\/www.tektrade.ee\/lv\/wp-json\/wp\/v2\/product\/3030\/revisions"}],"predecessor-version":[{"id":3128,"href":"https:\/\/www.tektrade.ee\/lv\/wp-json\/wp\/v2\/product\/3030\/revisions\/3128"}],"up":[{"embeddable":true,"href":"https:\/\/www.tektrade.ee\/lv\/wp-json\/wp\/v2\/product\/2877"}],"wp:attachment":[{"href":"https:\/\/www.tektrade.ee\/lv\/wp-json\/wp\/v2\/media?parent=3030"}],"curies":[{"name":"wp","href":"https:\/\/api.w.org\/{rel}","templated":true}]}}