{"id":3004,"date":"2025-08-16T13:40:44","date_gmt":"2025-08-16T10:40:44","guid":{"rendered":"https:\/\/www.tektrade.ee\/lv\/?post_type=product&#038;p=3004"},"modified":"2025-08-18T22:32:27","modified_gmt":"2025-08-18T19:32:27","slug":"caurulu-savienojumi","status":"publish","type":"product","link":"https:\/\/www.tektrade.ee\/lv\/preces\/caurulvadu-sastavdalas\/savienojumi-slutenes-un-caurules\/caurulu-savienojumi\/","title":{"rendered":"Cauru\u013cu savienojumi"},"content":{"rendered":"\n<div class=\"wp-block-group is-nowrap is-layout-flex wp-container-core-group-is-layout-64989fb1 wp-block-group-is-layout-flex\">\n<div class=\"wp-block-group is-layout-constrained wp-block-group-is-layout-constrained\">\n<p>M\u016bsu pre\u010du kl\u0101st\u0101 ir Normaconnect\u00ae cauru\u013cu savienojumi, kurus izmanto, lai savienotu ku\u0123u \u016bdens un e\u013c\u013cas caurules k\u0101 ar\u012b citas vibr\u0113jo\u0161as cauru\u013cu sist\u0113mas. Remonta savienojumu REP izmanto ar\u012b \u0101trai cauru\u013cu av\u0101rijas situ\u0101ciju likvid\u0113\u0161anai.&nbsp;<\/p>\n\n\n\n<p>GRIP E tipa cauru\u013cu savienojumi ar EPDM vai NBR bl\u012bv\u0113jumiem ir pieejami m\u016bsu noliktav\u0101. P\u0113c pas\u016bt\u012bjuma pieejami ar\u012b citi savienojumu veidi no da\u017e\u0101diem materi\u0101liem.<\/p>\n\n\n\n<div class=\"wp-block-file\"><a id=\"wp-block-file--media-9146146e-c2ec-4d39-b0a0-8247a2146b92\" href=\"https:\/\/www.tektrade.ee\/lv\/wp-content\/uploads\/sites\/6\/2025\/08\/Norma-kataloog.pdf\" target=\"_blank\" rel=\"noreferrer noopener\">Normaconnect\u00ae katalogs<\/a><\/div>\n<\/div>\n\n\n\n<div class=\"wp-block-group is-layout-flow wp-block-group-is-layout-flow\">\n<figure class=\"wp-block-image size-frontpage-thumbnail is-resized wp-container-content-69bc4bdf\"><img loading=\"lazy\" decoding=\"async\" width=\"280\" height=\"280\" src=\"https:\/\/www.tektrade.ee\/lv\/wp-content\/uploads\/sites\/6\/2025\/08\/ResizedImage300300-torustiku-klamberuhendus-280x280.jpeg\" alt=\"\" class=\"wp-image-3027\" style=\"width:480px\" srcset=\"https:\/\/www.tektrade.ee\/lv\/wp-content\/uploads\/sites\/6\/2025\/08\/ResizedImage300300-torustiku-klamberuhendus-280x280.jpeg 280w, https:\/\/www.tektrade.ee\/lv\/wp-content\/uploads\/sites\/6\/2025\/08\/ResizedImage300300-torustiku-klamberuhendus-150x150.jpeg 150w, https:\/\/www.tektrade.ee\/lv\/wp-content\/uploads\/sites\/6\/2025\/08\/ResizedImage300300-torustiku-klamberuhendus-100x100.jpeg 100w, https:\/\/www.tektrade.ee\/lv\/wp-content\/uploads\/sites\/6\/2025\/08\/ResizedImage300300-torustiku-klamberuhendus.jpeg 300w\" sizes=\"auto, (max-width: 280px) 100vw, 280px\" \/><figcaption class=\"wp-element-caption\">Cauru\u013cu savienojums<br><\/figcaption><\/figure>\n<\/div>\n<\/div>\n\n\n\n<p><\/p>\n","protected":false},"featured_media":0,"parent":2883,"menu_order":54,"template":"","class_list":["post-3004","product","type-product","status-publish","hentry"],"acf":[],"_links":{"self":[{"href":"https:\/\/www.tektrade.ee\/lv\/wp-json\/wp\/v2\/product\/3004","targetHints":{"allow":["GET"]}}],"collection":[{"href":"https:\/\/www.tektrade.ee\/lv\/wp-json\/wp\/v2\/product"}],"about":[{"href":"https:\/\/www.tektrade.ee\/lv\/wp-json\/wp\/v2\/types\/product"}],"version-history":[{"count":2,"href":"https:\/\/www.tektrade.ee\/lv\/wp-json\/wp\/v2\/product\/3004\/revisions"}],"predecessor-version":[{"id":3163,"href":"https:\/\/www.tektrade.ee\/lv\/wp-json\/wp\/v2\/product\/3004\/revisions\/3163"}],"up":[{"embeddable":true,"href":"https:\/\/www.tektrade.ee\/lv\/wp-json\/wp\/v2\/product\/2883"}],"wp:attachment":[{"href":"https:\/\/www.tektrade.ee\/lv\/wp-json\/wp\/v2\/media?parent=3004"}],"curies":[{"name":"wp","href":"https:\/\/api.w.org\/{rel}","templated":true}]}}