{"id":3003,"date":"2025-08-16T13:39:09","date_gmt":"2025-08-16T10:39:09","guid":{"rendered":"https:\/\/www.tektrade.ee\/lv\/?post_type=product&#038;p=3003"},"modified":"2025-08-18T22:31:30","modified_gmt":"2025-08-18T19:31:30","slug":"slutenes-un-caurules","status":"publish","type":"product","link":"https:\/\/www.tektrade.ee\/lv\/preces\/caurulvadu-sastavdalas\/savienojumi-slutenes-un-caurules\/slutenes-un-caurules\/","title":{"rendered":"\u0160\u013c\u016btenes un caurules"},"content":{"rendered":"\n<p><strong>SERTO caurules un \u0161\u013c\u016btenes<br><\/strong>Materi\u0101li: PA, LDPE, PU, PTFE, PVDF, FEP, PFA, no ner\u016bs\u0113jo\u0161\u0101 t\u0113rauda 1.4571 un 1.4301, PTFE \u0161\u013c\u016btenes p\u0101rkl\u0101tas ar ner\u016bs\u0113jo\u0161\u0101 t\u0113rauda lentu.<br><\/p>\n\n\n\n<p><strong>AFLEX PTFE \u0161\u013c\u016btenes ar oder\u0113jumu<\/strong><br>AFLEX PTFE \u0161\u013c\u016btenes ar oder\u0113jumu izmanto farm\u0101cijas, biotehnolo\u0123ijas un \u0137\u012bmiskaj\u0101 r\u016bpniec\u012bb\u0101 un \u0161\u0137idrumu transport\u0113\u0161anai procesu\u0101l\u0101 ra\u017eo\u0161an\u0101.<\/p>\n\n\n\n<p>\u0160\u013c\u016btenes iedala atbilsto\u0161i to izmanto\u0161anas m\u0113r\u0137im:<\/p>\n\n\n\n<ul class=\"wp-block-list\">\n<li>Pharmaline N un X\u00a0\u2013 \u0161\u013c\u016btene farm\u0101cijas r\u016bpniec\u012bbai.<\/li>\n<\/ul>\n\n\n\n<div class=\"wp-block-group is-nowrap is-layout-flex wp-container-core-group-is-layout-ad2f72ca wp-block-group-is-layout-flex\">\n<div class=\"wp-block-group is-layout-constrained wp-block-group-is-layout-constrained\">\n<figure class=\"wp-block-image alignleft size-full\"><img loading=\"lazy\" decoding=\"async\" width=\"600\" height=\"273\" src=\"https:\/\/www.tektrade.ee\/lv\/wp-content\/uploads\/sites\/6\/2025\/08\/ResizedImage600273-Pharmaline.jpg\" alt=\"\" class=\"wp-image-3013\" srcset=\"https:\/\/www.tektrade.ee\/lv\/wp-content\/uploads\/sites\/6\/2025\/08\/ResizedImage600273-Pharmaline.jpg 600w, https:\/\/www.tektrade.ee\/lv\/wp-content\/uploads\/sites\/6\/2025\/08\/ResizedImage600273-Pharmaline-300x137.jpg 300w\" sizes=\"auto, (max-width: 600px) 100vw, 600px\" \/><figcaption class=\"wp-element-caption\"><em>Pharmaline<\/em><\/figcaption><\/figure>\n<\/div>\n<\/div>\n\n\n\n<p>Lieliski aizst\u0101j silikona \u0161\u013c\u016btenes, kad proces\u0101 nepiecie\u0161ama piln\u012bga \u0137\u012bmisk\u0101 iztur\u012bba.<\/p>\n\n\n\n<div class=\"wp-block-file\"><a id=\"wp-block-file--media-682b9113-a0ed-459e-8142-025e15921c6c\" href=\"https:\/\/www.tektrade.ee\/lv\/wp-content\/uploads\/sites\/6\/2025\/08\/pharma-en.pdf\" target=\"_blank\" rel=\"noreferrer noopener\"><em>Pharmaline<\/em>\u00a0produktu katalogs<\/a><\/div>\n\n\n\n<ul class=\"wp-block-list\">\n<li>Bioflex Ultra \u2013\u00a0\u0161\u013c\u016btene farm\u0101cijas un biotehnolo\u0123ijas r\u016bpniec\u012bbai<br><\/li>\n<\/ul>\n\n\n\n<div class=\"wp-block-group is-nowrap is-layout-flex wp-container-core-group-is-layout-ad2f72ca wp-block-group-is-layout-flex\">\n<div class=\"wp-block-group is-layout-constrained wp-block-group-is-layout-constrained\">\n<figure class=\"wp-block-image alignleft size-full\"><img loading=\"lazy\" decoding=\"async\" width=\"600\" height=\"503\" src=\"https:\/\/www.tektrade.ee\/lv\/wp-content\/uploads\/sites\/6\/2025\/08\/ResizedImage600503-Bioflex-Ultra.jpg\" alt=\"\" class=\"wp-image-3015\" srcset=\"https:\/\/www.tektrade.ee\/lv\/wp-content\/uploads\/sites\/6\/2025\/08\/ResizedImage600503-Bioflex-Ultra.jpg 600w, https:\/\/www.tektrade.ee\/lv\/wp-content\/uploads\/sites\/6\/2025\/08\/ResizedImage600503-Bioflex-Ultra-300x252.jpg 300w\" sizes=\"auto, (max-width: 600px) 100vw, 600px\" \/><figcaption class=\"wp-element-caption\">Bioflex Ultra<br><\/figcaption><\/figure>\n<\/div>\n<\/div>\n\n\n\n<p>\u013boti elast\u012bga un nesametas mezgl\u0101. L\u012bdzena PTFE oder\u0113juma un savienojuma savstarp\u0113j\u0101 p\u0101reja nodro\u0161ina nep\u0101rtrauktu \u0161\u0137idruma pl\u016bsmu un vieglu t\u012br\u012b\u0161anu.<\/p>\n\n\n\n<div class=\"wp-block-file\"><a id=\"wp-block-file--media-7e54bdee-e906-4069-ae8c-d2d3de5e5d37\" href=\"https:\/\/www.tektrade.ee\/lv\/wp-content\/uploads\/sites\/6\/2025\/08\/bioflex-ultra-en.pdf\" target=\"_blank\" rel=\"noreferrer noopener\"><em>Bioflex Ultra<\/em>\u00a0produktu katalogs<\/a><\/div>\n\n\n\n<ul class=\"wp-block-list\">\n<li>Corroflon \u2013\u00a0\u0161\u013c\u016btene \u0137\u012bmijas r\u016bpniec\u012bbai un procesu\u0101lai ra\u017eo\u0161anai<br><\/li>\n<\/ul>\n\n\n\n<div class=\"wp-block-group is-nowrap is-layout-flex wp-container-core-group-is-layout-ad2f72ca wp-block-group-is-layout-flex\">\n<div class=\"wp-block-group is-layout-constrained wp-block-group-is-layout-constrained\">\n<figure class=\"wp-block-image alignleft size-full\"><img loading=\"lazy\" decoding=\"async\" width=\"600\" height=\"239\" src=\"https:\/\/www.tektrade.ee\/lv\/wp-content\/uploads\/sites\/6\/2025\/08\/ResizedImage600239-Corroflon.jpg\" alt=\"\" class=\"wp-image-3017\" srcset=\"https:\/\/www.tektrade.ee\/lv\/wp-content\/uploads\/sites\/6\/2025\/08\/ResizedImage600239-Corroflon.jpg 600w, https:\/\/www.tektrade.ee\/lv\/wp-content\/uploads\/sites\/6\/2025\/08\/ResizedImage600239-Corroflon-300x120.jpg 300w\" sizes=\"auto, (max-width: 600px) 100vw, 600px\" \/><figcaption class=\"wp-element-caption\"><em>Corroflon<\/em><\/figcaption><\/figure>\n<\/div>\n<\/div>\n\n\n\n<p>\u013boti iztur\u012bga \u0161\u013c\u016btene, kas nesametas mezgl\u0101. PTFE rievot\u0101 caurule nodro\u0161ina lielisku elast\u012bbu un iztur\u012bbu.\u00a0<\/p>\n\n\n\n<div class=\"wp-block-file\"><a id=\"wp-block-file--media-b0dfc25b-8199-4f2f-9369-16a5e16b6bf7\" href=\"https:\/\/www.tektrade.ee\/lv\/wp-content\/uploads\/sites\/6\/2025\/08\/corroflon-en.pdf\" target=\"_blank\" rel=\"noreferrer noopener\"><em>Corroflon<\/em>\u00a0produktu katalogs<\/a><\/div>\n\n\n\n<p><\/p>\n\n\n\n<p>Papildus:\u00a0\u00a0<\/p>\n\n\n\n<div class=\"wp-block-file\"><a id=\"wp-block-file--media-0c845040-47b6-4447-a28d-5c430963da7a\" href=\"https:\/\/www.tektrade.ee\/lv\/wp-content\/uploads\/sites\/6\/2025\/08\/corroline-plus-en.pdf\" target=\"_blank\" rel=\"noreferrer noopener\"><em>Corroline<\/em>\u00a0produktu katalogs<\/a><\/div>\n\n\n\n<div class=\"wp-block-file\"><a id=\"wp-block-file--media-c14fba4f-46fb-44af-a123-6bf50b00fbec\" href=\"https:\/\/www.tektrade.ee\/lv\/wp-content\/uploads\/sites\/6\/2025\/08\/hyperline-en.pdf\" target=\"_blank\" rel=\"noreferrer noopener\"><em>Hyperline FX<\/em>\u00a0produktu katalogs<\/a><\/div>\n\n\n\n<div class=\"wp-block-file\"><a id=\"wp-block-file--media-c31a93a2-45df-41ca-98ea-b9d7fd9d8b36\" href=\"https:\/\/www.tektrade.ee\/lv\/wp-content\/uploads\/sites\/6\/2025\/08\/smoothbore-en.pdf\" target=\"_blank\" rel=\"noreferrer noopener\"><em>Smoothbore<\/em>\u00a0produktu katalogs<\/a><\/div>\n\n\n\n<div class=\"wp-block-file\"><a id=\"wp-block-file--media-3f4e9548-d56a-47a9-a3e1-5bcedb9f50d4\" href=\"https:\/\/www.tektrade.ee\/lv\/wp-content\/uploads\/sites\/6\/2025\/08\/visiflon-en.pdf\" target=\"_blank\" rel=\"noreferrer noopener\"><em>Visiflon<\/em>\u00a0produktu katalogs<\/a><\/div>\n\n\n\n<p><\/p>\n","protected":false},"featured_media":0,"parent":2883,"menu_order":53,"template":"","class_list":["post-3003","product","type-product","status-publish","hentry"],"acf":[],"_links":{"self":[{"href":"https:\/\/www.tektrade.ee\/lv\/wp-json\/wp\/v2\/product\/3003","targetHints":{"allow":["GET"]}}],"collection":[{"href":"https:\/\/www.tektrade.ee\/lv\/wp-json\/wp\/v2\/product"}],"about":[{"href":"https:\/\/www.tektrade.ee\/lv\/wp-json\/wp\/v2\/types\/product"}],"version-history":[{"count":5,"href":"https:\/\/www.tektrade.ee\/lv\/wp-json\/wp\/v2\/product\/3003\/revisions"}],"predecessor-version":[{"id":3162,"href":"https:\/\/www.tektrade.ee\/lv\/wp-json\/wp\/v2\/product\/3003\/revisions\/3162"}],"up":[{"embeddable":true,"href":"https:\/\/www.tektrade.ee\/lv\/wp-json\/wp\/v2\/product\/2883"}],"wp:attachment":[{"href":"https:\/\/www.tektrade.ee\/lv\/wp-json\/wp\/v2\/media?parent=3003"}],"curies":[{"name":"wp","href":"https:\/\/api.w.org\/{rel}","templated":true}]}}