{"id":3002,"date":"2025-08-16T13:35:37","date_gmt":"2025-08-16T10:35:37","guid":{"rendered":"https:\/\/www.tektrade.ee\/lv\/?post_type=product&#038;p=3002"},"modified":"2025-08-18T22:30:05","modified_gmt":"2025-08-18T19:30:05","slug":"exmar-316ti-din-savienojumi","status":"publish","type":"product","link":"https:\/\/www.tektrade.ee\/lv\/preces\/caurulvadu-sastavdalas\/savienojumi-slutenes-un-caurules\/exmar-316ti-din-savienojumi\/","title":{"rendered":"EXMAR 316Ti DIN savienojumi"},"content":{"rendered":"\n<div class=\"wp-block-group is-nowrap is-layout-flex wp-container-core-group-is-layout-ad2f72ca wp-block-group-is-layout-flex\">\n<div class=\"wp-block-group is-layout-constrained wp-block-group-is-layout-constrained\">\n<figure class=\"wp-block-image alignleft size-full\"><img loading=\"lazy\" decoding=\"async\" width=\"289\" height=\"300\" src=\"https:\/\/www.tektrade.ee\/lv\/wp-content\/uploads\/sites\/6\/2025\/08\/ResizedImage289300-Exmar.jpeg\" alt=\"\" class=\"wp-image-3011\"\/><figcaption class=\"wp-element-caption\">EXMAR 316Ti Elbow cauru\u013cu savienojums<br><\/figcaption><\/figure>\n<\/div>\n<\/div>\n\n\n\n<div style=\"height:30px\" aria-hidden=\"true\" class=\"wp-block-spacer\"><\/div>\n\n\n\n<p>EXMAR pre\u010du kl\u0101st\u0101 ir sk\u0101bes iztur\u012bgi cauru\u013cu savienojumi no DIN2353 t\u0113rauda.&nbsp;<br>Produktus iedala se\u0161\u0101s kategorij\u0101s:<\/p>\n\n\n\n<p>1. Cauru\u013cu savienojumi ar grie\u017eamiem gredzeniem:<\/p>\n\n\n\n<ul class=\"wp-block-list\">\n<li>materi\u0101ls EN 1.4571;<\/li>\n\n\n\n<li>cauru\u013cu izm\u0113ri 4\u201342 mm;<\/li>\n\n\n\n<li>nomin\u0101lais spiediens l\u012bdz 800 bar;<\/li>\n\n\n\n<li>temperat\u016bras diapazons no \u201360 l\u012bdz +400\u00a0C\u00b0;<\/li>\n<\/ul>\n\n\n\n<p>&nbsp;2. Velm\u0113ti cauru\u013cu savienojumi:<\/p>\n\n\n\n<ul class=\"wp-block-list\">\n<li>materi\u0101ls EN 1.4571;<\/li>\n\n\n\n<li>cauru\u013cu izm\u0113ri 6\u201342 mm;<\/li>\n\n\n\n<li>nomin\u0101lais spiediens l\u012bdz 630 bar;<\/li>\n\n\n\n<li>temperat\u016bras diapazons no \u201360 l\u012bdz +400\u00a0C\u00b0;<\/li>\n<\/ul>\n\n\n\n<p>&nbsp;3. Konusveida cauru\u013cu savienojumi:<\/p>\n\n\n\n<ul class=\"wp-block-list\">\n<li>materi\u0101ls EN 1.4571;<\/li>\n\n\n\n<li>cauru\u013cu izm\u0113ri 6\u201342 mm;<\/li>\n\n\n\n<li>nomin\u0101lais spiediens l\u012bdz 630 bar;<\/li>\n\n\n\n<li>temperat\u016bras diapazons no -20 l\u012bdz +200\u00a0C\u00b0;<\/li>\n<\/ul>\n\n\n\n<p>&nbsp;4. Lodes un adatas v\u0101rsti:<\/p>\n\n\n\n<ul class=\"wp-block-list\">\n<li>materi\u0101ls\u00a0\u2013 augstas kvalit\u0101tes ner\u016bs\u0113jo\u0161s sakaus\u0113jums;<\/li>\n\n\n\n<li>cauru\u013cu izm\u0113ri 6\u201342 mm un \u00bc\u201d- 2\u201d;<\/li>\n\n\n\n<li>nomin\u0101lais spiediens l\u012bdz 600 bar;<\/li>\n<\/ul>\n\n\n\n<p>&nbsp;5. NC&nbsp;sp\u012b\u013cgredzena cauru\u013cu savienojumi:<\/p>\n\n\n\n<ul class=\"wp-block-list\">\n<li>materi\u0101ls EN 1.4571;<\/li>\n\n\n\n<li>cauru\u013cu izm\u0113ri 6-25 mm;<\/li>\n\n\n\n<li>nomin\u0101lais spiediens l\u012bdz 500 bar;<\/li>\n\n\n\n<li>temperat\u016bras diapazons no \u201360 l\u012bdz +400\u00a0C\u00b0;<\/li>\n\n\n\n<li>uzgrie\u017e\u0146u iek\u0161puse ir p\u0101rkl\u0101ta ar sudrabu \u0101trai un vieglai uzst\u0101d\u012b\u0161anai;<\/li>\n<\/ul>\n\n\n\n<p>&nbsp;6. Exmar \u0161\u013c\u016bte\u0146u uzmavas:<\/p>\n\n\n\n<ul class=\"wp-block-list\">\n<li>materi\u0101ls EN 1.4571;<\/li>\n\n\n\n<li>augstspiediena vid\u0113m;<\/li>\n\n\n\n<li>hidrauliskaj\u0101m \u0161\u013c\u016bten\u0113m.\u00a0<\/li>\n<\/ul>\n","protected":false},"featured_media":0,"parent":2883,"menu_order":52,"template":"","class_list":["post-3002","product","type-product","status-publish","hentry"],"acf":[],"_links":{"self":[{"href":"https:\/\/www.tektrade.ee\/lv\/wp-json\/wp\/v2\/product\/3002","targetHints":{"allow":["GET"]}}],"collection":[{"href":"https:\/\/www.tektrade.ee\/lv\/wp-json\/wp\/v2\/product"}],"about":[{"href":"https:\/\/www.tektrade.ee\/lv\/wp-json\/wp\/v2\/types\/product"}],"version-history":[{"count":2,"href":"https:\/\/www.tektrade.ee\/lv\/wp-json\/wp\/v2\/product\/3002\/revisions"}],"predecessor-version":[{"id":3160,"href":"https:\/\/www.tektrade.ee\/lv\/wp-json\/wp\/v2\/product\/3002\/revisions\/3160"}],"up":[{"embeddable":true,"href":"https:\/\/www.tektrade.ee\/lv\/wp-json\/wp\/v2\/product\/2883"}],"wp:attachment":[{"href":"https:\/\/www.tektrade.ee\/lv\/wp-json\/wp\/v2\/media?parent=3002"}],"curies":[{"name":"wp","href":"https:\/\/api.w.org\/{rel}","templated":true}]}}