{"id":3001,"date":"2025-08-16T13:34:58","date_gmt":"2025-08-16T10:34:58","guid":{"rendered":"https:\/\/www.tektrade.ee\/lv\/?post_type=product&#038;p=3001"},"modified":"2025-08-18T22:29:35","modified_gmt":"2025-08-18T19:29:35","slug":"serto-radialie-savienojumi","status":"publish","type":"product","link":"https:\/\/www.tektrade.ee\/lv\/preces\/caurulvadu-sastavdalas\/savienojumi-slutenes-un-caurules\/serto-radialie-savienojumi\/","title":{"rendered":"SERTO radi\u0101lie savienojumi"},"content":{"rendered":"\n<p>SERTO ra\u017eo unik\u0101lus radi\u0101los savienojumus no ner\u016bs\u0113jo\u0161\u0101 t\u0113rauda, oglek\u013ca t\u0113rauda, misi\u0146a un PVDF\/PA plastmas\u0101m.<br><br><a  href=\"https:\/\/www.serto.com\/en\/products\/your-benefits\/\"  target=\"_blank\" rel=\"noreferrer noopener\" target=\"_blank\">https:\/\/www.serto.com\/en\/products\/your-benefits\/<\/a><\/p>\n\n\n\n<p>\u012apa\u0161\u012bbas: &nbsp; &nbsp; &nbsp; &nbsp; &nbsp; &nbsp; &nbsp; &nbsp; &nbsp; &nbsp; &nbsp; &nbsp; &nbsp; &nbsp;&nbsp;<\/p>\n\n\n\n<p>1. Radi\u0101l\u0101 demont\u0101\u017ea<\/p>\n\n\n\n<div class=\"wp-block-group is-nowrap is-layout-flex wp-container-core-group-is-layout-ad2f72ca wp-block-group-is-layout-flex\">\n<div class=\"wp-block-group is-layout-constrained wp-block-group-is-layout-constrained\">\n<figure class=\"wp-block-image alignleft size-full\"><img loading=\"lazy\" decoding=\"async\" width=\"300\" height=\"120\" src=\"https:\/\/www.tektrade.ee\/lv\/wp-content\/uploads\/sites\/6\/2025\/08\/ResizedImage300120-Radiaalne-demonteerimine.jpg\" alt=\"\" class=\"wp-image-3005\"\/><figcaption class=\"wp-element-caption\">Radi\u0101l\u0101 demont\u0101\u017ea<br><\/figcaption><\/figure>\n<\/div>\n<\/div>\n\n\n\n<div style=\"height:30px\" aria-hidden=\"true\" class=\"wp-block-spacer\"><\/div>\n\n\n\n<p>Demont\u0101\u017ea neboj\u0101 savienojumu savienojuma vietas, t\u0101 ietaupot laiku un naudu, jo savienojumus un caurules nav j\u0101nomaina.<br>Cauru\u013cu uzst\u0101d\u012b\u0161an\u0101 t\u0101s netiek izliektas vai noslogotas, kas samazina demont\u0101\u017eu laiku.<\/p>\n\n\n\n<p>2. Vienk\u0101r\u0161a uzst\u0101d\u012b\u0161ana<\/p>\n\n\n\n<div class=\"wp-block-group is-nowrap is-layout-flex wp-container-core-group-is-layout-ad2f72ca wp-block-group-is-layout-flex\">\n<div class=\"wp-block-group is-layout-constrained wp-block-group-is-layout-constrained\">\n<figure class=\"wp-block-image alignleft size-full\"><img loading=\"lazy\" decoding=\"async\" width=\"300\" height=\"300\" src=\"https:\/\/www.tektrade.ee\/lv\/wp-content\/uploads\/sites\/6\/2025\/08\/ResizedImage300300-Paigalduse-jarjekord-ei-ole-oluline.jpg\" alt=\"\" class=\"wp-image-3006\" srcset=\"https:\/\/www.tektrade.ee\/lv\/wp-content\/uploads\/sites\/6\/2025\/08\/ResizedImage300300-Paigalduse-jarjekord-ei-ole-oluline.jpg 300w, https:\/\/www.tektrade.ee\/lv\/wp-content\/uploads\/sites\/6\/2025\/08\/ResizedImage300300-Paigalduse-jarjekord-ei-ole-oluline-150x150.jpg 150w, https:\/\/www.tektrade.ee\/lv\/wp-content\/uploads\/sites\/6\/2025\/08\/ResizedImage300300-Paigalduse-jarjekord-ei-ole-oluline-100x100.jpg 100w, https:\/\/www.tektrade.ee\/lv\/wp-content\/uploads\/sites\/6\/2025\/08\/ResizedImage300300-Paigalduse-jarjekord-ei-ole-oluline-280x280.jpg 280w\" sizes=\"auto, (max-width: 300px) 100vw, 300px\" \/><figcaption class=\"wp-element-caption\">Uzst\u0101d\u012b\u0161anas sec\u012bbai nav noz\u012bmes<br><\/figcaption><\/figure>\n<\/div>\n<\/div>\n\n\n\n<div style=\"height:30px\" aria-hidden=\"true\" class=\"wp-block-spacer\"><\/div>\n\n\n\n<p>Maz\u0101kas izmaksas&nbsp;\u2013 uzst\u0101d\u012b\u0161anai nav nepiecie\u0161ami speci\u0101li instrumenti.<br>Darbn\u012bc\u0101 ir iesp\u0113jams veikt iepriek\u0161\u0113ju mont\u0101\u017eu, lai v\u0113l\u0101k\u0101 uzst\u0101d\u012b\u0161ana b\u016btu \u0101tra un vienk\u0101r\u0161a.<br>Cauru\u013cu sast\u0101vda\u013cu uzst\u0101d\u012b\u0161anas k\u0101rt\u012bba nav svar\u012bga&nbsp;\u2013 tas atvieglo mont\u0101\u017eas procesu.&nbsp;<\/p>\n\n\n\n<p>3. Savienojums bez bl\u012bv\u0113juma starp cauruli un savienojumu<\/p>\n\n\n\n<div class=\"wp-block-group is-nowrap is-layout-flex wp-container-core-group-is-layout-ad2f72ca wp-block-group-is-layout-flex\">\n<div class=\"wp-block-group is-layout-constrained wp-block-group-is-layout-constrained\">\n<figure class=\"wp-block-image alignleft size-full\"><img loading=\"lazy\" decoding=\"async\" width=\"300\" height=\"300\" src=\"https:\/\/www.tektrade.ee\/lv\/wp-content\/uploads\/sites\/6\/2025\/08\/ResizedImage300300-Tihendivaba-uhendus.jpg\" alt=\"\" class=\"wp-image-3007\" srcset=\"https:\/\/www.tektrade.ee\/lv\/wp-content\/uploads\/sites\/6\/2025\/08\/ResizedImage300300-Tihendivaba-uhendus.jpg 300w, https:\/\/www.tektrade.ee\/lv\/wp-content\/uploads\/sites\/6\/2025\/08\/ResizedImage300300-Tihendivaba-uhendus-150x150.jpg 150w, https:\/\/www.tektrade.ee\/lv\/wp-content\/uploads\/sites\/6\/2025\/08\/ResizedImage300300-Tihendivaba-uhendus-100x100.jpg 100w, https:\/\/www.tektrade.ee\/lv\/wp-content\/uploads\/sites\/6\/2025\/08\/ResizedImage300300-Tihendivaba-uhendus-280x280.jpg 280w\" sizes=\"auto, (max-width: 300px) 100vw, 300px\" \/><figcaption class=\"wp-element-caption\">Savienojums bez bl\u012bv\u0113juma<br><\/figcaption><\/figure>\n<\/div>\n<\/div>\n\n\n\n<div style=\"height:30px\" aria-hidden=\"true\" class=\"wp-block-spacer\"><\/div>\n\n\n\n<p>Nov\u0113r\u0161 O-gredzenu un citu bl\u012bv\u0113jumu nodiluma probl\u0113mas, jo netiek izmantoti bl\u012bv\u0113jumi, un t\u0101d\u0113\u013c nav ar\u012b uztur\u0113\u0161anas izmaksu.<\/p>\n\n\n\n<p>4. Saspie\u017eami met\u0101la uzga\u013ci<\/p>\n\n\n\n<div class=\"wp-block-group is-nowrap is-layout-flex wp-container-core-group-is-layout-ad2f72ca wp-block-group-is-layout-flex\">\n<div class=\"wp-block-group is-layout-constrained wp-block-group-is-layout-constrained\">\n<figure class=\"wp-block-image alignleft size-full\"><img loading=\"lazy\" decoding=\"async\" width=\"300\" height=\"300\" src=\"https:\/\/www.tektrade.ee\/lv\/wp-content\/uploads\/sites\/6\/2025\/08\/ResizedImage300300-Serto-uhendus.jpg\" alt=\"\" class=\"wp-image-3008\" srcset=\"https:\/\/www.tektrade.ee\/lv\/wp-content\/uploads\/sites\/6\/2025\/08\/ResizedImage300300-Serto-uhendus.jpg 300w, https:\/\/www.tektrade.ee\/lv\/wp-content\/uploads\/sites\/6\/2025\/08\/ResizedImage300300-Serto-uhendus-150x150.jpg 150w, https:\/\/www.tektrade.ee\/lv\/wp-content\/uploads\/sites\/6\/2025\/08\/ResizedImage300300-Serto-uhendus-100x100.jpg 100w, https:\/\/www.tektrade.ee\/lv\/wp-content\/uploads\/sites\/6\/2025\/08\/ResizedImage300300-Serto-uhendus-280x280.jpg 280w\" sizes=\"auto, (max-width: 300px) 100vw, 300px\" \/><figcaption class=\"wp-element-caption\">Serto savienojums<br><\/figcaption><\/figure>\n<\/div>\n<\/div>\n\n\n\n<div style=\"height:30px\" aria-hidden=\"true\" class=\"wp-block-spacer\"><\/div>\n\n\n\n<p>Met\u0101la uzgalis neatst\u0101j caurul\u0113 robus, t\u0101d\u0113\u013c var izmantot caurules ar pl\u0101n\u0101k\u0101m sieni\u0146\u0101m. Tas ietaupa izmaksas un samazina kop\u0113jo svaru.<br><br>Iztur\u012bgi pret vibr\u0101ciju&nbsp;\u2013 samazina d\u012bkst\u0101vi.<br>Met\u0101la uzga\u013cus var uzst\u0101d\u012bt uz plastmasas caurul\u0113m. Tas ietaupa laiku un darbasp\u0113ka izmaksas, kas tiktu pat\u0113r\u0113tas met\u0101la cauru\u013cu liek\u0161anai.<\/p>\n\n\n\n<p>5. Modu\u013cu sist\u0113ma<\/p>\n\n\n\n<div class=\"wp-block-group is-nowrap is-layout-flex wp-container-core-group-is-layout-ad2f72ca wp-block-group-is-layout-flex\">\n<div class=\"wp-block-group is-layout-constrained wp-block-group-is-layout-constrained\">\n<figure class=\"wp-block-image alignleft size-full\"><img loading=\"lazy\" decoding=\"async\" width=\"300\" height=\"131\" src=\"https:\/\/www.tektrade.ee\/lv\/wp-content\/uploads\/sites\/6\/2025\/08\/ResizedImage300131-Modular-susteem.jpg\" alt=\"\" class=\"wp-image-3009\"\/><figcaption class=\"wp-element-caption\"><em>Modu\u013cu sist\u0113ma<br><\/em><\/figcaption><\/figure>\n<\/div>\n<\/div>\n\n\n\n<div style=\"height:30px\" aria-hidden=\"true\" class=\"wp-block-spacer\"><\/div>\n\n\n\n<p>\u013bauj savienot caurules ar at\u0161\u0137ir\u012bgu diametru, riev\u0101m un izm\u0113riem&nbsp;\u2013 samazina izmantojamo savienojumu daudzumu, sa\u012bsina mont\u0101\u017eas laiku un izmaksas.<\/p>\n\n\n\n<p>6. Cad-online datu b\u0101ze<br>STEP failu lejupiel\u0101de no Cad-online datu b\u0101zes \u2013 atvieglo cauru\u013cu projekt\u0113\u0161anu.<\/p>\n\n\n\n<p><a  href=\"http:\/\/serto.partcommunity.com\/3d-cad-models\/\"  target=\"_blank\" rel=\"noreferrer noopener\" target=\"_blank\">\u00abCad-online&#8221; datu b\u0101ze<\/a><\/p>\n\n\n\n<p><a  href=\"https:\/\/www.serto.com\/en\/service\/media\/catalog\/\"  target=\"_blank\" rel=\"noreferrer noopener\" target=\"_blank\">&#8220;SERTO-online&#8221; katalogs<\/a><\/p>\n","protected":false},"featured_media":0,"parent":2883,"menu_order":51,"template":"","class_list":["post-3001","product","type-product","status-publish","hentry"],"acf":[],"_links":{"self":[{"href":"https:\/\/www.tektrade.ee\/lv\/wp-json\/wp\/v2\/product\/3001","targetHints":{"allow":["GET"]}}],"collection":[{"href":"https:\/\/www.tektrade.ee\/lv\/wp-json\/wp\/v2\/product"}],"about":[{"href":"https:\/\/www.tektrade.ee\/lv\/wp-json\/wp\/v2\/types\/product"}],"version-history":[{"count":2,"href":"https:\/\/www.tektrade.ee\/lv\/wp-json\/wp\/v2\/product\/3001\/revisions"}],"predecessor-version":[{"id":3159,"href":"https:\/\/www.tektrade.ee\/lv\/wp-json\/wp\/v2\/product\/3001\/revisions\/3159"}],"up":[{"embeddable":true,"href":"https:\/\/www.tektrade.ee\/lv\/wp-json\/wp\/v2\/product\/2883"}],"wp:attachment":[{"href":"https:\/\/www.tektrade.ee\/lv\/wp-json\/wp\/v2\/media?parent=3001"}],"curies":[{"name":"wp","href":"https:\/\/api.w.org\/{rel}","templated":true}]}}