{"id":2937,"date":"2025-08-16T13:24:52","date_gmt":"2025-08-16T10:24:52","guid":{"rendered":"https:\/\/www.tektrade.ee\/lv\/?post_type=product&#038;p=2937"},"modified":"2025-08-18T22:26:01","modified_gmt":"2025-08-18T19:26:01","slug":"demontazas-savienojumi","status":"publish","type":"product","link":"https:\/\/www.tektrade.ee\/lv\/preces\/caurulvadu-sastavdalas\/varsti-aizbidni-ventili-skidrumiem-un-gazem\/demontazas-savienojumi\/","title":{"rendered":"Demont\u0101\u017eas savienojumi"},"content":{"rendered":"\n<p>Demont\u0101\u017eas savienojumus izmanto caurul\u0113s kop\u0101 ar v\u0101rstiem taj\u0101s viet\u0101s, kur laiku pa laikam nepiecie\u0161ams nomain\u012bt ier\u012bces, neaizvietojot caurules.<\/p>\n\n\n\n<p>\u010cuguna demont\u0101\u017eas savienojumi DN50-2000 mm, PN10-16 b\u0101ri&nbsp;<\/p>\n\n\n\n<div style=\"height:30px\" aria-hidden=\"true\" class=\"wp-block-spacer\"><\/div>\n\n\n\n<div class=\"wp-block-group is-nowrap is-layout-flex wp-container-core-group-is-layout-ad2f72ca wp-block-group-is-layout-flex\">\n<div class=\"wp-block-group is-layout-constrained wp-block-group-is-layout-constrained\">\n<figure class=\"wp-block-image alignleft size-full\"><img loading=\"lazy\" decoding=\"async\" width=\"275\" height=\"163\" src=\"https:\/\/www.tektrade.ee\/lv\/wp-content\/uploads\/sites\/6\/2025\/08\/vahetusliitmikud1.png\" alt=\"\" class=\"wp-image-2976\"\/><\/figure>\n<\/div>\n<\/div>\n\n\n\n<div style=\"height:30px\" aria-hidden=\"true\" class=\"wp-block-spacer\"><\/div>\n\n\n\n<p>\u010cuguna demont\u0101\u017eas savienojumi, DN80-2000 mm, PN25-40 b\u0101ri<\/p>\n\n\n\n<div class=\"wp-block-group is-nowrap is-layout-flex wp-container-core-group-is-layout-ad2f72ca wp-block-group-is-layout-flex\">\n<div class=\"wp-block-group is-layout-constrained wp-block-group-is-layout-constrained\">\n<figure class=\"wp-block-image alignleft size-full\"><img loading=\"lazy\" decoding=\"async\" width=\"250\" height=\"313\" src=\"https:\/\/www.tektrade.ee\/lv\/wp-content\/uploads\/sites\/6\/2025\/08\/vahetusliitmikud2.png\" alt=\"\" class=\"wp-image-2977\" srcset=\"https:\/\/www.tektrade.ee\/lv\/wp-content\/uploads\/sites\/6\/2025\/08\/vahetusliitmikud2.png 250w, https:\/\/www.tektrade.ee\/lv\/wp-content\/uploads\/sites\/6\/2025\/08\/vahetusliitmikud2-240x300.png 240w\" sizes=\"auto, (max-width: 250px) 100vw, 250px\" \/><\/figure>\n<\/div>\n<\/div>\n\n\n\n<div style=\"height:30px\" aria-hidden=\"true\" class=\"wp-block-spacer\"><\/div>\n\n\n\n<p>Ner\u016bs\u0113jo\u0161\u0101 t\u0113rauda&nbsp;demont\u0101\u017eas savienojumi, DN50-1000 mm, PN10-25 b\u0101ri<\/p>\n\n\n\n<div class=\"wp-block-group is-nowrap is-layout-flex wp-container-core-group-is-layout-ad2f72ca wp-block-group-is-layout-flex\">\n<div class=\"wp-block-group is-layout-constrained wp-block-group-is-layout-constrained\">\n<figure class=\"wp-block-image alignleft size-full\"><img loading=\"lazy\" decoding=\"async\" width=\"235\" height=\"235\" src=\"https:\/\/www.tektrade.ee\/lv\/wp-content\/uploads\/sites\/6\/2025\/08\/vahetusliitmikud3.png\" alt=\"\" class=\"wp-image-2978\" srcset=\"https:\/\/www.tektrade.ee\/lv\/wp-content\/uploads\/sites\/6\/2025\/08\/vahetusliitmikud3.png 235w, https:\/\/www.tektrade.ee\/lv\/wp-content\/uploads\/sites\/6\/2025\/08\/vahetusliitmikud3-150x150.png 150w, https:\/\/www.tektrade.ee\/lv\/wp-content\/uploads\/sites\/6\/2025\/08\/vahetusliitmikud3-100x100.png 100w\" sizes=\"auto, (max-width: 235px) 100vw, 235px\" \/><\/figure>\n<\/div>\n<\/div>\n\n\n\n<div style=\"height:30px\" aria-hidden=\"true\" class=\"wp-block-spacer\"><\/div>\n\n\n\n<div class=\"wp-block-file\"><a id=\"wp-block-file--media-07d85d6a-5dfd-4307-8b67-b261410564e4\" href=\"https:\/\/www.tektrade.ee\/lv\/wp-content\/uploads\/sites\/6\/2025\/08\/VALVES-TEKTRADE-2020-1.pdf\" target=\"_blank\" rel=\"noreferrer noopener\">V\u0101rstu visp\u0101r\u0113jais katalogs.pdf\u00a0\u00a0<\/a><\/div>\n\n\n\n<p><\/p>\n","protected":false},"featured_media":0,"parent":2881,"menu_order":48,"template":"","class_list":["post-2937","product","type-product","status-publish","hentry"],"acf":[],"_links":{"self":[{"href":"https:\/\/www.tektrade.ee\/lv\/wp-json\/wp\/v2\/product\/2937","targetHints":{"allow":["GET"]}}],"collection":[{"href":"https:\/\/www.tektrade.ee\/lv\/wp-json\/wp\/v2\/product"}],"about":[{"href":"https:\/\/www.tektrade.ee\/lv\/wp-json\/wp\/v2\/types\/product"}],"version-history":[{"count":2,"href":"https:\/\/www.tektrade.ee\/lv\/wp-json\/wp\/v2\/product\/2937\/revisions"}],"predecessor-version":[{"id":3155,"href":"https:\/\/www.tektrade.ee\/lv\/wp-json\/wp\/v2\/product\/2937\/revisions\/3155"}],"up":[{"embeddable":true,"href":"https:\/\/www.tektrade.ee\/lv\/wp-json\/wp\/v2\/product\/2881"}],"wp:attachment":[{"href":"https:\/\/www.tektrade.ee\/lv\/wp-json\/wp\/v2\/media?parent=2937"}],"curies":[{"name":"wp","href":"https:\/\/api.w.org\/{rel}","templated":true}]}}