{"id":2936,"date":"2025-08-16T13:22:37","date_gmt":"2025-08-16T10:22:37","guid":{"rendered":"https:\/\/www.tektrade.ee\/lv\/?post_type=product&#038;p=2936"},"modified":"2025-08-18T22:24:36","modified_gmt":"2025-08-18T19:24:36","slug":"varsti","status":"publish","type":"product","link":"https:\/\/www.tektrade.ee\/lv\/preces\/caurulvadu-sastavdalas\/varsti-aizbidni-ventili-skidrumiem-un-gazem\/varsti\/","title":{"rendered":"V\u0101rsti"},"content":{"rendered":"\n<p><strong>Aizb\u012bd\u0146u v\u0101rsti<\/strong><\/p>\n\n\n\n<p>\u0136\u012b\u013cveida aizb\u012bd\u0146u v\u0101rsti&nbsp;&nbsp;<\/p>\n\n\n\n<div class=\"wp-block-group is-nowrap is-layout-flex wp-container-core-group-is-layout-ad2f72ca wp-block-group-is-layout-flex\">\n<div class=\"wp-block-group is-layout-constrained wp-block-group-is-layout-constrained\">\n<figure class=\"wp-block-image alignleft size-full\"><img loading=\"lazy\" decoding=\"async\" width=\"141\" height=\"244\" src=\"https:\/\/www.tektrade.ee\/lv\/wp-content\/uploads\/sites\/6\/2025\/08\/siiberventiilid1.png\" alt=\"\" class=\"wp-image-2959\"\/><\/figure>\n<\/div>\n<\/div>\n\n\n\n<div style=\"height:30px\" aria-hidden=\"true\" class=\"wp-block-spacer\"><\/div>\n\n\n\n<p>Asmens na\u017eu aizb\u012bd\u0146a v\u0101rsti<\/p>\n\n\n\n<div class=\"wp-block-group is-nowrap is-layout-flex wp-container-core-group-is-layout-ad2f72ca wp-block-group-is-layout-flex\">\n<div class=\"wp-block-group is-layout-constrained wp-block-group-is-layout-constrained\">\n<figure class=\"wp-block-image alignleft size-full\"><img loading=\"lazy\" decoding=\"async\" width=\"406\" height=\"300\" src=\"https:\/\/www.tektrade.ee\/lv\/wp-content\/uploads\/sites\/6\/2025\/08\/ResizedImage406300-siiberventiilid4.png\" alt=\"\" class=\"wp-image-2960\" srcset=\"https:\/\/www.tektrade.ee\/lv\/wp-content\/uploads\/sites\/6\/2025\/08\/ResizedImage406300-siiberventiilid4.png 406w, https:\/\/www.tektrade.ee\/lv\/wp-content\/uploads\/sites\/6\/2025\/08\/ResizedImage406300-siiberventiilid4-300x222.png 300w\" sizes=\"auto, (max-width: 406px) 100vw, 406px\" \/><\/figure>\n<\/div>\n<\/div>\n\n\n\n<p><strong>Tauri\u0146u jeb diskveida v\u0101rsti<\/strong><\/p>\n\n\n\n<div class=\"wp-block-group is-layout-grid wp-container-core-group-is-layout-baef362d wp-block-group-is-layout-grid\">\n<div class=\"wp-block-group is-content-justification-left is-layout-constrained wp-container-core-group-is-layout-8c890d92 wp-block-group-is-layout-constrained\">\n<figure class=\"wp-block-image aligncenter size-full\"><img loading=\"lazy\" decoding=\"async\" width=\"200\" height=\"249\" src=\"https:\/\/www.tektrade.ee\/lv\/wp-content\/uploads\/sites\/6\/2025\/08\/ResizedImage200249-liblikventiilid2.png\" alt=\"\" class=\"wp-image-2961\"\/><\/figure>\n<\/div>\n\n\n\n<div class=\"wp-block-group is-layout-constrained wp-block-group-is-layout-constrained\">\n<figure class=\"wp-block-image aligncenter size-full\"><img loading=\"lazy\" decoding=\"async\" width=\"200\" height=\"249\" src=\"https:\/\/www.tektrade.ee\/lv\/wp-content\/uploads\/sites\/6\/2025\/08\/liblikventiilid4.png\" alt=\"\" class=\"wp-image-2962\"\/><\/figure>\n<\/div>\n<\/div>\n\n\n\n<p><strong><strong>Sedlu\u00a0veida v\u0101rsti<\/strong><\/strong><\/p>\n\n\n\n<div class=\"wp-block-group is-nowrap is-layout-flex wp-container-core-group-is-layout-ad2f72ca wp-block-group-is-layout-flex\">\n<div class=\"wp-block-group is-layout-constrained wp-block-group-is-layout-constrained\">\n<figure class=\"wp-block-image alignleft size-full\"><img loading=\"lazy\" decoding=\"async\" width=\"201\" height=\"250\" src=\"https:\/\/www.tektrade.ee\/lv\/wp-content\/uploads\/sites\/6\/2025\/08\/ResizedImage201250-sadulventiilid1.png\" alt=\"\" class=\"wp-image-2963\"\/><\/figure>\n<\/div>\n<\/div>\n\n\n\n<p><strong><strong>Lodveida v\u0101rsti<\/strong><\/strong><\/p>\n\n\n\n<div class=\"wp-block-group is-nowrap is-layout-flex wp-container-core-group-is-layout-ad2f72ca wp-block-group-is-layout-flex\">\n<div class=\"wp-block-group is-layout-constrained wp-block-group-is-layout-constrained\">\n<figure class=\"wp-block-image alignleft size-full\"><img loading=\"lazy\" decoding=\"async\" width=\"253\" height=\"180\" src=\"https:\/\/www.tektrade.ee\/lv\/wp-content\/uploads\/sites\/6\/2025\/08\/kuulventiilid2.png\" alt=\"\" class=\"wp-image-2964\"\/><\/figure>\n<\/div>\n<\/div>\n\n\n\n<p><strong><strong>Adatas tipa v\u0101rsti<\/strong><\/strong><\/p>\n\n\n\n<div class=\"wp-block-group is-nowrap is-layout-flex wp-container-core-group-is-layout-ad2f72ca wp-block-group-is-layout-flex\">\n<div class=\"wp-block-group is-layout-constrained wp-block-group-is-layout-constrained\">\n<figure class=\"wp-block-image alignleft size-full\"><img loading=\"lazy\" decoding=\"async\" width=\"218\" height=\"176\" src=\"https:\/\/www.tektrade.ee\/lv\/wp-content\/uploads\/sites\/6\/2025\/08\/noelventiilid1.png\" alt=\"\" class=\"wp-image-2965\"\/><\/figure>\n<\/div>\n<\/div>\n\n\n\n<div style=\"height:30px\" aria-hidden=\"true\" class=\"wp-block-spacer\"><\/div>\n\n\n\n<p><strong>Regul\u0101cijasv\u0101rsti<\/strong><\/p>\n\n\n\n<p>Schuf regul\u0101cijas v\u0101rsti \u0137\u012bmijas, naftas \u0137\u012bmijas un farm\u0101cijas ra\u017eotn\u0113m<\/p>\n\n\n\n<div class=\"wp-block-group is-nowrap is-layout-flex wp-container-core-group-is-layout-ad2f72ca wp-block-group-is-layout-flex\">\n<div class=\"wp-block-group is-layout-constrained wp-block-group-is-layout-constrained\">\n<figure class=\"wp-block-image alignleft size-full\"><img loading=\"lazy\" decoding=\"async\" width=\"419\" height=\"300\" src=\"https:\/\/www.tektrade.ee\/lv\/wp-content\/uploads\/sites\/6\/2025\/08\/ResizedImage419300-reguleerventiilid1.png\" alt=\"\" class=\"wp-image-2966\" srcset=\"https:\/\/www.tektrade.ee\/lv\/wp-content\/uploads\/sites\/6\/2025\/08\/ResizedImage419300-reguleerventiilid1.png 419w, https:\/\/www.tektrade.ee\/lv\/wp-content\/uploads\/sites\/6\/2025\/08\/ResizedImage419300-reguleerventiilid1-300x215.png 300w\" sizes=\"auto, (max-width: 419px) 100vw, 419px\" \/><\/figure>\n<\/div>\n<\/div>\n\n\n\n<div style=\"height:30px\" aria-hidden=\"true\" class=\"wp-block-spacer\"><\/div>\n\n\n\n<p><strong>Autom\u0101tiskie recirkul\u0101cijas v\u0101rsti<\/strong><\/p>\n\n\n\n<p>Schuf autom\u0101tiskie recirkul\u0101cijas v\u0101rsti&nbsp;<\/p>\n\n\n\n<div class=\"wp-block-group is-nowrap is-layout-flex wp-container-core-group-is-layout-ad2f72ca wp-block-group-is-layout-flex\">\n<div class=\"wp-block-group is-layout-constrained wp-block-group-is-layout-constrained\">\n<figure class=\"wp-block-image alignleft size-full\"><img loading=\"lazy\" decoding=\"async\" width=\"280\" height=\"300\" src=\"https:\/\/www.tektrade.ee\/lv\/wp-content\/uploads\/sites\/6\/2025\/08\/ResizedImage280300-automaatsed-ringlusventiilid1.png\" alt=\"\" class=\"wp-image-2967\"\/><\/figure>\n<\/div>\n<\/div>\n\n\n\n<div style=\"height:30px\" aria-hidden=\"true\" class=\"wp-block-spacer\"><\/div>\n\n\n\n<p><strong>Pludi\u0146v\u0101rsti<\/strong><\/p>\n\n\n\n<div class=\"wp-block-group is-nowrap is-layout-flex wp-container-core-group-is-layout-ad2f72ca wp-block-group-is-layout-flex\">\n<div class=\"wp-block-group is-layout-constrained wp-block-group-is-layout-constrained\">\n<figure class=\"wp-block-image alignleft size-full\"><img loading=\"lazy\" decoding=\"async\" width=\"165\" height=\"165\" src=\"https:\/\/www.tektrade.ee\/lv\/wp-content\/uploads\/sites\/6\/2025\/08\/ujukventiilid2.png\" alt=\"\" class=\"wp-image-2968\" srcset=\"https:\/\/www.tektrade.ee\/lv\/wp-content\/uploads\/sites\/6\/2025\/08\/ujukventiilid2.png 165w, https:\/\/www.tektrade.ee\/lv\/wp-content\/uploads\/sites\/6\/2025\/08\/ujukventiilid2-150x150.png 150w, https:\/\/www.tektrade.ee\/lv\/wp-content\/uploads\/sites\/6\/2025\/08\/ujukventiilid2-100x100.png 100w\" sizes=\"auto, (max-width: 165px) 100vw, 165px\" \/><\/figure>\n<\/div>\n<\/div>\n\n\n\n<div style=\"height:30px\" aria-hidden=\"true\" class=\"wp-block-spacer\"><\/div>\n\n\n\n<p><strong>Sl\u0113gv\u0101rsti<\/strong><\/p>\n\n\n\n<p>Schuf pagrie\u017eamie sl\u0113gv\u0101rsti<\/p>\n\n\n\n<div class=\"wp-block-group is-nowrap is-layout-flex wp-container-core-group-is-layout-ad2f72ca wp-block-group-is-layout-flex\">\n<div class=\"wp-block-group is-layout-constrained wp-block-group-is-layout-constrained\">\n<figure class=\"wp-block-image alignleft size-full\"><img loading=\"lazy\" decoding=\"async\" width=\"297\" height=\"266\" src=\"https:\/\/www.tektrade.ee\/lv\/wp-content\/uploads\/sites\/6\/2025\/08\/sulgventiilid2.png\" alt=\"\" class=\"wp-image-2969\"\/><\/figure>\n<\/div>\n<\/div>\n\n\n\n<p>Schuf grie\u017eamie \u0101trie sl\u0113gv\u0101rsti video:<br><a  href=\"https:\/\/www.youtube.com\/watch?time_continue=3&amp;v=8xacAOJ8k_E\"  target=\"_blank\" rel=\"noreferrer noopener\" target=\"_blank\">https:\/\/www.youtube.com\/watch?time_continue=3&amp;v=8xacAOJ8k_E<\/a><\/p>\n\n\n\n<p>Video ar Schuf \u0101tro sl\u0113gv\u0101rstu:<\/p>\n\n\n\n<p>1.&nbsp;<a  href=\"https:\/\/www.youtube.com\/watch?time_continue=5&amp;v=xY5br3cvKrU\"  target=\"_blank\" rel=\"noreferrer noopener\" target=\"_blank\">https:\/\/www.youtube.com\/watch?time_continue=5&amp;v=xY5br3cvKrU<\/a><br>2.&nbsp;<a  href=\"https:\/\/www.youtube.com\/watch?v=PXK4tvYosOc\"  target=\"_blank\" rel=\"noreferrer noopener\" target=\"_blank\">https:\/\/www.youtube.com\/watch?v=PXK4tvYosOc<\/a>&nbsp;<\/p>\n\n\n\n<p>Schuf dubultie aizsargv\u0101rsti<\/p>\n\n\n\n<div class=\"wp-block-group is-nowrap is-layout-flex wp-container-core-group-is-layout-ad2f72ca wp-block-group-is-layout-flex\">\n<div class=\"wp-block-group is-layout-constrained wp-block-group-is-layout-constrained\">\n<figure class=\"wp-block-image alignleft size-full\"><img loading=\"lazy\" decoding=\"async\" width=\"298\" height=\"218\" src=\"https:\/\/www.tektrade.ee\/lv\/wp-content\/uploads\/sites\/6\/2025\/08\/lulitusventiilid1.png\" alt=\"\" class=\"wp-image-2970\"\/><\/figure>\n<\/div>\n<\/div>\n\n\n\n<div style=\"height:30px\" aria-hidden=\"true\" class=\"wp-block-spacer\"><\/div>\n\n\n\n<p><strong><strong>KATALOGI<\/strong><\/strong><\/p>\n\n\n\n<div class=\"wp-block-file\"><a id=\"wp-block-file--media-e058064b-6409-4e26-abc4-f485b0e60f27\" href=\"https:\/\/www.tektrade.ee\/lv\/wp-content\/uploads\/sites\/6\/2025\/08\/SchuF-Cam-Set-Stacey-brochure.pdf\" target=\"_blank\" rel=\"noreferrer noopener\">Schuf \u0101tro sl\u0113gv\u0101rstu katalogs ang\u013cu val.pdf<\/a><\/div>\n\n\n\n<div class=\"wp-block-file\"><a id=\"wp-block-file--media-39494222-e2cb-4d04-9e83-ed20c7b1fc75\" href=\"https:\/\/www.tektrade.ee\/lv\/wp-content\/uploads\/sites\/6\/2025\/08\/changeover-valve-model-60wn-69wn-sheet.pdf\" target=\"_blank\" rel=\"noreferrer noopener\">Schuf p\u0101rsl\u0113dzo\u0161o v\u0101rstu katalogs ang\u013cu val.pdf<\/a><\/div>\n\n\n\n<div class=\"wp-block-file\"><a id=\"wp-block-file--media-adce1044-f27c-4eec-a73e-fc2cb8f2df9b\" href=\"https:\/\/www.tektrade.ee\/lv\/wp-content\/uploads\/sites\/6\/2025\/08\/valve-portfolio-brochure-single-pages.pdf\" target=\"_blank\" rel=\"noreferrer noopener\">Schuf ang\u013cu val. visp\u0101r\u0113jais katalogs.pdf<\/a><\/div>\n\n\n\n<div class=\"wp-block-file\"><a id=\"wp-block-file--media-6db208d0-db33-4007-a6d4-565a6aec4b94\" href=\"https:\/\/www.tektrade.ee\/lv\/wp-content\/uploads\/sites\/6\/2025\/08\/VALVES-TEKTRADE-2020.pdf\" target=\"_blank\" rel=\"noreferrer noopener\">V\u0101rstu visp\u0101r\u0113jais katalogs.pdf<\/a><\/div>\n\n\n\n<p><\/p>\n","protected":false},"featured_media":0,"parent":2881,"menu_order":47,"template":"","class_list":["post-2936","product","type-product","status-publish","hentry"],"acf":[],"_links":{"self":[{"href":"https:\/\/www.tektrade.ee\/lv\/wp-json\/wp\/v2\/product\/2936","targetHints":{"allow":["GET"]}}],"collection":[{"href":"https:\/\/www.tektrade.ee\/lv\/wp-json\/wp\/v2\/product"}],"about":[{"href":"https:\/\/www.tektrade.ee\/lv\/wp-json\/wp\/v2\/types\/product"}],"version-history":[{"count":2,"href":"https:\/\/www.tektrade.ee\/lv\/wp-json\/wp\/v2\/product\/2936\/revisions"}],"predecessor-version":[{"id":3154,"href":"https:\/\/www.tektrade.ee\/lv\/wp-json\/wp\/v2\/product\/2936\/revisions\/3154"}],"up":[{"embeddable":true,"href":"https:\/\/www.tektrade.ee\/lv\/wp-json\/wp\/v2\/product\/2881"}],"wp:attachment":[{"href":"https:\/\/www.tektrade.ee\/lv\/wp-json\/wp\/v2\/media?parent=2936"}],"curies":[{"name":"wp","href":"https:\/\/api.w.org\/{rel}","templated":true}]}}