{"id":2935,"date":"2025-08-16T13:17:11","date_gmt":"2025-08-16T10:17:11","guid":{"rendered":"https:\/\/www.tektrade.ee\/lv\/?post_type=product&#038;p=2935"},"modified":"2025-08-18T22:22:04","modified_gmt":"2025-08-18T19:22:04","slug":"aizbidni","status":"publish","type":"product","link":"https:\/\/www.tektrade.ee\/lv\/preces\/caurulvadu-sastavdalas\/varsti-aizbidni-ventili-skidrumiem-un-gazem\/aizbidni\/","title":{"rendered":"Aizb\u012bd\u0146i"},"content":{"rendered":"\n<p><strong>Tauri\u0146u jeb grie\u017eamie rot\u0113jo\u0161ie aizb\u012bd\u0146i<\/strong><\/p>\n\n\n\n<p>Parasti tauri\u0146u aizb\u012bd\u0146i DN200 \u2013 DN1200mm<\/p>\n\n\n\n<div class=\"wp-block-group is-nowrap is-layout-flex wp-container-core-group-is-layout-ad2f72ca wp-block-group-is-layout-flex\">\n<div class=\"wp-block-group is-layout-constrained wp-block-group-is-layout-constrained\">\n<figure class=\"wp-block-image alignleft size-full\"><img loading=\"lazy\" decoding=\"async\" width=\"446\" height=\"250\" src=\"https:\/\/www.tektrade.ee\/lv\/wp-content\/uploads\/sites\/6\/2025\/08\/ResizedImage446250-libliksiiber-1.png\" alt=\"\" class=\"wp-image-2948\" srcset=\"https:\/\/www.tektrade.ee\/lv\/wp-content\/uploads\/sites\/6\/2025\/08\/ResizedImage446250-libliksiiber-1.png 446w, https:\/\/www.tektrade.ee\/lv\/wp-content\/uploads\/sites\/6\/2025\/08\/ResizedImage446250-libliksiiber-1-300x168.png 300w\" sizes=\"auto, (max-width: 446px) 100vw, 446px\" \/><\/figure>\n<\/div>\n<\/div>\n\n\n\n<p>P\u0113c \u012bpa\u0161a pas\u016bt\u012bjuma izgatavo tauri\u0146u jeb grie\u017eamos aizb\u012bd\u0146us<\/p>\n\n\n\n<div class=\"wp-block-group is-nowrap is-layout-flex wp-container-core-group-is-layout-ad2f72ca wp-block-group-is-layout-flex\">\n<div class=\"wp-block-group is-layout-constrained wp-block-group-is-layout-constrained\">\n<figure class=\"wp-block-image alignleft size-full\"><img loading=\"lazy\" decoding=\"async\" width=\"446\" height=\"250\" src=\"https:\/\/www.tektrade.ee\/lv\/wp-content\/uploads\/sites\/6\/2025\/08\/ResizedImage446250-libliksiiber-2.png\" alt=\"\" class=\"wp-image-2949\" srcset=\"https:\/\/www.tektrade.ee\/lv\/wp-content\/uploads\/sites\/6\/2025\/08\/ResizedImage446250-libliksiiber-2.png 446w, https:\/\/www.tektrade.ee\/lv\/wp-content\/uploads\/sites\/6\/2025\/08\/ResizedImage446250-libliksiiber-2-300x168.png 300w\" sizes=\"auto, (max-width: 446px) 100vw, 446px\" \/><\/figure>\n<\/div>\n<\/div>\n\n\n\n<p><strong>Sadales aizb\u012bd\u0146i<\/strong><\/p>\n\n\n\n<p>Sadales aizb\u012bd\u0146i Y-veida caurulei<\/p>\n\n\n\n<div class=\"wp-block-group is-nowrap is-layout-flex wp-container-core-group-is-layout-ad2f72ca wp-block-group-is-layout-flex\">\n<div class=\"wp-block-group is-layout-constrained wp-block-group-is-layout-constrained\">\n<figure class=\"wp-block-image alignleft size-full\"><img loading=\"lazy\" decoding=\"async\" width=\"235\" height=\"247\" src=\"https:\/\/www.tektrade.ee\/lv\/wp-content\/uploads\/sites\/6\/2025\/08\/jaotussiiber1.png\" alt=\"\" class=\"wp-image-2950\"\/><\/figure>\n<\/div>\n<\/div>\n\n\n\n<p>Sadales aizb\u012bd\u0146i T-veida caurulei<\/p>\n\n\n\n<div class=\"wp-block-group is-nowrap is-layout-flex wp-container-core-group-is-layout-ad2f72ca wp-block-group-is-layout-flex\">\n<div class=\"wp-block-group is-layout-constrained wp-block-group-is-layout-constrained\">\n<figure class=\"wp-block-image alignleft size-full is-resized\"><img loading=\"lazy\" decoding=\"async\" width=\"600\" height=\"220\" src=\"https:\/\/www.tektrade.ee\/lv\/wp-content\/uploads\/sites\/6\/2025\/08\/ResizedImage600220-jaotussiiber2.png\" alt=\"\" class=\"wp-image-2951\" style=\"width:600px;height:auto\" srcset=\"https:\/\/www.tektrade.ee\/lv\/wp-content\/uploads\/sites\/6\/2025\/08\/ResizedImage600220-jaotussiiber2.png 600w, https:\/\/www.tektrade.ee\/lv\/wp-content\/uploads\/sites\/6\/2025\/08\/ResizedImage600220-jaotussiiber2-300x110.png 300w\" sizes=\"auto, (max-width: 600px) 100vw, 600px\" \/><\/figure>\n<\/div>\n<\/div>\n\n\n\n<p><strong><strong><strong>Asmens na\u017eu aizb\u012bd\u0146i<\/strong><\/strong><\/strong><\/p>\n\n\n\n<div class=\"wp-block-group is-nowrap is-layout-flex wp-container-core-group-is-layout-ad2f72ca wp-block-group-is-layout-flex\">\n<div class=\"wp-block-group is-layout-constrained wp-block-group-is-layout-constrained\">\n<figure class=\"wp-block-image alignleft size-full\"><img loading=\"lazy\" decoding=\"async\" width=\"600\" height=\"285\" src=\"https:\/\/www.tektrade.ee\/lv\/wp-content\/uploads\/sites\/6\/2025\/08\/ResizedImage600285-nurgadiiber1.png\" alt=\"\" class=\"wp-image-2952\" srcset=\"https:\/\/www.tektrade.ee\/lv\/wp-content\/uploads\/sites\/6\/2025\/08\/ResizedImage600285-nurgadiiber1.png 600w, https:\/\/www.tektrade.ee\/lv\/wp-content\/uploads\/sites\/6\/2025\/08\/ResizedImage600285-nurgadiiber1-300x143.png 300w\" sizes=\"auto, (max-width: 600px) 100vw, 600px\" \/><\/figure>\n<\/div>\n<\/div>\n\n\n\n<div style=\"height:30px\" aria-hidden=\"true\" class=\"wp-block-spacer\"><\/div>\n\n\n\n<p>Funkcion\u0113jo\u0161a asmens na\u017eu aizb\u012bd\u0146a video:<br><a  href=\"https:\/\/www.youtube.com\/watch?v=j1VjyW6bSMY&amp;feature=youtu.be\"  target=\"_blank\" rel=\"noreferrer noopener\" target=\"_blank\">https:\/\/www.youtube.com\/watch?v=j1VjyW6bSMY&amp;feature=youtu.be<\/a><\/p>\n\n\n\n<p><strong>Teces caurpl\u016bdes regul\u0113jo\u0161ie aizb\u012bd\u0146i<\/strong><\/p>\n\n\n\n<p>Restes aizb\u012bd\u0146i ar plat\u012bbu 1 \u2013 60m\u00b2 g\u0101zu un gaisa pl\u016bsmu regul\u0113\u0161anai<\/p>\n\n\n\n<div class=\"wp-block-group is-nowrap is-layout-flex wp-container-core-group-is-layout-ad2f72ca wp-block-group-is-layout-flex\">\n<div class=\"wp-block-group is-layout-constrained wp-block-group-is-layout-constrained\">\n<figure class=\"wp-block-image alignleft size-full\"><img loading=\"lazy\" decoding=\"async\" width=\"546\" height=\"297\" src=\"https:\/\/www.tektrade.ee\/lv\/wp-content\/uploads\/sites\/6\/2025\/08\/vooluhulgasiiber2.png\" alt=\"\" class=\"wp-image-2953\" srcset=\"https:\/\/www.tektrade.ee\/lv\/wp-content\/uploads\/sites\/6\/2025\/08\/vooluhulgasiiber2.png 546w, https:\/\/www.tektrade.ee\/lv\/wp-content\/uploads\/sites\/6\/2025\/08\/vooluhulgasiiber2-300x163.png 300w\" sizes=\"auto, (max-width: 546px) 100vw, 546px\" \/><\/figure>\n<\/div>\n<\/div>\n\n\n\n<div style=\"height:30px\" aria-hidden=\"true\" class=\"wp-block-spacer\"><\/div>\n\n\n\n<p><strong>Piepl\u016bdes regul\u0113jo\u0161ie aizb\u012bd\u0146i<\/strong><\/p>\n\n\n\n<div class=\"wp-block-group is-nowrap is-layout-flex wp-container-core-group-is-layout-ad2f72ca wp-block-group-is-layout-flex\">\n<div class=\"wp-block-group is-layout-constrained wp-block-group-is-layout-constrained\">\n<figure class=\"wp-block-image alignleft size-full\"><img loading=\"lazy\" decoding=\"async\" width=\"506\" height=\"269\" src=\"https:\/\/www.tektrade.ee\/lv\/wp-content\/uploads\/sites\/6\/2025\/08\/vooluhulgasiiber3.png\" alt=\"\" class=\"wp-image-2954\" srcset=\"https:\/\/www.tektrade.ee\/lv\/wp-content\/uploads\/sites\/6\/2025\/08\/vooluhulgasiiber3.png 506w, https:\/\/www.tektrade.ee\/lv\/wp-content\/uploads\/sites\/6\/2025\/08\/vooluhulgasiiber3-300x159.png 300w\" sizes=\"auto, (max-width: 506px) 100vw, 506px\" \/><\/figure>\n<\/div>\n<\/div>\n\n\n\n<div style=\"height:30px\" aria-hidden=\"true\" class=\"wp-block-spacer\"><\/div>\n\n\n\n<p><strong>D\u016bmg\u0101zu regul\u0113jo\u0161ie aizb\u012bd\u0146i<\/strong><\/p>\n\n\n\n<p>D\u016bmg\u0101zu regul\u0113jo\u0161ie aizb\u012bd\u0146i skurste\u0146iem ar 3m \u2013 7m diametru<\/p>\n\n\n\n<div class=\"wp-block-group is-nowrap is-layout-flex wp-container-core-group-is-layout-ad2f72ca wp-block-group-is-layout-flex\">\n<div class=\"wp-block-group is-layout-constrained wp-block-group-is-layout-constrained\">\n<figure class=\"wp-block-image alignleft size-full\"><img loading=\"lazy\" decoding=\"async\" width=\"514\" height=\"250\" src=\"https:\/\/www.tektrade.ee\/lv\/wp-content\/uploads\/sites\/6\/2025\/08\/ResizedImage514250-suitsugaaside-siibrid1.png\" alt=\"\" class=\"wp-image-2955\" srcset=\"https:\/\/www.tektrade.ee\/lv\/wp-content\/uploads\/sites\/6\/2025\/08\/ResizedImage514250-suitsugaaside-siibrid1.png 514w, https:\/\/www.tektrade.ee\/lv\/wp-content\/uploads\/sites\/6\/2025\/08\/ResizedImage514250-suitsugaaside-siibrid1-300x146.png 300w\" sizes=\"auto, (max-width: 514px) 100vw, 514px\" \/><\/figure>\n<\/div>\n<\/div>\n\n\n\n<div style=\"height:30px\" aria-hidden=\"true\" class=\"wp-block-spacer\"><\/div>\n\n\n\n<p><strong>Aizb\u012bd\u0146i d\u016bmg\u0101zu att\u012br\u012bt\u0101jiem<\/strong><\/p>\n\n\n\n<p>D\u016bmg\u0101zu att\u012br\u012b\u0161anas aizb\u012bd\u0146i DN300 \u2013 DN2000mm&nbsp;<\/p>\n\n\n\n<div class=\"wp-block-group is-nowrap is-layout-flex wp-container-core-group-is-layout-ad2f72ca wp-block-group-is-layout-flex\">\n<div class=\"wp-block-group is-layout-constrained wp-block-group-is-layout-constrained\">\n<figure class=\"wp-block-image alignleft size-full\"><img loading=\"lazy\" decoding=\"async\" width=\"401\" height=\"300\" src=\"https:\/\/www.tektrade.ee\/lv\/wp-content\/uploads\/sites\/6\/2025\/08\/ResizedImage401300-suitsugaaside-pesurite-siibrid2.png\" alt=\"\" class=\"wp-image-2956\" srcset=\"https:\/\/www.tektrade.ee\/lv\/wp-content\/uploads\/sites\/6\/2025\/08\/ResizedImage401300-suitsugaaside-pesurite-siibrid2.png 401w, https:\/\/www.tektrade.ee\/lv\/wp-content\/uploads\/sites\/6\/2025\/08\/ResizedImage401300-suitsugaaside-pesurite-siibrid2-300x224.png 300w\" sizes=\"auto, (max-width: 401px) 100vw, 401px\" \/><\/figure>\n<\/div>\n<\/div>\n\n\n\n<div style=\"height:30px\" aria-hidden=\"true\" class=\"wp-block-spacer\"><\/div>\n\n\n\n<p><strong>\u012apa\u0161am m\u0113r\u0137im paredz\u0113ti aizb\u012bd\u0146i<\/strong><\/p>\n\n\n\n<p>Aizb\u012bd\u0146i s\u0113rsk\u0101bes r\u016bpn\u012bc\u0101m DN300mm \u2013 DN3000mm<\/p>\n\n\n\n<div class=\"wp-block-group is-nowrap is-layout-flex wp-container-core-group-is-layout-ad2f72ca wp-block-group-is-layout-flex\">\n<div class=\"wp-block-group is-layout-constrained wp-block-group-is-layout-constrained\">\n<figure class=\"wp-block-image alignleft size-full\"><img loading=\"lazy\" decoding=\"async\" width=\"333\" height=\"250\" src=\"https:\/\/www.tektrade.ee\/lv\/wp-content\/uploads\/sites\/6\/2025\/08\/ResizedImage333250-eriotstarberised-siibrid.png\" alt=\"\" class=\"wp-image-2957\" srcset=\"https:\/\/www.tektrade.ee\/lv\/wp-content\/uploads\/sites\/6\/2025\/08\/ResizedImage333250-eriotstarberised-siibrid.png 333w, https:\/\/www.tektrade.ee\/lv\/wp-content\/uploads\/sites\/6\/2025\/08\/ResizedImage333250-eriotstarberised-siibrid-300x225.png 300w\" sizes=\"auto, (max-width: 333px) 100vw, 333px\" \/><\/figure>\n<\/div>\n<\/div>\n","protected":false},"featured_media":0,"parent":2881,"menu_order":46,"template":"","class_list":["post-2935","product","type-product","status-publish","hentry"],"acf":[],"_links":{"self":[{"href":"https:\/\/www.tektrade.ee\/lv\/wp-json\/wp\/v2\/product\/2935","targetHints":{"allow":["GET"]}}],"collection":[{"href":"https:\/\/www.tektrade.ee\/lv\/wp-json\/wp\/v2\/product"}],"about":[{"href":"https:\/\/www.tektrade.ee\/lv\/wp-json\/wp\/v2\/types\/product"}],"version-history":[{"count":2,"href":"https:\/\/www.tektrade.ee\/lv\/wp-json\/wp\/v2\/product\/2935\/revisions"}],"predecessor-version":[{"id":3152,"href":"https:\/\/www.tektrade.ee\/lv\/wp-json\/wp\/v2\/product\/2935\/revisions\/3152"}],"up":[{"embeddable":true,"href":"https:\/\/www.tektrade.ee\/lv\/wp-json\/wp\/v2\/product\/2881"}],"wp:attachment":[{"href":"https:\/\/www.tektrade.ee\/lv\/wp-json\/wp\/v2\/media?parent=2935"}],"curies":[{"name":"wp","href":"https:\/\/api.w.org\/{rel}","templated":true}]}}