{"id":2934,"date":"2025-08-16T13:13:48","date_gmt":"2025-08-16T10:13:48","guid":{"rendered":"https:\/\/www.tektrade.ee\/lv\/?post_type=product&#038;p=2934"},"modified":"2025-08-18T22:26:16","modified_gmt":"2025-08-18T19:26:16","slug":"varsti-2","status":"publish","type":"product","link":"https:\/\/www.tektrade.ee\/lv\/preces\/caurulvadu-sastavdalas\/varsti-aizbidni-ventili-skidrumiem-un-gazem\/varsti-2\/","title":{"rendered":"V\u0101rsti"},"content":{"rendered":"\n<p><strong>&#8211;\u00a0<strong>Atpaka\u013cgaitas v\u0101rsti<br><\/strong><\/strong>Dubultais atpaka\u013cgaitas v\u0101rsts<\/p>\n\n\n\n<div class=\"wp-block-group is-nowrap is-layout-flex wp-container-core-group-is-layout-ad2f72ca wp-block-group-is-layout-flex\">\n<div class=\"wp-block-group is-layout-constrained wp-block-group-is-layout-constrained\">\n<figure class=\"wp-block-image alignleft size-full\"><img loading=\"lazy\" decoding=\"async\" width=\"192\" height=\"200\" src=\"https:\/\/www.tektrade.ee\/lv\/wp-content\/uploads\/sites\/6\/2025\/08\/ResizedImage192200-tagasiloogiklapp1.png\" alt=\"\" class=\"wp-image-2939\"\/><\/figure>\n<\/div>\n<\/div>\n\n\n\n<p>Lodveida atpaka\u013cgaitas v\u0101rsts ar atloku<\/p>\n\n\n\n<div class=\"wp-block-group is-nowrap is-layout-flex wp-container-core-group-is-layout-ad2f72ca wp-block-group-is-layout-flex\">\n<div class=\"wp-block-group is-layout-constrained wp-block-group-is-layout-constrained\">\n<figure class=\"wp-block-image alignleft size-full\"><img loading=\"lazy\" decoding=\"async\" width=\"250\" height=\"188\" src=\"https:\/\/www.tektrade.ee\/lv\/wp-content\/uploads\/sites\/6\/2025\/08\/taagsiloogiklapp2.png\" alt=\"\" class=\"wp-image-2940\"\/><\/figure>\n<\/div>\n<\/div>\n\n\n\n<p><strong>&#8211;&nbsp;Pludi\u0146v\u0101rsti<\/strong><\/p>\n\n\n\n<div class=\"wp-block-group is-layout-grid wp-container-core-group-is-layout-4d858cb8 wp-block-group-is-layout-grid\">\n<div class=\"wp-block-group is-content-justification-left is-layout-constrained wp-container-core-group-is-layout-8c890d92 wp-block-group-is-layout-constrained\">\n<div class=\"wp-block-group is-layout-constrained wp-block-group-is-layout-constrained\">\n<figure class=\"wp-block-image aligncenter size-full\"><img loading=\"lazy\" decoding=\"async\" width=\"207\" height=\"140\" src=\"https:\/\/www.tektrade.ee\/lv\/wp-content\/uploads\/sites\/6\/2025\/08\/ResizedImage207140-tasakaaluujukklapp1.png\" alt=\"\" class=\"wp-image-2941\"\/><\/figure>\n<\/div>\n<\/div>\n\n\n\n<div class=\"wp-block-group is-layout-constrained wp-block-group-is-layout-constrained\">\n<figure class=\"wp-block-image aligncenter size-full\"><img loading=\"lazy\" decoding=\"async\" width=\"140\" height=\"140\" src=\"https:\/\/www.tektrade.ee\/lv\/wp-content\/uploads\/sites\/6\/2025\/08\/ResizedImage140140-tasakaaluujukklapp2.png\" alt=\"\" class=\"wp-image-2942\" srcset=\"https:\/\/www.tektrade.ee\/lv\/wp-content\/uploads\/sites\/6\/2025\/08\/ResizedImage140140-tasakaaluujukklapp2.png 140w, https:\/\/www.tektrade.ee\/lv\/wp-content\/uploads\/sites\/6\/2025\/08\/ResizedImage140140-tasakaaluujukklapp2-100x100.png 100w\" sizes=\"auto, (max-width: 140px) 100vw, 140px\" \/><\/figure>\n<\/div>\n\n\n\n<div class=\"wp-block-group is-layout-constrained wp-block-group-is-layout-constrained\">\n<figure class=\"wp-block-image aligncenter size-full\"><img loading=\"lazy\" decoding=\"async\" width=\"187\" height=\"140\" src=\"https:\/\/www.tektrade.ee\/lv\/wp-content\/uploads\/sites\/6\/2025\/08\/ResizedImage187140-tasakaaluujukklapp3.png\" alt=\"\" class=\"wp-image-2943\"\/><\/figure>\n<\/div>\n\n\n\n<div class=\"wp-block-group is-layout-constrained wp-block-group-is-layout-constrained\">\n<figure class=\"wp-block-image aligncenter size-full\"><img loading=\"lazy\" decoding=\"async\" width=\"190\" height=\"140\" src=\"https:\/\/www.tektrade.ee\/lv\/wp-content\/uploads\/sites\/6\/2025\/08\/ResizedImage190140-tasakaaluujukklapp4.png\" alt=\"\" class=\"wp-image-2944\"\/><\/figure>\n<\/div>\n<\/div>\n\n\n\n<div style=\"height:30px\" aria-hidden=\"true\" class=\"wp-block-spacer\"><\/div>\n\n\n\n<p><strong>&#8211;\u00a0<strong>Tvert\u0146u iztuk\u0161o\u0161anas v\u0101rsti<\/strong><\/strong><br>Schuf diskveida tvertnes iztuk\u0161o\u0161anas v\u0101rsts farm\u0101cijas ra\u017eotn\u0113m<\/p>\n\n\n\n<div class=\"wp-block-group is-nowrap is-layout-flex wp-container-core-group-is-layout-ad2f72ca wp-block-group-is-layout-flex\">\n<div class=\"wp-block-group is-layout-constrained wp-block-group-is-layout-constrained\">\n<figure class=\"wp-block-image alignleft size-full\"><img loading=\"lazy\" decoding=\"async\" width=\"167\" height=\"250\" src=\"https:\/\/www.tektrade.ee\/lv\/wp-content\/uploads\/sites\/6\/2025\/08\/ResizedImage167250-tuhjendusklapp1.png\" alt=\"\" class=\"wp-image-2945\"\/><\/figure>\n<\/div>\n<\/div>\n\n\n\n<div style=\"height:30px\" aria-hidden=\"true\" class=\"wp-block-spacer\"><\/div>\n\n\n\n<p>Schuf plun\u017eera iztuk\u0161o\u0161anas v\u0101rsts<\/p>\n\n\n\n<div class=\"wp-block-group is-nowrap is-layout-flex wp-container-core-group-is-layout-ad2f72ca wp-block-group-is-layout-flex\">\n<div class=\"wp-block-group is-layout-constrained wp-block-group-is-layout-constrained\">\n<figure class=\"wp-block-image alignleft size-full\"><img loading=\"lazy\" decoding=\"async\" width=\"124\" height=\"250\" src=\"https:\/\/www.tektrade.ee\/lv\/wp-content\/uploads\/sites\/6\/2025\/08\/ResizedImage124250-tuhjendusklapp2.png\" alt=\"\" class=\"wp-image-2946\"\/><\/figure>\n<\/div>\n<\/div>\n\n\n\n<p><strong>&#8211;\u00a0Aizsargv\u0101rsti\u00a0\u00a0<\/strong><a href=\"https:\/\/www.tektrade.ee\/lv\/preces\/drosibas-aprikojums\/aizsargvarsti-tvaikam-gazei-un-skidrumam\/\" target=\"_blank\" rel=\"noreferrer noopener\">(apskati: Dro\u0161\u012bbas ier\u012bces \u2013 Aizsargv\u0101rsti tvaikam, g\u0101zei un \u0161\u0137idrumam)<\/a><\/p>\n","protected":false},"featured_media":0,"parent":2881,"menu_order":45,"template":"","class_list":["post-2934","product","type-product","status-publish","hentry"],"acf":[],"_links":{"self":[{"href":"https:\/\/www.tektrade.ee\/lv\/wp-json\/wp\/v2\/product\/2934","targetHints":{"allow":["GET"]}}],"collection":[{"href":"https:\/\/www.tektrade.ee\/lv\/wp-json\/wp\/v2\/product"}],"about":[{"href":"https:\/\/www.tektrade.ee\/lv\/wp-json\/wp\/v2\/types\/product"}],"version-history":[{"count":3,"href":"https:\/\/www.tektrade.ee\/lv\/wp-json\/wp\/v2\/product\/2934\/revisions"}],"predecessor-version":[{"id":3151,"href":"https:\/\/www.tektrade.ee\/lv\/wp-json\/wp\/v2\/product\/2934\/revisions\/3151"}],"up":[{"embeddable":true,"href":"https:\/\/www.tektrade.ee\/lv\/wp-json\/wp\/v2\/product\/2881"}],"wp:attachment":[{"href":"https:\/\/www.tektrade.ee\/lv\/wp-json\/wp\/v2\/media?parent=2934"}],"curies":[{"name":"wp","href":"https:\/\/api.w.org\/{rel}","templated":true}]}}