{"id":2909,"date":"2025-08-16T13:07:58","date_gmt":"2025-08-16T10:07:58","guid":{"rendered":"https:\/\/www.tektrade.ee\/lv\/?post_type=product&#038;p=2909"},"modified":"2025-08-18T22:16:00","modified_gmt":"2025-08-18T19:16:00","slug":"caurulu-centrejosie-gredzeni","status":"publish","type":"product","link":"https:\/\/www.tektrade.ee\/lv\/preces\/caurulvadu-sastavdalas\/caurulvadu-piederumi\/caurulu-centrejosie-gredzeni\/","title":{"rendered":"Cauru\u013cu centr\u0113jo\u0161ie gredzeni"},"content":{"rendered":"\n<p>Centr\u0113jo\u0161os gredzenus jeb centratorus izmantot, kad vielu neso\u0161ais cauru\u013cvads ieiet caurules \u010daul\u0101, lai nov\u0113rstu berzi starp \u0161\u012bm caurul\u0113m.&nbsp;<br>Plastmasas (polipropil\u0113na) centr\u0113jo\u0161iem gredzeniem ir vair\u0101kas priek\u0161roc\u012bbas:<\/p>\n\n\n\n<ul class=\"wp-block-list\">\n<li>viegli uzst\u0101d\u012bt, jo plastmasas sl\u012bdo\u0161\u0101s \u012bpa\u0161\u012bbas samazina berzes koeficientu l\u012bdz minimumam;<\/li>\n\n\n\n<li>zem\u0101 berze nepie\u013cauj caurules aizsargsl\u0101\u0146a un izol\u0101cijas boj\u0101jumus;<\/li>\n\n\n\n<li>centr\u0113jo\u0161o gredzenu klu\u010du augstumu liel\u0101 izv\u0113le nodro\u0161ina neso\u0161\u0101s caurules koaksialit\u0101ti \u010daul\u0101;<\/li>\n\n\n\n<li>plastmasas materi\u0101la izol\u0101cijas \u012bpa\u0161\u012bbas nodro\u0161ina katodaizsardz\u012bbu starp met\u0101la materi\u0101liem.\u00a0<\/li>\n<\/ul>\n\n\n\n<p><br>Centr\u0113jo\u0161os gredzenus parasti uzst\u0101da ar \u0161\u0101du atstarpi:<br>Caurules diametrs l\u012bdz: 300 mm ik p\u0113c 2,5 m<br>\u00a0\u00a0\u00a0\u00a0\u00a0\u00a0\u00a0\u00a0\u00a0\u00a0\u00a0\u00a0\u00a0\u00a0\u00a0\u00a0\u00a0\u00a0\u00a0\u00a0\u00a0\u00a0\u00a0\u00a0\u00a0\u00a0\u00a0\u00a0\u00a0\u00a0\u00a0\u00a0\u00a0\u00a0\u00a0\u00a0400\u2013600\u00a0mm ik p\u0113c 2,0\u00a0m<br>\u00a0\u00a0\u00a0\u00a0\u00a0\u00a0\u00a0\u00a0\u00a0\u00a0\u00a0\u00a0\u00a0\u00a0\u00a0\u00a0\u00a0\u00a0\u00a0\u00a0\u00a0\u00a0\u00a0\u00a0\u00a0\u00a0\u00a0\u00a0\u00a0\u00a0\u00a0\u00a0\u00a0\u00a0\u00a0\u00a0> 600\u00a0mm ik p\u0113c 1,5\u00a0m<br>Atsevi\u0161\u0137os gad\u012bjumos att\u0101lums var b\u016bt liel\u0101ks, bet tam ir vajadz\u012bgs detaliz\u0113ts projekta apr\u0113\u0137ins.<br><br>Pied\u0101v\u0101jam centr\u0113jo\u0161os gredzenus pla\u0161\u0101 izv\u0113l\u0113. Visvair\u0101k p\u0101rdotie veidi ir \u0161\u0101di: GKO,\u00a0PA\/PE un\u00a0AZ\/AC;<\/p>\n\n\n\n<div class=\"wp-block-group is-layout-grid wp-container-core-group-is-layout-6be84c55 wp-block-group-is-layout-grid\">\n<div class=\"wp-block-group is-content-justification-left is-layout-constrained wp-container-core-group-is-layout-8c890d92 wp-block-group-is-layout-constrained\">\n<figure class=\"wp-block-image aligncenter size-full\"><img loading=\"lazy\" decoding=\"async\" width=\"250\" height=\"250\" src=\"https:\/\/www.tektrade.ee\/lv\/wp-content\/uploads\/sites\/6\/2025\/08\/ResizedImage250250-GKO-1.jpg\" alt=\"\" class=\"wp-image-3139\" srcset=\"https:\/\/www.tektrade.ee\/lv\/wp-content\/uploads\/sites\/6\/2025\/08\/ResizedImage250250-GKO-1.jpg 250w, https:\/\/www.tektrade.ee\/lv\/wp-content\/uploads\/sites\/6\/2025\/08\/ResizedImage250250-GKO-1-150x150.jpg 150w, https:\/\/www.tektrade.ee\/lv\/wp-content\/uploads\/sites\/6\/2025\/08\/ResizedImage250250-GKO-1-100x100.jpg 100w\" sizes=\"auto, (max-width: 250px) 100vw, 250px\" \/><figcaption class=\"wp-element-caption\"><em>GKO<\/em><\/figcaption><\/figure>\n<\/div>\n\n\n\n<div class=\"wp-block-group is-layout-constrained wp-block-group-is-layout-constrained\">\n<figure class=\"wp-block-image aligncenter size-full\"><img loading=\"lazy\" decoding=\"async\" width=\"250\" height=\"250\" src=\"https:\/\/www.tektrade.ee\/lv\/wp-content\/uploads\/sites\/6\/2025\/08\/ResizedImage250250-PA-PE-1-1.jpg\" alt=\"\" class=\"wp-image-3141\" srcset=\"https:\/\/www.tektrade.ee\/lv\/wp-content\/uploads\/sites\/6\/2025\/08\/ResizedImage250250-PA-PE-1-1.jpg 250w, https:\/\/www.tektrade.ee\/lv\/wp-content\/uploads\/sites\/6\/2025\/08\/ResizedImage250250-PA-PE-1-1-150x150.jpg 150w, https:\/\/www.tektrade.ee\/lv\/wp-content\/uploads\/sites\/6\/2025\/08\/ResizedImage250250-PA-PE-1-1-100x100.jpg 100w\" sizes=\"auto, (max-width: 250px) 100vw, 250px\" \/><figcaption class=\"wp-element-caption\">PA\/PE<br><\/figcaption><\/figure>\n<\/div>\n\n\n\n<div class=\"wp-block-group is-layout-constrained wp-block-group-is-layout-constrained\">\n<figure class=\"wp-block-image aligncenter size-full\"><img loading=\"lazy\" decoding=\"async\" width=\"250\" height=\"250\" src=\"https:\/\/www.tektrade.ee\/lv\/wp-content\/uploads\/sites\/6\/2025\/08\/ResizedImage250250-AZAC-1.jpg\" alt=\"\" class=\"wp-image-3142\" srcset=\"https:\/\/www.tektrade.ee\/lv\/wp-content\/uploads\/sites\/6\/2025\/08\/ResizedImage250250-AZAC-1.jpg 250w, https:\/\/www.tektrade.ee\/lv\/wp-content\/uploads\/sites\/6\/2025\/08\/ResizedImage250250-AZAC-1-150x150.jpg 150w, https:\/\/www.tektrade.ee\/lv\/wp-content\/uploads\/sites\/6\/2025\/08\/ResizedImage250250-AZAC-1-100x100.jpg 100w\" sizes=\"auto, (max-width: 250px) 100vw, 250px\" \/><figcaption class=\"wp-element-caption\"><em>AZ\/AC<\/em><\/figcaption><\/figure>\n<\/div>\n<\/div>\n\n\n\n<p>AZ\/AC tipa centr\u0113jo\u0161ie gredzeni ir piem\u0113roti caurul\u0113m OD 98\u2013385&nbsp;mm un sast\u0101v no vair\u0101kiem segmentiem, kuru skaits ir atkar\u012bgs no neso\u0161\u0101s caurules diametra.&nbsp;<\/p>\n\n\n\n<p>GKO tipa centr\u0113jo\u0161ie gredzeni ir PSI&nbsp;centratoru jaun\u0101kais izstr\u0101d\u0101jums. T\u0101 k\u0101 to uzst\u0101d\u012b\u0161anai nav vajadz\u012bgas skr\u016bves vai darba r\u012bki, uzst\u0101d\u012b\u0161ana ir \u0101tra un viegla. Centr\u0113jo\u0161os gredzenus savieno ar speci\u0101lu \u0137\u012b\u013ci.&nbsp; Atkar\u012bb\u0101 no mode\u013ca GKO tipa centr\u0113jo\u0161os gredzenus var izmantot l\u012bdz DN2500 liel\u0101m caurul\u0113m.<\/p>\n","protected":false},"featured_media":0,"parent":2879,"menu_order":42,"template":"","class_list":["post-2909","product","type-product","status-publish","hentry"],"acf":[],"_links":{"self":[{"href":"https:\/\/www.tektrade.ee\/lv\/wp-json\/wp\/v2\/product\/2909","targetHints":{"allow":["GET"]}}],"collection":[{"href":"https:\/\/www.tektrade.ee\/lv\/wp-json\/wp\/v2\/product"}],"about":[{"href":"https:\/\/www.tektrade.ee\/lv\/wp-json\/wp\/v2\/types\/product"}],"version-history":[{"count":3,"href":"https:\/\/www.tektrade.ee\/lv\/wp-json\/wp\/v2\/product\/2909\/revisions"}],"predecessor-version":[{"id":3144,"href":"https:\/\/www.tektrade.ee\/lv\/wp-json\/wp\/v2\/product\/2909\/revisions\/3144"}],"up":[{"embeddable":true,"href":"https:\/\/www.tektrade.ee\/lv\/wp-json\/wp\/v2\/product\/2879"}],"wp:attachment":[{"href":"https:\/\/www.tektrade.ee\/lv\/wp-json\/wp\/v2\/media?parent=2909"}],"curies":[{"name":"wp","href":"https:\/\/api.w.org\/{rel}","templated":true}]}}