{"id":2908,"date":"2025-08-16T13:06:54","date_gmt":"2025-08-16T10:06:54","guid":{"rendered":"https:\/\/www.tektrade.ee\/lv\/?post_type=product&#038;p=2908"},"modified":"2025-08-20T11:26:36","modified_gmt":"2025-08-20T08:26:36","slug":"caulas-gala-blivejumi","status":"publish","type":"product","link":"https:\/\/www.tektrade.ee\/lv\/preces\/caurulvadu-sastavdalas\/caurulvadu-piederumi\/caulas-gala-blivejumi\/","title":{"rendered":"\u010caulas gala bl\u012bv\u0113jumi"},"content":{"rendered":"\n<p>Zem ce\u013ciem un dzelzce\u013ciem eso\u0161os tehniskos cauru\u013cvadus bie\u017ei liek cauru\u013cu \u010daul\u0101, ko parasti nosl\u0113dz ar korpusa gala bl\u012bv\u0113jumiem. \u010caulas gala bl\u012bv\u0113jumi nobl\u012bv\u0113 telpu, kas paliek starp \u010daulu un cauruli, pa kuru pl\u016bst viela, aizsarg\u0101jot to no pel\u0113juma, net\u012brumiem un mitruma.&nbsp;<br><br>Visbie\u017e\u0101k lietotie bl\u012bv\u0113jumu veidi ir:<\/p>\n\n\n\n<ul class=\"wp-block-list\">\n<li>KT, kas izgatavots no EPDM gumijas; KT ir univers\u0101ls bl\u012bv\u0113jums. Neso\u0161\u0101s caurules izm\u0113ri ir 10\u2013508&nbsp;mm, \u010daulas caurules izm\u0113ri ir 110\u2013610&nbsp;mm (DN100\u2013DN600).<\/li>\n<\/ul>\n\n\n\n<div class=\"wp-block-group is-nowrap is-layout-flex wp-container-core-group-is-layout-ad2f72ca wp-block-group-is-layout-flex\">\n<div class=\"wp-block-group is-layout-constrained wp-block-group-is-layout-constrained\">\n<figure class=\"wp-block-image alignleft size-full\"><img loading=\"lazy\" decoding=\"async\" width=\"250\" height=\"250\" src=\"https:\/\/www.tektrade.ee\/lv\/wp-content\/uploads\/sites\/6\/2025\/08\/ResizedImage250250-KT-1.jpg\" alt=\"\" class=\"wp-image-3131\" srcset=\"https:\/\/www.tektrade.ee\/lv\/wp-content\/uploads\/sites\/6\/2025\/08\/ResizedImage250250-KT-1.jpg 250w, https:\/\/www.tektrade.ee\/lv\/wp-content\/uploads\/sites\/6\/2025\/08\/ResizedImage250250-KT-1-150x150.jpg 150w, https:\/\/www.tektrade.ee\/lv\/wp-content\/uploads\/sites\/6\/2025\/08\/ResizedImage250250-KT-1-100x100.jpg 100w\" sizes=\"auto, (max-width: 250px) 100vw, 250px\" \/><figcaption class=\"wp-element-caption\">Tips KT&nbsp;<br><\/figcaption><\/figure>\n<\/div>\n<\/div>\n\n\n\n<ul class=\"wp-block-list\">\n<li>Tips DU, kas izgatavots no EPDM gumijas. DU vienm\u0113r ir fiks\u0113ti izm\u0113ri atbilsto\u0161i neso\u0161\u0101s caurules un \u010daulas izm\u0113ram. Neso\u0161\u0101s caurules diametrs ir 20\u2013762&nbsp;mm, un \u010daulas izm\u0113rs 90\u2013965&nbsp;mm.<\/li>\n<\/ul>\n\n\n\n<div class=\"wp-block-group is-nowrap is-layout-flex wp-container-core-group-is-layout-ad2f72ca wp-block-group-is-layout-flex\">\n<div class=\"wp-block-group is-layout-constrained wp-block-group-is-layout-constrained\">\n<figure class=\"wp-block-image alignleft size-full\"><img loading=\"lazy\" decoding=\"async\" width=\"250\" height=\"250\" src=\"https:\/\/www.tektrade.ee\/lv\/wp-content\/uploads\/sites\/6\/2025\/08\/ResizedImage250250-DU-1.jpg\" alt=\"\" class=\"wp-image-3133\" srcset=\"https:\/\/www.tektrade.ee\/lv\/wp-content\/uploads\/sites\/6\/2025\/08\/ResizedImage250250-DU-1.jpg 250w, https:\/\/www.tektrade.ee\/lv\/wp-content\/uploads\/sites\/6\/2025\/08\/ResizedImage250250-DU-1-150x150.jpg 150w, https:\/\/www.tektrade.ee\/lv\/wp-content\/uploads\/sites\/6\/2025\/08\/ResizedImage250250-DU-1-100x100.jpg 100w\" sizes=\"auto, (max-width: 250px) 100vw, 250px\" \/><figcaption class=\"wp-element-caption\">Tips DU<br><\/figcaption><\/figure>\n<\/div>\n<\/div>\n\n\n\n<ul class=\"wp-block-list\">\n<li>KG\/KO&nbsp;tipa bl\u012bv\u0113jumi ir konusveida. Izgatavoti no neopr\u0113na, silikona vai NBR. \u0160os bl\u012bv\u0113jumus izgatavo saska\u0146\u0101 ar klienta pas\u016bt\u012bjumu, t\u0101p\u0113c caurules un \u010daulas izm\u0113ru attiec\u012bba var at\u0161\u0137irties. Neso\u0161ai caurulei ir j\u0101b\u016bt 32\u20131302&nbsp;mm, bet korpusa caurulei 48,3\u20132000&nbsp;mm. KG ir sl\u0113gta tipa, bet KO ir atv\u0113rta tipa bl\u012bv\u0113jumi, kurus sal\u012bm\u0113 uz vietas.<\/li>\n<\/ul>\n\n\n\n<div class=\"wp-block-group is-nowrap is-layout-flex wp-container-core-group-is-layout-ad2f72ca wp-block-group-is-layout-flex\">\n<div class=\"wp-block-group is-layout-constrained wp-block-group-is-layout-constrained\">\n<figure class=\"wp-block-image alignleft size-full\"><img loading=\"lazy\" decoding=\"async\" width=\"249\" height=\"187\" src=\"https:\/\/www.tektrade.ee\/lv\/wp-content\/uploads\/sites\/6\/2025\/08\/ResizedImage249187-KG-KO-1.jpg\" alt=\"\" class=\"wp-image-3134\"\/><figcaption class=\"wp-element-caption\">Tips KG\/KO<br><\/figcaption><\/figure>\n<\/div>\n<\/div>\n\n\n\n<div class=\"wp-block-file\"><a id=\"wp-block-file--media-04708654-a508-4d6d-87cb-87be0f5cf4d6\" href=\"https:\/\/www.tektrade.ee\/lv\/wp-content\/uploads\/sites\/6\/2025\/08\/PSI-Casing-End-Seals.pdf\" target=\"_blank\" rel=\"noreferrer noopener\"> <\/a><\/div>\n","protected":false},"featured_media":0,"parent":2879,"menu_order":41,"template":"","class_list":["post-2908","product","type-product","status-publish","hentry"],"acf":[],"_links":{"self":[{"href":"https:\/\/www.tektrade.ee\/lv\/wp-json\/wp\/v2\/product\/2908","targetHints":{"allow":["GET"]}}],"collection":[{"href":"https:\/\/www.tektrade.ee\/lv\/wp-json\/wp\/v2\/product"}],"about":[{"href":"https:\/\/www.tektrade.ee\/lv\/wp-json\/wp\/v2\/types\/product"}],"version-history":[{"count":5,"href":"https:\/\/www.tektrade.ee\/lv\/wp-json\/wp\/v2\/product\/2908\/revisions"}],"predecessor-version":[{"id":3231,"href":"https:\/\/www.tektrade.ee\/lv\/wp-json\/wp\/v2\/product\/2908\/revisions\/3231"}],"up":[{"embeddable":true,"href":"https:\/\/www.tektrade.ee\/lv\/wp-json\/wp\/v2\/product\/2879"}],"wp:attachment":[{"href":"https:\/\/www.tektrade.ee\/lv\/wp-json\/wp\/v2\/media?parent=2908"}],"curies":[{"name":"wp","href":"https:\/\/api.w.org\/{rel}","templated":true}]}}