{"id":2907,"date":"2025-08-16T13:05:42","date_gmt":"2025-08-16T10:05:42","guid":{"rendered":"https:\/\/www.tektrade.ee\/lv\/?post_type=product&#038;p=2907"},"modified":"2025-08-18T22:12:21","modified_gmt":"2025-08-18T19:12:21","slug":"blivejumi-caurulu-cauri-ejosajas-vietas","status":"publish","type":"product","link":"https:\/\/www.tektrade.ee\/lv\/preces\/caurulvadu-sastavdalas\/caurulvadu-piederumi\/blivejumi-caurulu-cauri-ejosajas-vietas\/","title":{"rendered":"Bl\u012bv\u0113jumi cauru\u013cu cauri ejo\u0161aj\u0101s viet\u0101s"},"content":{"rendered":"\n<p>Bl\u012bv\u0113jumus izmanto cauru\u013cu \u0101r\u0113jai bl\u012bv\u0113\u0161anai.<\/p>\n\n\n\n<p>Galven\u0101s izmanto\u0161anas vietas ir:&nbsp;<\/p>\n\n\n\n<ul class=\"wp-block-list\">\n<li>atveres sien\u0101s, kur caurules vai kabe\u013ci iet cauri sien\u0101m;<\/li>\n\n\n\n<li>tvert\u0146u stiprin\u0101jumi;<\/li>\n\n\n\n<li>viet\u0101s, kur caurules ir j\u0101sarg\u0101 no \u0101r\u0113jiem boj\u0101jumiem.<\/li>\n<\/ul>\n\n\n\n<p>Priek\u0161roc\u012bbas, lietojot \u0161os bl\u012bv\u0113jumus:<\/p>\n\n\n\n<ul class=\"wp-block-list\">\n<li>ciet\u0101s gumijas bl\u012bv\u0113jumi nodro\u0161ina savienojumu ilgtermi\u0146a iztur\u012bbu;<\/li>\n\n\n\n<li>\u00a0cauru\u013cu st\u0101voklis sien\u0101 ir fiks\u0113ts;<\/li>\n\n\n\n<li>bl\u012bv\u0113jumus ir vienk\u0101r\u0161i uzst\u0101d\u012bt, pateicoties iepriek\u0161 samont\u0113tiem modu\u013ciem;<\/li>\n\n\n\n<li>absorb\u0113 vibr\u0101cijas un trok\u0161\u0146us;<\/li>\n\n\n\n<li>izol\u0113 statisko elektr\u012bbu.<\/li>\n<\/ul>\n\n\n\n<div style=\"height:30px\" aria-hidden=\"true\" class=\"wp-block-spacer\"><\/div>\n\n\n\n<div class=\"wp-block-group is-layout-grid wp-container-core-group-is-layout-6be84c55 wp-block-group-is-layout-grid\">\n<div class=\"wp-block-group is-content-justification-left is-layout-constrained wp-container-core-group-is-layout-8c890d92 wp-block-group-is-layout-constrained\">\n<figure class=\"wp-block-image aligncenter size-full\"><img loading=\"lazy\" decoding=\"async\" width=\"334\" height=\"250\" src=\"https:\/\/www.tektrade.ee\/lv\/wp-content\/uploads\/sites\/6\/2025\/08\/ResizedImage334250-Link-Seal.jpg\" alt=\"\" class=\"wp-image-2911\" srcset=\"https:\/\/www.tektrade.ee\/lv\/wp-content\/uploads\/sites\/6\/2025\/08\/ResizedImage334250-Link-Seal.jpg 334w, https:\/\/www.tektrade.ee\/lv\/wp-content\/uploads\/sites\/6\/2025\/08\/ResizedImage334250-Link-Seal-300x225.jpg 300w\" sizes=\"auto, (max-width: 334px) 100vw, 334px\" \/><figcaption class=\"wp-element-caption\">LinkSeal\u00ae \/ Sealing Chain<br><\/figcaption><\/figure>\n<\/div>\n\n\n\n<div class=\"wp-block-group is-layout-constrained wp-block-group-is-layout-constrained\">\n<figure class=\"wp-block-image aligncenter size-full\"><img loading=\"lazy\" decoding=\"async\" width=\"250\" height=\"250\" src=\"https:\/\/www.tektrade.ee\/lv\/wp-content\/uploads\/sites\/6\/2025\/08\/ResizedImage250250-Compakt-Seal.jpg\" alt=\"\" class=\"wp-image-2912\" srcset=\"https:\/\/www.tektrade.ee\/lv\/wp-content\/uploads\/sites\/6\/2025\/08\/ResizedImage250250-Compakt-Seal.jpg 250w, https:\/\/www.tektrade.ee\/lv\/wp-content\/uploads\/sites\/6\/2025\/08\/ResizedImage250250-Compakt-Seal-150x150.jpg 150w, https:\/\/www.tektrade.ee\/lv\/wp-content\/uploads\/sites\/6\/2025\/08\/ResizedImage250250-Compakt-Seal-100x100.jpg 100w\" sizes=\"auto, (max-width: 250px) 100vw, 250px\" \/><figcaption class=\"wp-element-caption\">Compakt Seal\u00ae \/ Puddle Flanges<br><\/figcaption><\/figure>\n<\/div>\n\n\n\n<div class=\"wp-block-group is-layout-constrained wp-block-group-is-layout-constrained\">\n<figure class=\"wp-block-image aligncenter size-full\"><img loading=\"lazy\" decoding=\"async\" width=\"250\" height=\"250\" src=\"https:\/\/www.tektrade.ee\/lv\/wp-content\/uploads\/sites\/6\/2025\/08\/ResizedImage250250-Compakt-multicable.jpg\" alt=\"\" class=\"wp-image-2913\" srcset=\"https:\/\/www.tektrade.ee\/lv\/wp-content\/uploads\/sites\/6\/2025\/08\/ResizedImage250250-Compakt-multicable.jpg 250w, https:\/\/www.tektrade.ee\/lv\/wp-content\/uploads\/sites\/6\/2025\/08\/ResizedImage250250-Compakt-multicable-150x150.jpg 150w, https:\/\/www.tektrade.ee\/lv\/wp-content\/uploads\/sites\/6\/2025\/08\/ResizedImage250250-Compakt-multicable-100x100.jpg 100w\" sizes=\"auto, (max-width: 250px) 100vw, 250px\" \/><figcaption class=\"wp-element-caption\"><em>Compakt Multicable \/ Disc Compression Seal<\/em><\/figcaption><\/figure>\n<\/div>\n<\/div>\n","protected":false},"featured_media":0,"parent":2879,"menu_order":40,"template":"","class_list":["post-2907","product","type-product","status-publish","hentry"],"acf":[],"_links":{"self":[{"href":"https:\/\/www.tektrade.ee\/lv\/wp-json\/wp\/v2\/product\/2907","targetHints":{"allow":["GET"]}}],"collection":[{"href":"https:\/\/www.tektrade.ee\/lv\/wp-json\/wp\/v2\/product"}],"about":[{"href":"https:\/\/www.tektrade.ee\/lv\/wp-json\/wp\/v2\/types\/product"}],"version-history":[{"count":2,"href":"https:\/\/www.tektrade.ee\/lv\/wp-json\/wp\/v2\/product\/2907\/revisions"}],"predecessor-version":[{"id":3130,"href":"https:\/\/www.tektrade.ee\/lv\/wp-json\/wp\/v2\/product\/2907\/revisions\/3130"}],"up":[{"embeddable":true,"href":"https:\/\/www.tektrade.ee\/lv\/wp-json\/wp\/v2\/product\/2879"}],"wp:attachment":[{"href":"https:\/\/www.tektrade.ee\/lv\/wp-json\/wp\/v2\/media?parent=2907"}],"curies":[{"name":"wp","href":"https:\/\/api.w.org\/{rel}","templated":true}]}}