{"id":2902,"date":"2025-08-16T13:03:44","date_gmt":"2025-08-16T10:03:44","guid":{"rendered":"https:\/\/www.tektrade.ee\/lv\/?post_type=product&#038;p=2902"},"modified":"2025-08-18T20:31:04","modified_gmt":"2025-08-18T17:31:04","slug":"kimiski-izturigi-izplesanas-kompensatori","status":"publish","type":"product","link":"https:\/\/www.tektrade.ee\/lv\/preces\/caurulvadu-sastavdalas\/kompensatori\/kimiski-izturigi-izplesanas-kompensatori\/","title":{"rendered":"\u0136\u012bmiski iztur\u012bgi izple\u0161an\u0101s kompensatori"},"content":{"rendered":"\n<div class=\"wp-block-group is-nowrap is-layout-flex wp-container-core-group-is-layout-64989fb1 wp-block-group-is-layout-flex\">\n<div class=\"wp-block-group is-layout-constrained wp-block-group-is-layout-constrained\">\n<p>\u0136\u012bmiski iztur\u012bgi PTFE izple\u0161an\u0101s kompensatori ir ra\u017eoti no vair\u0101kk\u0101rt lamin\u0113ta PTFE materi\u0101la. Lamin\u0113\u0161ana vair\u0101k\u0101s k\u0101rt\u0101s nodro\u0161ina izple\u0161an\u0101s kompensatoru viendab\u012bbu un vijumu minim\u0101lu porain\u012bbu. Lamin\u0113\u0161ana vair\u0101k\u0101s k\u0101rt\u0101s nodro\u0161ina izple\u0161an\u0101s kompensatoru elast\u012bbu un iztur\u012bbu. Produkti ir pieejami EN un ASME standartiem atbilsto\u0161iem atloku savienojumiem.<\/p>\n<\/div>\n\n\n\n<div class=\"wp-block-group is-layout-flow wp-block-group-is-layout-flow\">\n<figure class=\"wp-block-image size-full is-resized wp-container-content-69bc4bdf\"><img loading=\"lazy\" decoding=\"async\" width=\"219\" height=\"250\" src=\"https:\/\/www.tektrade.ee\/lv\/wp-content\/uploads\/sites\/6\/2025\/08\/ResizedImage219250-PTFE-kompensaator.jpg\" alt=\"\" class=\"wp-image-2903\" style=\"width:300px\"\/><figcaption class=\"wp-element-caption\">\u0136\u012bmiski iztur\u012bgi PTFE izple\u0161an\u0101s kompensatori<br><\/figcaption><\/figure>\n<\/div>\n<\/div>\n","protected":false},"featured_media":0,"parent":2877,"menu_order":37,"template":"","class_list":["post-2902","product","type-product","status-publish","hentry"],"acf":[],"_links":{"self":[{"href":"https:\/\/www.tektrade.ee\/lv\/wp-json\/wp\/v2\/product\/2902","targetHints":{"allow":["GET"]}}],"collection":[{"href":"https:\/\/www.tektrade.ee\/lv\/wp-json\/wp\/v2\/product"}],"about":[{"href":"https:\/\/www.tektrade.ee\/lv\/wp-json\/wp\/v2\/types\/product"}],"version-history":[{"count":4,"href":"https:\/\/www.tektrade.ee\/lv\/wp-json\/wp\/v2\/product\/2902\/revisions"}],"predecessor-version":[{"id":3124,"href":"https:\/\/www.tektrade.ee\/lv\/wp-json\/wp\/v2\/product\/2902\/revisions\/3124"}],"up":[{"embeddable":true,"href":"https:\/\/www.tektrade.ee\/lv\/wp-json\/wp\/v2\/product\/2877"}],"wp:attachment":[{"href":"https:\/\/www.tektrade.ee\/lv\/wp-json\/wp\/v2\/media?parent=2902"}],"curies":[{"name":"wp","href":"https:\/\/api.w.org\/{rel}","templated":true}]}}