{"id":2894,"date":"2025-08-16T13:02:51","date_gmt":"2025-08-16T10:02:51","guid":{"rendered":"https:\/\/www.tektrade.ee\/lv\/?post_type=product&#038;p=2894"},"modified":"2025-08-18T20:30:42","modified_gmt":"2025-08-18T17:30:42","slug":"auduma-izplesanas-kompensatori","status":"publish","type":"product","link":"https:\/\/www.tektrade.ee\/lv\/preces\/caurulvadu-sastavdalas\/kompensatori\/auduma-izplesanas-kompensatori\/","title":{"rendered":"Auduma izple\u0161an\u0101s kompensatori"},"content":{"rendered":"\n<p>Izple\u0161an\u0101s kompensatorus no karstumiztur\u012bga auduma un \u0161\u0137iedru materi\u0101la izmanto ventil\u0101cijas caurul\u0113s un d\u016bmvados, vibr\u0101cijas mazin\u0101\u0161anai un termisk\u0101s izple\u0161an\u0101s kompens\u0113\u0161anai.<br>Izple\u0161an\u0101s kompensatoru auduma materi\u0101lu galvenok\u0101rt nosaka g\u0101zes vai gaisa temperat\u016bra, bet ar\u012b \u0137\u012bmisko un abraz\u012bvo vielu daudzums g\u0101z\u0113.<br>Auduma izple\u0161an\u0101s kompensatorus izgatavo vien\u0101 vai vair\u0101kos sl\u0101\u0146os.<br>Galvenais sl\u0101nis parasti ir ar silikonu p\u0101rkl\u0101ts audums no stikla \u0161\u0137iedras, kas ir izple\u0161an\u0101s kompensatora galven\u0101 da\u013ca. Otrs audums ir PTFE pl\u0113ve vai PTFE audums, kas nodro\u0161ina g\u0101zes bl\u012bvumu.<br>Ja darbs noris augst\u0101 temperat\u016br\u0101, tad papildus izmanto karstumu izol\u0113jo\u0161us audumus.<br>Auduma izple\u0161an\u0101s kompensatori iztur sist\u0113mas darba spiedienu&nbsp;+\/- 140 mbar (1400 mmWG).<br>Izple\u0161an\u0101s kompensatoru uzst\u0101d\u012b\u0161anai starp caurul\u0113m ir vair\u0101ki varianti. L\u016bdzam sazin\u0101ties ar mums pareiz\u0101 risin\u0101juma atra\u0161anai.<\/p>\n\n\n\n<p><em>Da\u017ei auduma izple\u0161an\u0101s kompensatoru dizaina risin\u0101jumi:<\/em><\/p>\n\n\n\n<div class=\"wp-block-group is-layout-grid wp-container-core-group-is-layout-baef362d wp-block-group-is-layout-grid\">\n<div class=\"wp-block-group is-content-justification-left is-layout-constrained wp-container-core-group-is-layout-8c890d92 wp-block-group-is-layout-constrained\">\n<figure class=\"wp-block-image aligncenter size-full\"><img loading=\"lazy\" decoding=\"async\" width=\"280\" height=\"200\" src=\"https:\/\/www.tektrade.ee\/lv\/wp-content\/uploads\/sites\/6\/2025\/08\/ResizedImage280200-22.jpg\" alt=\"\" class=\"wp-image-2895\"\/><\/figure>\n<\/div>\n\n\n\n<div class=\"wp-block-group is-layout-constrained wp-block-group-is-layout-constrained\">\n<figure class=\"wp-block-image aligncenter size-full\"><img loading=\"lazy\" decoding=\"async\" width=\"398\" height=\"200\" src=\"https:\/\/www.tektrade.ee\/lv\/wp-content\/uploads\/sites\/6\/2025\/08\/ResizedImage398200-14.jpg\" alt=\"\" class=\"wp-image-2896\" srcset=\"https:\/\/www.tektrade.ee\/lv\/wp-content\/uploads\/sites\/6\/2025\/08\/ResizedImage398200-14.jpg 398w, https:\/\/www.tektrade.ee\/lv\/wp-content\/uploads\/sites\/6\/2025\/08\/ResizedImage398200-14-300x151.jpg 300w\" sizes=\"auto, (max-width: 398px) 100vw, 398px\" \/><\/figure>\n<\/div>\n<\/div>\n\n\n\n<div class=\"wp-block-group is-layout-grid wp-container-core-group-is-layout-baef362d wp-block-group-is-layout-grid\">\n<div class=\"wp-block-group is-content-justification-left is-layout-constrained wp-container-core-group-is-layout-8c890d92 wp-block-group-is-layout-constrained\">\n<figure class=\"wp-block-image aligncenter size-full\"><img loading=\"lazy\" decoding=\"async\" width=\"387\" height=\"200\" src=\"https:\/\/www.tektrade.ee\/lv\/wp-content\/uploads\/sites\/6\/2025\/08\/ResizedImage387200-12.jpg\" alt=\"\" class=\"wp-image-2897\" srcset=\"https:\/\/www.tektrade.ee\/lv\/wp-content\/uploads\/sites\/6\/2025\/08\/ResizedImage387200-12.jpg 387w, https:\/\/www.tektrade.ee\/lv\/wp-content\/uploads\/sites\/6\/2025\/08\/ResizedImage387200-12-300x155.jpg 300w\" sizes=\"auto, (max-width: 387px) 100vw, 387px\" \/><\/figure>\n<\/div>\n\n\n\n<div class=\"wp-block-group is-layout-constrained wp-block-group-is-layout-constrained\">\n<figure class=\"wp-block-image aligncenter size-full\"><img loading=\"lazy\" decoding=\"async\" width=\"258\" height=\"200\" src=\"https:\/\/www.tektrade.ee\/lv\/wp-content\/uploads\/sites\/6\/2025\/08\/ResizedImage258200-53.jpg\" alt=\"\" class=\"wp-image-2898\"\/><\/figure>\n<\/div>\n<\/div>\n\n\n\n<div class=\"wp-block-group is-layout-grid wp-container-core-group-is-layout-baef362d wp-block-group-is-layout-grid\">\n<div class=\"wp-block-group is-content-justification-left is-layout-constrained wp-container-core-group-is-layout-8c890d92 wp-block-group-is-layout-constrained\">\n<figure class=\"wp-block-image aligncenter size-full\"><img loading=\"lazy\" decoding=\"async\" width=\"344\" height=\"200\" src=\"https:\/\/www.tektrade.ee\/lv\/wp-content\/uploads\/sites\/6\/2025\/08\/ResizedImage344200-45.jpg\" alt=\"\" class=\"wp-image-2899\" srcset=\"https:\/\/www.tektrade.ee\/lv\/wp-content\/uploads\/sites\/6\/2025\/08\/ResizedImage344200-45.jpg 344w, https:\/\/www.tektrade.ee\/lv\/wp-content\/uploads\/sites\/6\/2025\/08\/ResizedImage344200-45-300x174.jpg 300w\" sizes=\"auto, (max-width: 344px) 100vw, 344px\" \/><\/figure>\n<\/div>\n\n\n\n<div class=\"wp-block-group is-layout-constrained wp-block-group-is-layout-constrained\">\n<figure class=\"wp-block-image aligncenter size-full\"><img loading=\"lazy\" decoding=\"async\" width=\"286\" height=\"200\" src=\"https:\/\/www.tektrade.ee\/lv\/wp-content\/uploads\/sites\/6\/2025\/08\/ResizedImage286200-42.jpg\" alt=\"\" class=\"wp-image-2900\"\/><\/figure>\n<\/div>\n<\/div>\n\n\n\n<p><\/p>\n","protected":false},"featured_media":0,"parent":2877,"menu_order":36,"template":"","class_list":["post-2894","product","type-product","status-publish","hentry"],"acf":[],"_links":{"self":[{"href":"https:\/\/www.tektrade.ee\/lv\/wp-json\/wp\/v2\/product\/2894","targetHints":{"allow":["GET"]}}],"collection":[{"href":"https:\/\/www.tektrade.ee\/lv\/wp-json\/wp\/v2\/product"}],"about":[{"href":"https:\/\/www.tektrade.ee\/lv\/wp-json\/wp\/v2\/types\/product"}],"version-history":[{"count":2,"href":"https:\/\/www.tektrade.ee\/lv\/wp-json\/wp\/v2\/product\/2894\/revisions"}],"predecessor-version":[{"id":3123,"href":"https:\/\/www.tektrade.ee\/lv\/wp-json\/wp\/v2\/product\/2894\/revisions\/3123"}],"up":[{"embeddable":true,"href":"https:\/\/www.tektrade.ee\/lv\/wp-json\/wp\/v2\/product\/2877"}],"wp:attachment":[{"href":"https:\/\/www.tektrade.ee\/lv\/wp-json\/wp\/v2\/media?parent=2894"}],"curies":[{"name":"wp","href":"https:\/\/api.w.org\/{rel}","templated":true}]}}