{"id":2889,"date":"2025-08-16T13:01:04","date_gmt":"2025-08-16T10:01:04","guid":{"rendered":"https:\/\/www.tektrade.ee\/lv\/?post_type=product&#038;p=2889"},"modified":"2025-08-18T20:30:18","modified_gmt":"2025-08-18T17:30:18","slug":"gumijas-izplesanas-kompensatori","status":"publish","type":"product","link":"https:\/\/www.tektrade.ee\/lv\/preces\/caurulvadu-sastavdalas\/kompensatori\/gumijas-izplesanas-kompensatori\/","title":{"rendered":"Gumijas izple\u0161an\u0101s kompensatori"},"content":{"rendered":"\n<p>M\u016bsu pre\u010du kl\u0101st\u0101 ir:<\/p>\n\n\n\n<ul class=\"wp-block-list\">\n<li>standarta izlieti (profil\u0113ti) izple\u0161an\u0101s kompensatori no augstas kvalit\u0101tes gumijas materi\u0101la, kas ir apr\u012bkoti ar cinkotiem oglek\u013ca t\u0113rauda atlokiem;<\/li>\n\n\n\n<li>p\u0113c \u012bpa\u0161a pas\u016bt\u012bjuma izgatavoti izple\u0161an\u0101s kompensatori, kuru met\u0101la atloks ir p\u0101rkl\u0101ts ar to pa\u0161u gumijas materi\u0101lu, no kura ir izliets izple\u0161an\u0101s kompensators; izple\u0161an\u0101s kompensatora atloka caurumus izurbj atbilsto\u0161i pret\u0113j\u0101 atloka caurumiem.<\/li>\n<\/ul>\n\n\n\n<p>Izmantojamie gumijas materi\u0101li: NBR, EPDM, EPDM HT, FKM, Neoprene\u00ae, Hypalon\u00ae.<\/p>\n\n\n\n<div style=\"height:30px\" aria-hidden=\"true\" class=\"wp-block-spacer\"><\/div>\n\n\n\n<div class=\"wp-block-file\"><a id=\"wp-block-file--media-9162f7c6-c03d-4ad0-880a-a85449c7d92b\" href=\"https:\/\/www.tektrade.ee\/lv\/wp-content\/uploads\/sites\/6\/2025\/08\/Macoga-rubber-expansion-joints-brochure-2011.pdf\" target=\"_blank\" rel=\"noreferrer noopener\">Produktu katalogs<\/a><\/div>\n\n\n\n<div style=\"height:30px\" aria-hidden=\"true\" class=\"wp-block-spacer\"><\/div>\n\n\n\n<div class=\"wp-block-group is-layout-grid wp-container-core-group-is-layout-baef362d wp-block-group-is-layout-grid\">\n<div class=\"wp-block-group is-content-justification-left is-layout-constrained wp-container-core-group-is-layout-8c890d92 wp-block-group-is-layout-constrained\">\n<figure class=\"wp-block-image aligncenter size-full\"><img loading=\"lazy\" decoding=\"async\" width=\"249\" height=\"213\" src=\"https:\/\/www.tektrade.ee\/lv\/wp-content\/uploads\/sites\/6\/2025\/08\/ResizedImage249213-MACW-full-face-rubber.jpg\" alt=\"\" class=\"wp-image-2891\"\/><figcaption class=\"wp-element-caption\">Standarta gumijas kompensators<br><\/figcaption><\/figure>\n<\/div>\n\n\n\n<div class=\"wp-block-group is-layout-constrained wp-block-group-is-layout-constrained\">\n<figure class=\"wp-block-image aligncenter size-full\"><img loading=\"lazy\" decoding=\"async\" width=\"250\" height=\"213\" src=\"https:\/\/www.tektrade.ee\/lv\/wp-content\/uploads\/sites\/6\/2025\/08\/ResizedImage250213-MACF-standar-rubber-expansion-joint.jpg\" alt=\"\" class=\"wp-image-2892\"\/><figcaption class=\"wp-element-caption\">P\u0113c \u012bpa\u0161a pas\u016bt\u012bjuma izgatavots gumijas kompensators<br><\/figcaption><\/figure>\n<\/div>\n<\/div>\n","protected":false},"featured_media":0,"parent":2877,"menu_order":35,"template":"","class_list":["post-2889","product","type-product","status-publish","hentry"],"acf":[],"_links":{"self":[{"href":"https:\/\/www.tektrade.ee\/lv\/wp-json\/wp\/v2\/product\/2889","targetHints":{"allow":["GET"]}}],"collection":[{"href":"https:\/\/www.tektrade.ee\/lv\/wp-json\/wp\/v2\/product"}],"about":[{"href":"https:\/\/www.tektrade.ee\/lv\/wp-json\/wp\/v2\/types\/product"}],"version-history":[{"count":2,"href":"https:\/\/www.tektrade.ee\/lv\/wp-json\/wp\/v2\/product\/2889\/revisions"}],"predecessor-version":[{"id":3122,"href":"https:\/\/www.tektrade.ee\/lv\/wp-json\/wp\/v2\/product\/2889\/revisions\/3122"}],"up":[{"embeddable":true,"href":"https:\/\/www.tektrade.ee\/lv\/wp-json\/wp\/v2\/product\/2877"}],"wp:attachment":[{"href":"https:\/\/www.tektrade.ee\/lv\/wp-json\/wp\/v2\/media?parent=2889"}],"curies":[{"name":"wp","href":"https:\/\/api.w.org\/{rel}","templated":true}]}}