{"id":2885,"date":"2025-08-16T13:00:00","date_gmt":"2025-08-16T10:00:00","guid":{"rendered":"https:\/\/www.tektrade.ee\/lv\/?post_type=product&#038;p=2885"},"modified":"2025-08-18T20:29:47","modified_gmt":"2025-08-18T17:29:47","slug":"visparigi-par-izplesanas-kompensatoriem","status":"publish","type":"product","link":"https:\/\/www.tektrade.ee\/lv\/preces\/caurulvadu-sastavdalas\/kompensatori\/visparigi-par-izplesanas-kompensatoriem\/","title":{"rendered":"Visp\u0101r\u012bgi par izple\u0161an\u0101s kompensatoriem"},"content":{"rendered":"\n<p>Sp\u0113ks un kust\u012bba vienm\u0113r ir ar mums. Cauru\u013cvada iek\u0161\u0113j\u0101 spiediena rezult\u0101t\u0101 rodas gareniskie sp\u0113ki, kas tiek l\u012bdzsvaroti ar cauru\u013cvada ciet\u012bbu, l\u012bkumiem un stiprin\u0101jumiem. Bet ja t\u0101 tom\u0113r nav? \u0160aj\u0101 gad\u012bjum\u0101 risin\u0101jums ir izple\u0161an\u0101s kompensators. Izple\u0161an\u0101s kompensatori ir vajadz\u012bgi viet\u0101s, kur ir augstas temperat\u016bras sv\u0101rst\u012bbas, vai viet\u0101s, kur ir nepiecie\u0161ams kompens\u0113t cauru\u013cu kust\u012bbas vai vibr\u0101cijas.&nbsp;<\/p>\n\n\n\n<p><br>Izple\u0161an\u0101s kompensatorus izgatavo no da\u017e\u0101diem materi\u0101liem: met\u0101la, gumijas, auduma, plastmasas.<br><br>Izple\u0161an\u0101s kompensatorus izmanto, lai kompens\u0113tu aksi\u0101lo, later\u0101lo un le\u0146\u0137a kust\u012bbu.<\/p>\n\n\n\n<p>Izple\u0161an\u0101s kompensatoru galven\u0101s priek\u0161roc\u012bbas ir:<\/p>\n\n\n\n<ul class=\"wp-block-list\">\n<li>uzst\u0101d\u012b\u0161anai nav vajadz\u012bgs daudz vietas;<\/li>\n\n\n\n<li>cauru\u013cu kust\u012bba tiek absorb\u0113ta da\u017e\u0101dos virzienos, jo izple\u0161an\u0101s kompensatori ir elast\u012bgi;<\/li>\n\n\n\n<li>nav nepiecie\u0161ama apkope;<\/li>\n\n\n\n<li>samazina slodzi un siltuma zudumus l\u012bdz minimumam.<\/li>\n<\/ul>\n\n\n\n<div class=\"wp-block-file\"><a id=\"wp-block-file--media-d0f2d26f-e284-4631-8039-ca69ac19a1e6\" href=\"https:\/\/www.tektrade.ee\/lv\/wp-content\/uploads\/sites\/6\/2025\/08\/Certificates-Approval-MACOGA.pdf\" target=\"_blank\" rel=\"noreferrer noopener\">Apliec\u012bba<\/a><\/div>\n\n\n\n<div class=\"wp-block-file\"><a id=\"wp-block-file--media-e8c4008b-e9b0-4b90-a1d4-7de95ceab279\" href=\"https:\/\/www.tektrade.ee\/lv\/wp-content\/uploads\/sites\/6\/2025\/08\/Kompensaatorite-paeringuleht-eesti-k.pdf\" target=\"_blank\" rel=\"noreferrer noopener\">Anketa<\/a><\/div>\n","protected":false},"featured_media":0,"parent":2877,"menu_order":34,"template":"","class_list":["post-2885","product","type-product","status-publish","hentry"],"acf":[],"_links":{"self":[{"href":"https:\/\/www.tektrade.ee\/lv\/wp-json\/wp\/v2\/product\/2885","targetHints":{"allow":["GET"]}}],"collection":[{"href":"https:\/\/www.tektrade.ee\/lv\/wp-json\/wp\/v2\/product"}],"about":[{"href":"https:\/\/www.tektrade.ee\/lv\/wp-json\/wp\/v2\/types\/product"}],"version-history":[{"count":3,"href":"https:\/\/www.tektrade.ee\/lv\/wp-json\/wp\/v2\/product\/2885\/revisions"}],"predecessor-version":[{"id":3121,"href":"https:\/\/www.tektrade.ee\/lv\/wp-json\/wp\/v2\/product\/2885\/revisions\/3121"}],"up":[{"embeddable":true,"href":"https:\/\/www.tektrade.ee\/lv\/wp-json\/wp\/v2\/product\/2877"}],"wp:attachment":[{"href":"https:\/\/www.tektrade.ee\/lv\/wp-json\/wp\/v2\/media?parent=2885"}],"curies":[{"name":"wp","href":"https:\/\/api.w.org\/{rel}","templated":true}]}}