{"id":2883,"date":"2025-08-16T12:58:51","date_gmt":"2025-08-16T09:58:51","guid":{"rendered":"https:\/\/www.tektrade.ee\/lv\/?post_type=product&#038;p=2883"},"modified":"2025-08-18T22:28:33","modified_gmt":"2025-08-18T19:28:33","slug":"savienojumi-slutenes-un-caurules","status":"publish","type":"product","link":"https:\/\/www.tektrade.ee\/lv\/preces\/caurulvadu-sastavdalas\/savienojumi-slutenes-un-caurules\/","title":{"rendered":"Savienojumi, \u0161\u013c\u016btenes un caurules"},"content":{"rendered":"","protected":false},"featured_media":0,"parent":2874,"menu_order":50,"template":"","class_list":["post-2883","product","type-product","status-publish","hentry"],"acf":[],"_links":{"self":[{"href":"https:\/\/www.tektrade.ee\/lv\/wp-json\/wp\/v2\/product\/2883","targetHints":{"allow":["GET"]}}],"collection":[{"href":"https:\/\/www.tektrade.ee\/lv\/wp-json\/wp\/v2\/product"}],"about":[{"href":"https:\/\/www.tektrade.ee\/lv\/wp-json\/wp\/v2\/types\/product"}],"version-history":[{"count":2,"href":"https:\/\/www.tektrade.ee\/lv\/wp-json\/wp\/v2\/product\/2883\/revisions"}],"predecessor-version":[{"id":3158,"href":"https:\/\/www.tektrade.ee\/lv\/wp-json\/wp\/v2\/product\/2883\/revisions\/3158"}],"up":[{"embeddable":true,"href":"https:\/\/www.tektrade.ee\/lv\/wp-json\/wp\/v2\/product\/2874"}],"wp:attachment":[{"href":"https:\/\/www.tektrade.ee\/lv\/wp-json\/wp\/v2\/media?parent=2883"}],"curies":[{"name":"wp","href":"https:\/\/api.w.org\/{rel}","templated":true}]}}