{"id":2881,"date":"2025-08-16T12:58:41","date_gmt":"2025-08-16T09:58:41","guid":{"rendered":"https:\/\/www.tektrade.ee\/lv\/?post_type=product&#038;p=2881"},"modified":"2025-08-18T22:17:53","modified_gmt":"2025-08-18T19:17:53","slug":"varsti-aizbidni-ventili-skidrumiem-un-gazem","status":"publish","type":"product","link":"https:\/\/www.tektrade.ee\/lv\/preces\/caurulvadu-sastavdalas\/varsti-aizbidni-ventili-skidrumiem-un-gazem\/","title":{"rendered":"V\u0101rsti, aizb\u012bd\u0146i, venti\u013ci \u0161\u0137idrumiem un g\u0101z\u0113m"},"content":{"rendered":"","protected":false},"featured_media":0,"parent":2874,"menu_order":44,"template":"","class_list":["post-2881","product","type-product","status-publish","hentry"],"acf":[],"_links":{"self":[{"href":"https:\/\/www.tektrade.ee\/lv\/wp-json\/wp\/v2\/product\/2881","targetHints":{"allow":["GET"]}}],"collection":[{"href":"https:\/\/www.tektrade.ee\/lv\/wp-json\/wp\/v2\/product"}],"about":[{"href":"https:\/\/www.tektrade.ee\/lv\/wp-json\/wp\/v2\/types\/product"}],"version-history":[{"count":3,"href":"https:\/\/www.tektrade.ee\/lv\/wp-json\/wp\/v2\/product\/2881\/revisions"}],"predecessor-version":[{"id":3147,"href":"https:\/\/www.tektrade.ee\/lv\/wp-json\/wp\/v2\/product\/2881\/revisions\/3147"}],"up":[{"embeddable":true,"href":"https:\/\/www.tektrade.ee\/lv\/wp-json\/wp\/v2\/product\/2874"}],"wp:attachment":[{"href":"https:\/\/www.tektrade.ee\/lv\/wp-json\/wp\/v2\/media?parent=2881"}],"curies":[{"name":"wp","href":"https:\/\/api.w.org\/{rel}","templated":true}]}}