{"id":2866,"date":"2025-08-16T12:56:04","date_gmt":"2025-08-16T09:56:04","guid":{"rendered":"https:\/\/www.tektrade.ee\/lv\/?post_type=product&#038;p=2866"},"modified":"2025-08-18T22:43:26","modified_gmt":"2025-08-18T19:43:26","slug":"masas-parneses-tehnologija","status":"publish","type":"product","link":"https:\/\/www.tektrade.ee\/lv\/preces\/siltummaini-un-masas-parneses-tehnologija\/masas-parneses-tehnologija\/","title":{"rendered":"Masas p\u0101rneses tehnolo\u0123ija"},"content":{"rendered":"\n<p>Sadarb\u012bb\u0101 ar V\u0101cijas ra\u017eot\u0101ju \u201eRVT Process Equipment GmbH\u201c pied\u0101v\u0101jam r\u016bpniec\u012bbas proces\u0101 izmantojamas masas p\u0101rneses iek\u0101rtas un instrumentus.<\/p>\n\n\n\n<ul class=\"wp-block-list\">\n<li>Destil\u0101cijas un rektifik\u0101cijas kolonnas<\/li>\n<\/ul>\n\n\n\n<div class=\"wp-block-group is-nowrap is-layout-flex wp-container-core-group-is-layout-ad2f72ca wp-block-group-is-layout-flex\">\n<div class=\"wp-block-group is-layout-constrained wp-block-group-is-layout-constrained\">\n<figure class=\"wp-block-image alignleft size-full\"><img loading=\"lazy\" decoding=\"async\" width=\"148\" height=\"400\" src=\"https:\/\/www.tektrade.ee\/lv\/wp-content\/uploads\/sites\/6\/2025\/08\/ResizedImage148400-Illustration-Column.jpg\" alt=\"\" class=\"wp-image-2867\" srcset=\"https:\/\/www.tektrade.ee\/lv\/wp-content\/uploads\/sites\/6\/2025\/08\/ResizedImage148400-Illustration-Column.jpg 148w, https:\/\/www.tektrade.ee\/lv\/wp-content\/uploads\/sites\/6\/2025\/08\/ResizedImage148400-Illustration-Column-111x300.jpg 111w\" sizes=\"auto, (max-width: 148px) 100vw, 148px\" \/><figcaption class=\"wp-element-caption\"><em>Kolonnas piem\u0113rs<br><\/em><\/figcaption><\/figure>\n<\/div>\n<\/div>\n\n\n\n<ul class=\"wp-block-list\">\n<li>Pild\u012bjums\u00a0\u2013 nestruktur\u0101lie un struktur\u0101lie pild\u012bjumi (met\u0101la, keramikas, plastmasas)<br><\/li>\n<\/ul>\n\n\n\n<div class=\"wp-block-group is-layout-grid wp-container-core-group-is-layout-baef362d wp-block-group-is-layout-grid\">\n<div class=\"wp-block-group is-content-justification-left is-layout-constrained wp-container-core-group-is-layout-8c890d92 wp-block-group-is-layout-constrained\">\n<figure class=\"wp-block-image aligncenter size-full\"><img loading=\"lazy\" decoding=\"async\" width=\"300\" height=\"300\" src=\"https:\/\/www.tektrade.ee\/lv\/wp-content\/uploads\/sites\/6\/2025\/08\/ResizedImage300300-Random-Packings.jpg\" alt=\"\" class=\"wp-image-2868\" srcset=\"https:\/\/www.tektrade.ee\/lv\/wp-content\/uploads\/sites\/6\/2025\/08\/ResizedImage300300-Random-Packings.jpg 300w, https:\/\/www.tektrade.ee\/lv\/wp-content\/uploads\/sites\/6\/2025\/08\/ResizedImage300300-Random-Packings-150x150.jpg 150w, https:\/\/www.tektrade.ee\/lv\/wp-content\/uploads\/sites\/6\/2025\/08\/ResizedImage300300-Random-Packings-100x100.jpg 100w, https:\/\/www.tektrade.ee\/lv\/wp-content\/uploads\/sites\/6\/2025\/08\/ResizedImage300300-Random-Packings-280x280.jpg 280w\" sizes=\"auto, (max-width: 300px) 100vw, 300px\" \/><figcaption class=\"wp-element-caption\">Kolonnu nestruktur\u0101lie pild\u012bjumi<br><\/figcaption><\/figure>\n<\/div>\n\n\n\n<div class=\"wp-block-group is-layout-constrained wp-block-group-is-layout-constrained\">\n<figure class=\"wp-block-image aligncenter size-full\"><img loading=\"lazy\" decoding=\"async\" width=\"452\" height=\"300\" src=\"https:\/\/www.tektrade.ee\/lv\/wp-content\/uploads\/sites\/6\/2025\/08\/ResizedImage452300-Structured-Packings.jpg\" alt=\"\" class=\"wp-image-2869\" srcset=\"https:\/\/www.tektrade.ee\/lv\/wp-content\/uploads\/sites\/6\/2025\/08\/ResizedImage452300-Structured-Packings.jpg 452w, https:\/\/www.tektrade.ee\/lv\/wp-content\/uploads\/sites\/6\/2025\/08\/ResizedImage452300-Structured-Packings-300x199.jpg 300w\" sizes=\"auto, (max-width: 452px) 100vw, 452px\" \/><figcaption class=\"wp-element-caption\">Kolonnu struktur\u0101lie pild\u012bjumi<br><\/figcaption><\/figure>\n<\/div>\n<\/div>\n\n\n\n<div style=\"height:30px\" aria-hidden=\"true\" class=\"wp-block-spacer\"><\/div>\n\n\n\n<ul class=\"wp-block-list\">\n<li>Trauks\u00a0\u2013 kolonnas trauki<br><\/li>\n<\/ul>\n\n\n\n<div class=\"wp-block-group is-nowrap is-layout-flex wp-container-core-group-is-layout-ad2f72ca wp-block-group-is-layout-flex\">\n<div class=\"wp-block-group is-layout-constrained wp-block-group-is-layout-constrained\">\n<figure class=\"wp-block-image alignleft size-full\"><img loading=\"lazy\" decoding=\"async\" width=\"300\" height=\"212\" src=\"https:\/\/www.tektrade.ee\/lv\/wp-content\/uploads\/sites\/6\/2025\/08\/ResizedImage300212-Mass-Transfer-Trays.jpg\" alt=\"\" class=\"wp-image-2870\"\/><figcaption class=\"wp-element-caption\"><em>Trauks \u2013 kolonnas trauki<br><\/em><\/figcaption><\/figure>\n<\/div>\n<\/div>\n\n\n\n<ul class=\"wp-block-list\">\n<li>Kolonnas da\u013cas: g\u0101zu un \u0161\u0137idruma sadal\u012bt\u0101ji, sav\u0101k\u0161anas trauki, mitruma atdal\u012bt\u0101ji, balsti u.c.<br><\/li>\n<\/ul>\n\n\n\n<div class=\"wp-block-group is-layout-grid wp-container-core-group-is-layout-baef362d wp-block-group-is-layout-grid\">\n<div class=\"wp-block-group is-content-justification-left is-layout-constrained wp-container-core-group-is-layout-8c890d92 wp-block-group-is-layout-constrained\">\n<figure class=\"wp-block-image aligncenter size-full\"><img loading=\"lazy\" decoding=\"async\" width=\"300\" height=\"214\" src=\"https:\/\/www.tektrade.ee\/lv\/wp-content\/uploads\/sites\/6\/2025\/08\/ResizedImage300214-Liquid-distributor-pipe.jpg\" alt=\"\" class=\"wp-image-2871\"\/><figcaption class=\"wp-element-caption\">\u0160\u0137idruma sadal\u012bt\u0101js<br><\/figcaption><\/figure>\n<\/div>\n\n\n\n<div class=\"wp-block-group is-layout-constrained wp-block-group-is-layout-constrained\">\n<figure class=\"wp-block-image aligncenter size-full\"><img loading=\"lazy\" decoding=\"async\" width=\"276\" height=\"214\" src=\"https:\/\/www.tektrade.ee\/lv\/wp-content\/uploads\/sites\/6\/2025\/08\/ResizedImage276214-Liquid-distributor-trough-type.jpg\" alt=\"\" class=\"wp-image-2872\"\/><figcaption class=\"wp-element-caption\">\u0160\u0137idruma sadal\u012bt\u0101js<br><\/figcaption><\/figure>\n<\/div>\n<\/div>\n","protected":false},"featured_media":0,"parent":2854,"menu_order":57,"template":"","class_list":["post-2866","product","type-product","status-publish","hentry"],"acf":[],"_links":{"self":[{"href":"https:\/\/www.tektrade.ee\/lv\/wp-json\/wp\/v2\/product\/2866","targetHints":{"allow":["GET"]}}],"collection":[{"href":"https:\/\/www.tektrade.ee\/lv\/wp-json\/wp\/v2\/product"}],"about":[{"href":"https:\/\/www.tektrade.ee\/lv\/wp-json\/wp\/v2\/types\/product"}],"version-history":[{"count":2,"href":"https:\/\/www.tektrade.ee\/lv\/wp-json\/wp\/v2\/product\/2866\/revisions"}],"predecessor-version":[{"id":3170,"href":"https:\/\/www.tektrade.ee\/lv\/wp-json\/wp\/v2\/product\/2866\/revisions\/3170"}],"up":[{"embeddable":true,"href":"https:\/\/www.tektrade.ee\/lv\/wp-json\/wp\/v2\/product\/2854"}],"wp:attachment":[{"href":"https:\/\/www.tektrade.ee\/lv\/wp-json\/wp\/v2\/media?parent=2866"}],"curies":[{"name":"wp","href":"https:\/\/api.w.org\/{rel}","templated":true}]}}