{"id":2856,"date":"2025-08-16T12:53:51","date_gmt":"2025-08-16T09:53:51","guid":{"rendered":"https:\/\/www.tektrade.ee\/lv\/?post_type=product&#038;p=2856"},"modified":"2025-08-18T22:35:02","modified_gmt":"2025-08-18T19:35:02","slug":"siltummaini","status":"publish","type":"product","link":"https:\/\/www.tektrade.ee\/lv\/preces\/siltummaini-un-masas-parneses-tehnologija\/siltummaini\/","title":{"rendered":"Siltummai\u0146i"},"content":{"rendered":"\n<p>Siltuma izmanto\u0161ana ra\u017eo\u0161anas procesos ir diezgan izplat\u012bta. Siltuma apmai\u0146ai izmanto siltummai\u0146us.<br>M\u016bsu pre\u010du kl\u0101st\u0101 ir&nbsp;&nbsp;\u0161\u0137idruma-\u0161\u0137idruma&nbsp;siltummai\u0146i, siltummai\u0146u rezerves da\u013cas (bl\u012bvsl\u0113gi, pl\u0101ksnes) un siltummai\u0146u apkopes produkti.<\/p>\n\n\n\n<p>Izstr\u0101d\u0101jumu kategorijas:<\/p>\n\n\n\n<ul class=\"wp-block-list\">\n<li>pl\u0101k\u0161\u0146u tipa siltummai\u0146i\u00a0\u2013 lod\u0113tie, atdal\u0101mie, metin\u0101tie siltummai\u0146i;<\/li>\n\n\n\n<li>graf\u012bta siltummai\u0146i\u00a0\u2013 cauru\u013cu siltummai\u0146i, bloku siltummai\u0146i;<\/li>\n\n\n\n<li>metin\u0101tie \u201epl\u0101k\u0161\u0146u un korpusa\u201c tipa un \u201ecauru\u013cu un korpusa\u201c tipa siltummai\u0146i;<\/li>\n\n\n\n<li>siltummai\u0146u piederumi un apkopes produkti: bl\u012bvsl\u0113gi, bl\u012bv\u0113jo\u0161\u0101 l\u012bme, piepl\u016bdes s\u016bk\u0146i, pH detektori, mazg\u0101\u0161anas l\u012bdzeklis \u201eKaloxi\u201c.<\/li>\n<\/ul>\n\n\n\n<div class=\"wp-block-file\"><a id=\"wp-block-file--media-eef645ce-7dc5-429a-8b30-ea39acb2c98d\" href=\"https:\/\/www.tektrade.ee\/lv\/wp-content\/uploads\/sites\/6\/2025\/08\/Kaloxi-English-3.pdf\" target=\"_blank\" rel=\"noreferrer noopener\">&#8220;KALOXI&#8221; bro\u0161\u016bra<\/a><\/div>\n\n\n\n<div class=\"wp-block-file\"><a id=\"wp-block-file--media-9e03d702-e8c9-4259-9c57-c1b854fd16a4\" href=\"https:\/\/www.tektrade.ee\/lv\/wp-content\/uploads\/sites\/6\/2025\/08\/GuidAcqua_2023_EN.pdf\">&#8220;GEL&#8221;\u00a0bro\u0161\u016bra\u00a0<\/a><\/div>\n\n\n\n<div class=\"wp-block-file\"><a id=\"wp-block-file--media-8f64fed3-01fe-4706-81cc-6b1e98ca9f37\" href=\"https:\/\/www.tektrade.ee\/lv\/wp-content\/uploads\/sites\/6\/2025\/08\/Inquiry-list-HE-EN-2.doc\" target=\"_blank\" rel=\"noreferrer noopener\">Siltummai\u0146a anketa<\/a><\/div>\n\n\n\n<div class=\"wp-block-group is-layout-grid wp-container-core-group-is-layout-6be84c55 wp-block-group-is-layout-grid\">\n<div class=\"wp-block-group is-content-justification-left is-layout-constrained wp-container-core-group-is-layout-8c890d92 wp-block-group-is-layout-constrained\">\n<figure class=\"wp-block-image aligncenter size-full\"><img loading=\"lazy\" decoding=\"async\" width=\"200\" height=\"200\" src=\"https:\/\/www.tektrade.ee\/lv\/wp-content\/uploads\/sites\/6\/2025\/08\/ResizedImage200200-Soojusvahetid-3.png\" alt=\"\" class=\"wp-image-2862\" srcset=\"https:\/\/www.tektrade.ee\/lv\/wp-content\/uploads\/sites\/6\/2025\/08\/ResizedImage200200-Soojusvahetid-3.png 200w, https:\/\/www.tektrade.ee\/lv\/wp-content\/uploads\/sites\/6\/2025\/08\/ResizedImage200200-Soojusvahetid-3-150x150.png 150w, https:\/\/www.tektrade.ee\/lv\/wp-content\/uploads\/sites\/6\/2025\/08\/ResizedImage200200-Soojusvahetid-3-100x100.png 100w\" sizes=\"auto, (max-width: 200px) 100vw, 200px\" \/><figcaption class=\"wp-element-caption\">Siltummai\u0146i<br><\/figcaption><\/figure>\n<\/div>\n\n\n\n<div class=\"wp-block-group is-layout-constrained wp-block-group-is-layout-constrained\">\n<figure class=\"wp-block-image aligncenter size-full\"><img loading=\"lazy\" decoding=\"async\" width=\"200\" height=\"200\" src=\"https:\/\/www.tektrade.ee\/lv\/wp-content\/uploads\/sites\/6\/2025\/08\/ResizedImage200200-Soojusvahetid-2.png\" alt=\"\" class=\"wp-image-2863\" srcset=\"https:\/\/www.tektrade.ee\/lv\/wp-content\/uploads\/sites\/6\/2025\/08\/ResizedImage200200-Soojusvahetid-2.png 200w, https:\/\/www.tektrade.ee\/lv\/wp-content\/uploads\/sites\/6\/2025\/08\/ResizedImage200200-Soojusvahetid-2-150x150.png 150w, https:\/\/www.tektrade.ee\/lv\/wp-content\/uploads\/sites\/6\/2025\/08\/ResizedImage200200-Soojusvahetid-2-100x100.png 100w\" sizes=\"auto, (max-width: 200px) 100vw, 200px\" \/><figcaption class=\"wp-element-caption\"><em>Siltummai\u0146u pl\u0101ksnes<br><\/em><\/figcaption><\/figure>\n<\/div>\n\n\n\n<div class=\"wp-block-group is-layout-constrained wp-block-group-is-layout-constrained\">\n<figure class=\"wp-block-image aligncenter size-full\"><img loading=\"lazy\" decoding=\"async\" width=\"267\" height=\"200\" src=\"https:\/\/www.tektrade.ee\/lv\/wp-content\/uploads\/sites\/6\/2025\/08\/ResizedImage267200-funke-welded-plate-heat-exchangers.png\" alt=\"\" class=\"wp-image-2864\"\/><figcaption class=\"wp-element-caption\">Metin\u0101ms bloks siltummainis<br><\/figcaption><\/figure>\n<\/div>\n<\/div>\n\n\n\n<p><\/p>\n","protected":false},"featured_media":0,"parent":2854,"menu_order":56,"template":"","class_list":["post-2856","product","type-product","status-publish","hentry"],"acf":[],"_links":{"self":[{"href":"https:\/\/www.tektrade.ee\/lv\/wp-json\/wp\/v2\/product\/2856","targetHints":{"allow":["GET"]}}],"collection":[{"href":"https:\/\/www.tektrade.ee\/lv\/wp-json\/wp\/v2\/product"}],"about":[{"href":"https:\/\/www.tektrade.ee\/lv\/wp-json\/wp\/v2\/types\/product"}],"version-history":[{"count":3,"href":"https:\/\/www.tektrade.ee\/lv\/wp-json\/wp\/v2\/product\/2856\/revisions"}],"predecessor-version":[{"id":3168,"href":"https:\/\/www.tektrade.ee\/lv\/wp-json\/wp\/v2\/product\/2856\/revisions\/3168"}],"up":[{"embeddable":true,"href":"https:\/\/www.tektrade.ee\/lv\/wp-json\/wp\/v2\/product\/2854"}],"wp:attachment":[{"href":"https:\/\/www.tektrade.ee\/lv\/wp-json\/wp\/v2\/media?parent=2856"}],"curies":[{"name":"wp","href":"https:\/\/api.w.org\/{rel}","templated":true}]}}