{"id":2833,"date":"2025-08-16T12:44:07","date_gmt":"2025-08-16T09:44:07","guid":{"rendered":"https:\/\/www.tektrade.ee\/lv\/?post_type=product&#038;p=2833"},"modified":"2025-08-18T22:58:48","modified_gmt":"2025-08-18T19:58:48","slug":"hrd-atra-norobezosanas-sistema","status":"publish","type":"product","link":"https:\/\/www.tektrade.ee\/lv\/preces\/drosibas-aprikojums\/hrd-atra-norobezosanas-sistema\/","title":{"rendered":"HRD &#8211; \u0101tr\u0101 norobe\u017eo\u0161anas sist\u0113ma"},"content":{"rendered":"\n<div class=\"wp-block-group is-nowrap is-layout-flex wp-container-core-group-is-layout-ad2f72ca wp-block-group-is-layout-flex\">\n<div class=\"wp-block-group is-layout-constrained wp-block-group-is-layout-constrained\">\n<figure class=\"wp-block-image alignleft size-full\"><img loading=\"lazy\" decoding=\"async\" width=\"300\" height=\"225\" src=\"https:\/\/www.tektrade.ee\/lv\/wp-content\/uploads\/sites\/6\/2025\/08\/ResizedImage300225-RSBP-components.jpg\" alt=\"\" class=\"wp-image-2834\"\/><figcaption class=\"wp-element-caption\">HRD &#8211; sist\u0113mas sast\u0101vda\u013cas<br><\/figcaption><\/figure>\n<\/div>\n<\/div>\n\n\n\n<div style=\"height:30px\" aria-hidden=\"true\" class=\"wp-block-spacer\"><\/div>\n\n\n\n<p>HRD (lieljaudas) barjer\u0101m ir rakstur\u012bga \u013coti \u0101tra ugunsdz\u0113s\u012bbas vielu izvade caurul\u0113s, kas savieno tehnolo\u0123isko iek\u0101rtu caurules. &nbsp;Sist\u0113ma konstat\u0113 s\u0101kotn\u0113jo eksplozijas f\u0101zi, un tad nom\u0101c uzliesmojo\u0161o putek\u013cu eksplozijas ra\u017eo\u0161anas tehnolo\u0123ij\u0101s.&nbsp;HRD sast\u0101v no \u0101tri rea\u0123\u0113jo\u0161iem sensoriem, vad\u012bbas bloka un pulvera ugunsdz\u0113\u0161amajiem l\u012bdzek\u013ciem.<\/p>\n\n\n\n<p>Galvenais pielietojums:&nbsp; Filtru, silosu, rezervu\u0101ru, dzirnavu, mikseru, ciklonu, smidzin\u0101\u0161anas \u017e\u0101v\u0113t\u0101ju un citu iek\u0101rtu savieno\u0161anas caurules, kur past\u0101v putek\u013cu eksplozijas risks.<br><br><strong>SIST\u0112MAS FUNKCIJAS&nbsp;<\/strong>Detektors s\u016bta sign\u0101lu uz vad\u012bbas ier\u012bci, kas aktiv\u0113 HRD konteineru elementus. Pudeles ir apr\u012bkotas ar \u0101tras atv\u0113r\u0161an\u0101s v\u0101rstiem, kas sp\u0113j nekav\u0113joties izlaist ugunsdz\u0113s\u012bbas aizsarg\u0101taj\u0101 telp\u0101, un izveidot \u013coti efekt\u012bvu ugunsdz\u0113s\u012bbas vielas barjeru.<\/p>\n\n\n\n<div class=\"wp-block-group is-nowrap is-layout-flex wp-container-core-group-is-layout-ad2f72ca wp-block-group-is-layout-flex\">\n<div class=\"wp-block-group is-layout-constrained wp-block-group-is-layout-constrained\">\n<figure class=\"wp-block-image alignleft size-full\"><img loading=\"lazy\" decoding=\"async\" width=\"600\" height=\"227\" src=\"https:\/\/www.tektrade.ee\/lv\/wp-content\/uploads\/sites\/6\/2025\/08\/ResizedImage600227-HRD-3-EN-800x303-1.jpg\" alt=\"\" class=\"wp-image-2835\" srcset=\"https:\/\/www.tektrade.ee\/lv\/wp-content\/uploads\/sites\/6\/2025\/08\/ResizedImage600227-HRD-3-EN-800x303-1.jpg 600w, https:\/\/www.tektrade.ee\/lv\/wp-content\/uploads\/sites\/6\/2025\/08\/ResizedImage600227-HRD-3-EN-800x303-1-300x114.jpg 300w\" sizes=\"auto, (max-width: 600px) 100vw, 600px\" \/><\/figure>\n<\/div>\n<\/div>\n\n\n\n<p>1. Aktiviz\u0113\u0161ana<br>2. Eksplozijas izcelsmes noteik\u0161ana<br>3. Ugunsdz\u0113s\u012bbas l\u012bdzek\u013cu injic\u0113\u0161ana, eksplozijas spiediena samazin\u0101\u0161ana<br>4. Eksplozijas apsl\u0101p\u0113\u0161ana<br><\/p>\n\n\n\n<p><strong><strong><strong>HRD uzst\u0101d\u012b\u0161ana iek\u0101rtu un cauru\u013cu sist\u0113m\u0101s<\/strong><\/strong><\/strong><\/p>\n\n\n\n<div class=\"wp-block-group is-nowrap is-layout-flex wp-container-core-group-is-layout-ad2f72ca wp-block-group-is-layout-flex\">\n<div class=\"wp-block-group is-layout-constrained wp-block-group-is-layout-constrained\">\n<figure class=\"wp-block-image alignleft size-full\"><img loading=\"lazy\" decoding=\"async\" width=\"500\" height=\"284\" src=\"https:\/\/www.tektrade.ee\/lv\/wp-content\/uploads\/sites\/6\/2025\/08\/ResizedImage500284-HRD-2-EN-800x455-1.jpg\" alt=\"\" class=\"wp-image-2836\" srcset=\"https:\/\/www.tektrade.ee\/lv\/wp-content\/uploads\/sites\/6\/2025\/08\/ResizedImage500284-HRD-2-EN-800x455-1.jpg 500w, https:\/\/www.tektrade.ee\/lv\/wp-content\/uploads\/sites\/6\/2025\/08\/ResizedImage500284-HRD-2-EN-800x455-1-300x170.jpg 300w\" sizes=\"auto, (max-width: 500px) 100vw, 500px\" \/><\/figure>\n<\/div>\n<\/div>\n\n\n\n<p>1. Eksplozijas detektors<br>2. Ventilators<br>3. Rot\u0113jo\u0161s v\u0101rsts<br>4. Vad\u012bbas ier\u012bce<br>5. HRD konteineru elements<br>6. Filtrs<\/p>\n\n\n\n<p><a  href=\"https:\/\/www.youtube.com\/watch?time_continue=3&amp;v=6JinB65DgHs\"  target=\"_blank\" rel=\"noreferrer noopener\" target=\"_blank\">VIDEO &#8220;HRD \u0101tr\u0101 norobe\u017eo\u0161anas sist\u0113ma&#8221;<\/a><\/p>\n\n\n\n<p><a  href=\"https:\/\/www.youtube.com\/watch?time_continue=1&amp;v=fDbmfheW_qY\"  target=\"_blank\" rel=\"noreferrer noopener\" target=\"_blank\">VIDEO &#8220;HRD sist\u0113ma&#8221;<\/a><\/p>\n\n\n\n<div class=\"wp-block-group is-nowrap is-layout-flex wp-container-core-group-is-layout-64989fb1 wp-block-group-is-layout-flex\">\n<div class=\"wp-block-group is-layout-flow wp-block-group-is-layout-flow\">\n<figure class=\"wp-block-image size-full is-resized wp-container-content-69bc4bdf\"><img loading=\"lazy\" decoding=\"async\" width=\"200\" height=\"323\" src=\"https:\/\/www.tektrade.ee\/lv\/wp-content\/uploads\/sites\/6\/2025\/08\/ResizedImage200323-HRD-water-shot-355x574-1.jpg\" alt=\"\" class=\"wp-image-2837\" style=\"width:260px\" srcset=\"https:\/\/www.tektrade.ee\/lv\/wp-content\/uploads\/sites\/6\/2025\/08\/ResizedImage200323-HRD-water-shot-355x574-1.jpg 200w, https:\/\/www.tektrade.ee\/lv\/wp-content\/uploads\/sites\/6\/2025\/08\/ResizedImage200323-HRD-water-shot-355x574-1-186x300.jpg 186w\" sizes=\"auto, (max-width: 200px) 100vw, 200px\" \/><figcaption class=\"wp-element-caption\">Water Shot<br><\/figcaption><\/figure>\n<\/div>\n\n\n\n<div class=\"wp-block-group is-layout-constrained wp-block-group-is-layout-constrained\">\n<p><strong>WATER SHOT &#8211; \u012aPA\u0160A NOROBE\u017dO\u0160ANAS SIST\u0112MA<\/strong><br>RSBP ir izstr\u0101d\u0101jis \u012bpa\u0161u norobe\u017eo\u0161anas sist\u0113mu tehnolo\u0123ij\u0101m, kur ugunsgr\u0113ka sl\u0101p\u0113\u0161anas pulveris nav pie\u0146emams. WATER SHOT ir \u012bpa\u0161s HRD trauks, kas apr\u012bkots ar \u0101tras atv\u0113r\u0161an\u0101s v\u0101rstiem un cit\u0101m pier\u012bc\u0113m ar H<sub>2<\/sub>O iek\u0161ien\u0113, ierasto ugunsdz\u0113\u0161anas l\u012bdzek\u013cu viet\u0101.<\/p>\n\n\n\n<p>WATER SHOT &#8211; ir izstr\u0101d\u0101ts, lai aizsarg\u0101tos pret eksplozijas iedarb\u012bbu, \u012bpa\u0161i p\u0101rtikas r\u016bpniec\u012bb\u0101, kur ugunsgr\u0113ka sl\u0101p\u0113\u0161anas pulveris nav pie\u0146emams. Tas ir sevi\u0161\u0137i paredz\u0113ts, lai aizsarg\u0101tu tehnolo\u0123ijas, kas tiek t\u012br\u012btas ar \u016bdeni norm\u0101la procesa ietvaros. T\u0101 pielietojums noteikti atrad\u012bs sev vietu daudz\u0101s cit\u0101s nozar\u0113s, k\u0101 ar\u012b daudz\u0101s da\u017e\u0101d\u0101s tehnolo\u0123ij\u0101s.<\/p>\n<\/div>\n<\/div>\n","protected":false},"featured_media":0,"parent":2799,"menu_order":63,"template":"","class_list":["post-2833","product","type-product","status-publish","hentry"],"acf":[],"_links":{"self":[{"href":"https:\/\/www.tektrade.ee\/lv\/wp-json\/wp\/v2\/product\/2833","targetHints":{"allow":["GET"]}}],"collection":[{"href":"https:\/\/www.tektrade.ee\/lv\/wp-json\/wp\/v2\/product"}],"about":[{"href":"https:\/\/www.tektrade.ee\/lv\/wp-json\/wp\/v2\/types\/product"}],"version-history":[{"count":4,"href":"https:\/\/www.tektrade.ee\/lv\/wp-json\/wp\/v2\/product\/2833\/revisions"}],"predecessor-version":[{"id":3179,"href":"https:\/\/www.tektrade.ee\/lv\/wp-json\/wp\/v2\/product\/2833\/revisions\/3179"}],"up":[{"embeddable":true,"href":"https:\/\/www.tektrade.ee\/lv\/wp-json\/wp\/v2\/product\/2799"}],"wp:attachment":[{"href":"https:\/\/www.tektrade.ee\/lv\/wp-json\/wp\/v2\/media?parent=2833"}],"curies":[{"name":"wp","href":"https:\/\/api.w.org\/{rel}","templated":true}]}}