{"id":2827,"date":"2025-08-16T12:41:34","date_gmt":"2025-08-16T09:41:34","guid":{"rendered":"https:\/\/www.tektrade.ee\/lv\/?post_type=product&#038;p=2827"},"modified":"2025-08-18T22:57:23","modified_gmt":"2025-08-18T19:57:23","slug":"plusmdalis-gatex","status":"publish","type":"product","link":"https:\/\/www.tektrade.ee\/lv\/preces\/drosibas-aprikojums\/plusmdalis-gatex\/","title":{"rendered":"Pl\u016bsmdalis GATEX"},"content":{"rendered":"\n<div class=\"wp-block-group is-nowrap is-layout-flex wp-container-core-group-is-layout-ad2f72ca wp-block-group-is-layout-flex\">\n<div class=\"wp-block-group is-layout-constrained wp-block-group-is-layout-constrained\">\n<figure class=\"wp-block-image alignleft size-full\"><img loading=\"lazy\" decoding=\"async\" width=\"500\" height=\"281\" src=\"https:\/\/www.tektrade.ee\/lv\/wp-content\/uploads\/sites\/6\/2025\/08\/ResizedImage500281-Gatex-2.jpg\" alt=\"\" class=\"wp-image-2828\" srcset=\"https:\/\/www.tektrade.ee\/lv\/wp-content\/uploads\/sites\/6\/2025\/08\/ResizedImage500281-Gatex-2.jpg 500w, https:\/\/www.tektrade.ee\/lv\/wp-content\/uploads\/sites\/6\/2025\/08\/ResizedImage500281-Gatex-2-300x169.jpg 300w\" sizes=\"auto, (max-width: 500px) 100vw, 500px\" \/><figcaption class=\"wp-element-caption\">\u0100triedarb\u012bgs pl\u016bsmdalis GatEx<br><\/figcaption><\/figure>\n<\/div>\n<\/div>\n\n\n\n<div style=\"height:30px\" aria-hidden=\"true\" class=\"wp-block-spacer\"><\/div>\n\n\n\n<p>\u0100triedarb\u012bgais pl\u016bsmdalis GatEx tiek izmantots piln\u012bgai caurules aizv\u0113r\u0161anai eksplozijas gad\u012bjum\u0101, un t\u0101d\u0113\u013c ir piem\u0113rots, lai aizsarg\u0101tu ra\u017eo\u0161anas tehnolo\u0123ijas ar putek\u013cu eksplozijas risku.&nbsp;Piem\u0113rots pneimatisk\u0101m konveijeru l\u012bnij\u0101m, izpl\u016bdes caurul\u0113m un tehnolo\u0123ij\u0101m, kas konstru\u0113tas maksim\u0101lai eksplozijas spiediena pretest\u012bbai.<br><br>Galvenais pielietojums: filtru, silosu, dzirnavu, mikseri, ciklonu, smidzin\u0101\u0161anas \u017e\u0101v\u0113t\u0101ji un citu iek\u0101rtu savieno\u0161anas caurules, kur past\u0101v putek\u013cu eksplozijas risks.<\/p>\n\n\n\n<p>Priek\u0161roc\u012bbas: &nbsp;<br>&#8211; Var lietot uz caurul\u0113m, kuru izm\u0113ru ir liel\u0101ks par DN50<br>&nbsp;&#8211; spiediena pretest\u012bba l\u012bdz 21 b\u0101ram<br>&nbsp;&#8211; \u013coti \u0101trs reakcijas laiks<br>&nbsp;&#8211; \u012bss uzst\u0101d\u012b\u0161anas att\u0101lums<br><br><strong>GATEX diagramma UZST\u0100D\u012a\u0160ANAI UZ CAURULES<\/strong><\/p>\n\n\n\n<div class=\"wp-block-group is-nowrap is-layout-flex wp-container-core-group-is-layout-ad2f72ca wp-block-group-is-layout-flex\">\n<div class=\"wp-block-group is-layout-constrained wp-block-group-is-layout-constrained\">\n<figure class=\"wp-block-image alignleft size-full\"><img loading=\"lazy\" decoding=\"async\" width=\"500\" height=\"239\" src=\"https:\/\/www.tektrade.ee\/lv\/wp-content\/uploads\/sites\/6\/2025\/08\/ResizedImage500239-gatex-2-1-800x383-1.jpg\" alt=\"\" class=\"wp-image-2829\" srcset=\"https:\/\/www.tektrade.ee\/lv\/wp-content\/uploads\/sites\/6\/2025\/08\/ResizedImage500239-gatex-2-1-800x383-1.jpg 500w, https:\/\/www.tektrade.ee\/lv\/wp-content\/uploads\/sites\/6\/2025\/08\/ResizedImage500239-gatex-2-1-800x383-1-300x143.jpg 300w\" sizes=\"auto, (max-width: 500px) 100vw, 500px\" \/><figcaption class=\"wp-element-caption\">Pl\u016bsmdalis GatEx<br><\/figcaption><\/figure>\n<\/div>\n<\/div>\n\n\n\n<p>1. Spr\u0101dziena detektors<br>2. Ventilators<br>3. Rot\u0113jo\u0161s v\u0101rsts<br>4. Vad\u012bbas ier\u012bce<br>5. Pl\u016bsmdalis GatEx<br>6. Filtrs<\/p>\n\n\n\n<p><strong>SIST\u0112MAS FUNKCIJAS<\/strong><br>\u0100triedarb\u012bgais pl\u016bsmdalis GatEx tiek aktiviz\u0113ts p\u0113c s\u0101kotn\u0113jas spr\u0101dziena noteik\u0161anas. Detektors nos\u016bta sign\u0101lu par s\u0101kotn\u0113jo eksploziju l\u012bdz vad\u012bbas ier\u012bcei, kas savuk\u0101rt aktiviz\u0113 v\u0101rsta sl\u0113g\u0161anas meh\u0101nisms. \u0100triedarb\u012bgais pl\u016bsmdalis tiek pneimatiski nosl\u0113gts. Tas iev\u0113ro t.s. bezatteices konstrukciju, kas noliek pl\u016bsmdali dro\u0161\u0101 st\u0101vokl\u012b (sl\u0113gts), ja t\u0101 uzticama funkcion\u0113\u0161ana nevar tikt garant\u0113ta (piem\u0113ram, p\u0101rraujot elektroapg\u0101di vai komunik\u0101cijas \u0137\u0113des, samazinot spiedienu, u.c.).<\/p>\n\n\n\n<p><a  href=\"https:\/\/www.youtube.com\/watch?time_continue=2&amp;v=cXRLocfIpyA\"  target=\"_blank\" rel=\"noreferrer noopener\" target=\"_blank\">VIDEO \u00a0\u201c\u0100triedarb\u012bgs pl\u016bsmdalis Gatex&#8221;<\/a><\/p>\n\n\n\n<div class=\"wp-block-file\"><a id=\"wp-block-file--media-dd688877-4346-4413-8d2f-86b5befa0def\" href=\"https:\/\/www.tektrade.ee\/lv\/wp-content\/uploads\/sites\/6\/2025\/08\/RSBP-2018-ExplosionProtection-EN-web-3.pdf\" target=\"_blank\" rel=\"noreferrer noopener\">RSBP katalogs\u00a0<\/a><\/div>\n\n\n\n<p><\/p>\n","protected":false},"featured_media":0,"parent":2799,"menu_order":62,"template":"","class_list":["post-2827","product","type-product","status-publish","hentry"],"acf":[],"_links":{"self":[{"href":"https:\/\/www.tektrade.ee\/lv\/wp-json\/wp\/v2\/product\/2827","targetHints":{"allow":["GET"]}}],"collection":[{"href":"https:\/\/www.tektrade.ee\/lv\/wp-json\/wp\/v2\/product"}],"about":[{"href":"https:\/\/www.tektrade.ee\/lv\/wp-json\/wp\/v2\/types\/product"}],"version-history":[{"count":2,"href":"https:\/\/www.tektrade.ee\/lv\/wp-json\/wp\/v2\/product\/2827\/revisions"}],"predecessor-version":[{"id":3176,"href":"https:\/\/www.tektrade.ee\/lv\/wp-json\/wp\/v2\/product\/2827\/revisions\/3176"}],"up":[{"embeddable":true,"href":"https:\/\/www.tektrade.ee\/lv\/wp-json\/wp\/v2\/product\/2799"}],"wp:attachment":[{"href":"https:\/\/www.tektrade.ee\/lv\/wp-json\/wp\/v2\/media?parent=2827"}],"curies":[{"name":"wp","href":"https:\/\/api.w.org\/{rel}","templated":true}]}}