{"id":2820,"date":"2025-08-16T12:39:08","date_gmt":"2025-08-16T09:39:08","guid":{"rendered":"https:\/\/www.tektrade.ee\/lv\/?post_type=product&#038;p=2820"},"modified":"2025-08-18T22:54:10","modified_gmt":"2025-08-18T19:54:10","slug":"pretspiediena-varsts-b-flap-i","status":"publish","type":"product","link":"https:\/\/www.tektrade.ee\/lv\/preces\/drosibas-aprikojums\/pretspiediena-varsts-b-flap-i\/","title":{"rendered":"Pretspiediena v\u0101rsts B-FLAP I"},"content":{"rendered":"\n<div class=\"wp-block-group is-nowrap is-layout-flex wp-container-core-group-is-layout-ad2f72ca wp-block-group-is-layout-flex\">\n<div class=\"wp-block-group is-layout-constrained wp-block-group-is-layout-constrained\">\n<figure class=\"wp-block-image alignleft size-full\"><img loading=\"lazy\" decoding=\"async\" width=\"300\" height=\"169\" src=\"https:\/\/www.tektrade.ee\/lv\/wp-content\/uploads\/sites\/6\/2025\/08\/ResizedImage300169-B-flap-I-DN800-1.jpg\" alt=\"\" class=\"wp-image-2821\"\/><figcaption class=\"wp-element-caption\">Pretspiediena v\u0101rsts \u00a0 B-FLAP I<br><\/figcaption><\/figure>\n<\/div>\n<\/div>\n\n\n\n<div style=\"height:30px\" aria-hidden=\"true\" class=\"wp-block-spacer\"><\/div>\n\n\n\n<p>B-Flap I ir meh\u0101niska ier\u012bce, kas paredz\u0113ta, lai nov\u0113rstu liesmas un spiediena izplat\u012b\u0161anos starp atsevi\u0161\u0137\u0101m tehnolo\u0123isko iek\u0101rtu deta\u013c\u0101m putek\u013cu eksplozijas laik\u0101.<\/p>\n\n\n\n<p>Galvenais pielietojums:&nbsp; filtru, silosu, rezervu\u0101ru, dzirnavu, mikseri, ciklonu, smidzin\u0101\u0161anas \u017e\u0101v\u0113t\u0101ji un citu iek\u0101rtu savieno\u0161anas caurules, kur past\u0101v putek\u013cu eksplozijas risks<\/p>\n\n\n\n<p>DIAGRAMMA B-FLAP I UZST\u0100D\u012a\u0160ANAI UZ CAURULES:<\/p>\n\n\n\n<div class=\"wp-block-group is-nowrap is-layout-flex wp-container-core-group-is-layout-ad2f72ca wp-block-group-is-layout-flex\">\n<div class=\"wp-block-group is-layout-constrained wp-block-group-is-layout-constrained\">\n<figure class=\"wp-block-image alignleft size-full\"><img loading=\"lazy\" decoding=\"async\" width=\"500\" height=\"231\" src=\"https:\/\/www.tektrade.ee\/lv\/wp-content\/uploads\/sites\/6\/2025\/08\/ResizedImage500231-b-flap-2-1-800x371-ENG.jpg\" alt=\"\" class=\"wp-image-2822\" srcset=\"https:\/\/www.tektrade.ee\/lv\/wp-content\/uploads\/sites\/6\/2025\/08\/ResizedImage500231-b-flap-2-1-800x371-ENG.jpg 500w, https:\/\/www.tektrade.ee\/lv\/wp-content\/uploads\/sites\/6\/2025\/08\/ResizedImage500231-b-flap-2-1-800x371-ENG-300x139.jpg 300w\" sizes=\"auto, (max-width: 500px) 100vw, 500px\" \/><figcaption class=\"wp-element-caption\">B-Flap I uzst\u0101d\u012b\u0161ana<br><\/figcaption><\/figure>\n<\/div>\n<\/div>\n\n\n\n<p>1. Filtrs<br>2. Ventilators<br>3. Rot\u0113jo\u0161s v\u0101rsts<br>4. Pretspiedien v\u0101rsts B-Flap I<br>5. Eksplozijas spiediena novad\u012b\u0161anas iek\u0101rta<\/p>\n\n\n\n<div class=\"wp-block-group is-nowrap is-layout-flex wp-container-core-group-is-layout-ad2f72ca wp-block-group-is-layout-flex\">\n<div class=\"wp-block-group is-layout-constrained wp-block-group-is-layout-constrained\">\n<figure class=\"wp-block-image alignleft size-full\"><img loading=\"lazy\" decoding=\"async\" width=\"400\" height=\"187\" src=\"https:\/\/www.tektrade.ee\/lv\/wp-content\/uploads\/sites\/6\/2025\/08\/ResizedImage400187-7-B-FLAP-I-2-obr.png\" alt=\"\" class=\"wp-image-2823\" srcset=\"https:\/\/www.tektrade.ee\/lv\/wp-content\/uploads\/sites\/6\/2025\/08\/ResizedImage400187-7-B-FLAP-I-2-obr.png 400w, https:\/\/www.tektrade.ee\/lv\/wp-content\/uploads\/sites\/6\/2025\/08\/ResizedImage400187-7-B-FLAP-I-2-obr-300x140.png 300w\" sizes=\"auto, (max-width: 400px) 100vw, 400px\" \/><figcaption class=\"wp-element-caption\">B-Flap I<br><\/figcaption><\/figure>\n<\/div>\n<\/div>\n\n\n\n<p>Priek\u0161roc\u012bbas:<br>1. Da\u017e\u0101di izm\u0113ri no DN100 l\u012bdz DN800;<br>2. Meh\u0101niska ier\u012bce, kas nav nepiecie\u0161ama elektr\u012bba vai aktiviz\u0113\u0161anas sist\u0113ma;<br>3. Vienk\u0101r\u0161a uzst\u0101d\u012b\u0161ana, p\u0101rbaude un uztur\u0113\u0161ana;<br>4. Zemas uztur\u0113\u0161anas izmaksas;<br>5. Meh\u0101niska izsl\u0113g\u0161ana, kas v\u0101rsts aizveras;<br>6. Piem\u0113rots tehnolo\u0123ij\u0101m, kas darbojas ar vieglmet\u0101la putek\u013ciem;<br>7. Mazi spiediena zudumi;<br>8. Augsta spiediena iztur\u012bba.<\/p>\n\n\n\n<div class=\"wp-block-group is-nowrap is-layout-flex wp-container-core-group-is-layout-ad2f72ca wp-block-group-is-layout-flex\">\n<div class=\"wp-block-group is-layout-constrained wp-block-group-is-layout-constrained\">\n<figure class=\"wp-block-image alignleft size-full\"><img loading=\"lazy\" decoding=\"async\" width=\"600\" height=\"155\" src=\"https:\/\/www.tektrade.ee\/lv\/wp-content\/uploads\/sites\/6\/2025\/08\/ResizedImage600155-smer-proudeni-b-flap-EN-800x207-1.jpg\" alt=\"\" class=\"wp-image-2824\" srcset=\"https:\/\/www.tektrade.ee\/lv\/wp-content\/uploads\/sites\/6\/2025\/08\/ResizedImage600155-smer-proudeni-b-flap-EN-800x207-1.jpg 600w, https:\/\/www.tektrade.ee\/lv\/wp-content\/uploads\/sites\/6\/2025\/08\/ResizedImage600155-smer-proudeni-b-flap-EN-800x207-1-300x78.jpg 300w\" sizes=\"auto, (max-width: 600px) 100vw, 600px\" \/><figcaption class=\"wp-element-caption\">Pretspiediena v\u0101rsts B-Flap I<br><\/figcaption><\/figure>\n<\/div>\n<\/div>\n\n\n\n<div style=\"height:30px\" aria-hidden=\"true\" class=\"wp-block-spacer\"><\/div>\n\n\n\n<p><a  href=\"https:\/\/www.youtube.com\/watch?v=jeZB25t57cY\"  target=\"_blank\" rel=\"noreferrer noopener\" target=\"_blank\">VIDEO &#8220;Pretspiediens v\u0101rsts B-FLAP I&#8221;<\/a><\/p>\n\n\n\n<div class=\"wp-block-file\"><a id=\"wp-block-file--media-c46f575d-e4e8-4c01-8838-98286c0d94bc\" href=\"https:\/\/www.tektrade.ee\/lv\/wp-content\/uploads\/sites\/6\/2025\/08\/RSBP-2018-ExplosionProtection-EN-web-2.pdf\" target=\"_blank\" rel=\"noreferrer noopener\">RSBP katalogs<\/a><\/div>\n\n\n\n<p><\/p>\n","protected":false},"featured_media":0,"parent":2799,"menu_order":61,"template":"","class_list":["post-2820","product","type-product","status-publish","hentry"],"acf":[],"_links":{"self":[{"href":"https:\/\/www.tektrade.ee\/lv\/wp-json\/wp\/v2\/product\/2820","targetHints":{"allow":["GET"]}}],"collection":[{"href":"https:\/\/www.tektrade.ee\/lv\/wp-json\/wp\/v2\/product"}],"about":[{"href":"https:\/\/www.tektrade.ee\/lv\/wp-json\/wp\/v2\/types\/product"}],"version-history":[{"count":3,"href":"https:\/\/www.tektrade.ee\/lv\/wp-json\/wp\/v2\/product\/2820\/revisions"}],"predecessor-version":[{"id":3174,"href":"https:\/\/www.tektrade.ee\/lv\/wp-json\/wp\/v2\/product\/2820\/revisions\/3174"}],"up":[{"embeddable":true,"href":"https:\/\/www.tektrade.ee\/lv\/wp-json\/wp\/v2\/product\/2799"}],"wp:attachment":[{"href":"https:\/\/www.tektrade.ee\/lv\/wp-json\/wp\/v2\/media?parent=2820"}],"curies":[{"name":"wp","href":"https:\/\/api.w.org\/{rel}","templated":true}]}}