{"id":2812,"date":"2025-08-16T12:36:18","date_gmt":"2025-08-16T09:36:18","guid":{"rendered":"https:\/\/www.tektrade.ee\/lv\/?post_type=product&#038;p=2812"},"modified":"2025-08-18T22:53:02","modified_gmt":"2025-08-18T19:53:02","slug":"flex-bezliesmas-eksplozijas-spiediena-novadisanas-ierice","status":"publish","type":"product","link":"https:\/\/www.tektrade.ee\/lv\/preces\/drosibas-aprikojums\/flex-bezliesmas-eksplozijas-spiediena-novadisanas-ierice\/","title":{"rendered":"FLEX Bezliesmas eksplozijas spiediena novad\u012b\u0161anas ier\u012bce"},"content":{"rendered":"\n<div class=\"wp-block-group is-nowrap is-layout-flex wp-container-core-group-is-layout-ad2f72ca wp-block-group-is-layout-flex\">\n<div class=\"wp-block-group is-layout-constrained wp-block-group-is-layout-constrained\">\n<figure class=\"wp-block-image alignleft size-full\"><img loading=\"lazy\" decoding=\"async\" width=\"300\" height=\"169\" src=\"https:\/\/www.tektrade.ee\/lv\/wp-content\/uploads\/sites\/6\/2025\/08\/ResizedImage300169-FLEX-C3-R3-F3-var2.jpg\" alt=\"\" class=\"wp-image-2813\"\/><figcaption class=\"wp-element-caption\">Flex bezliesmas eksplozijas spiediena novad\u012b\u0161anas ier\u012bce<br><\/figcaption><\/figure>\n<\/div>\n<\/div>\n\n\n\n<div style=\"height:30px\" aria-hidden=\"true\" class=\"wp-block-spacer\"><\/div>\n\n\n\n<p>FLEX garant\u0113 eksplozijas spiediena izvadi sl\u0113gt\u0101s vai iek\u0161\u0113j\u0101s telp\u0101s, nevairojot liesmu, b\u012bstamu spiedienu un karstumu uz tuv\u0101ko apk\u0101rtni, t\u0101d\u0101 veid\u0101 iek\u0101rtas un tehnolo\u0123ijas, kas atrodas gr\u016bti pieejam\u0101s viet\u0101s, var tikt aizsarg\u0101tas ar bezliesmas eksplozijas spiediena novad\u012b\u0161anu, nepaaugstinot izmaksas par \u0113ku p\u0101rveido\u0161anu, kas parasti ir saist\u012btas ar klasisku eksplozijas apspie\u0161anas apr\u012bkojumu.<\/p>\n\n\n\n<p>PIELIETOJUMI &#8211; da\u017e\u0101di filtri, rezervu\u0101ri, dzirnavas, drupin\u0101t\u0101ji, cikloni, citas iek\u0101rtas, kur past\u0101v putek\u013cu eksplozijas risks.<\/p>\n\n\n\n<p>Sist\u0113mai ir 2 pamatfunkcijas:<br><br>1. Eksplozijas spiediena izvad\u012b\u0161anas ier\u012bce atveras, strauji pieaug spiediens, un FLEX absorb\u0113 liesmas, dego\u0161us putek\u013cus un g\u0101zes. At\u0161\u0137ir\u012bb\u0101 no klasisk\u0101s eksplozijas spiediena izvades, FLEX sist\u0113ma sp\u0113j&nbsp;absorb\u0113t \u0161\u012bs nev\u0113lam\u0101s blakuspar\u0101d\u012bbas, pateicoties t\u0101 konstrukcijai.<\/p>\n\n\n\n<div class=\"wp-block-group is-nowrap is-layout-flex wp-container-core-group-is-layout-ad2f72ca wp-block-group-is-layout-flex\">\n<div class=\"wp-block-group is-layout-constrained wp-block-group-is-layout-constrained\">\n<figure class=\"wp-block-image alignleft size-full\"><img loading=\"lazy\" decoding=\"async\" width=\"500\" height=\"159\" src=\"https:\/\/www.tektrade.ee\/lv\/wp-content\/uploads\/sites\/6\/2025\/08\/ResizedImage500159-flex-2-bez-razitek-800x255-1.jpg\" alt=\"\" class=\"wp-image-2814\" srcset=\"https:\/\/www.tektrade.ee\/lv\/wp-content\/uploads\/sites\/6\/2025\/08\/ResizedImage500159-flex-2-bez-razitek-800x255-1.jpg 500w, https:\/\/www.tektrade.ee\/lv\/wp-content\/uploads\/sites\/6\/2025\/08\/ResizedImage500159-flex-2-bez-razitek-800x255-1-300x95.jpg 300w\" sizes=\"auto, (max-width: 500px) 100vw, 500px\" \/><figcaption class=\"wp-element-caption\">Eksplozijas spiediena izvad\u012b\u0161anas process Flex iek\u0161ien\u0113<br><\/figcaption><\/figure>\n<\/div>\n<\/div>\n\n\n\n<div style=\"height:30px\" aria-hidden=\"true\" class=\"wp-block-spacer\"><\/div>\n\n\n\n<p>2. Eksplozijas spiediena izvadi var pan\u0101kt l\u012bdz 1500\u00b0C temperat\u016br\u0101. Eksplozijas spiediena izvades laik\u0101 temperat\u016bra tiek pazemin\u0101ta ar FLEX bezliesmas iek\u0101rt\u0101m, pateicoties t\u0101s konstrukcijas, l\u012bdz t\u0101dai temperat\u016brai, kas nav b\u012bstama apk\u0101rt\u0113jam apr\u012bkojumam un person\u0101la darbam un&nbsp; kust\u012bbai.<\/p>\n\n\n\n<p>Uz\u0146\u0113mums RSBP ra\u017eo 3 veidu FLEX iek\u0101rtas:<br><br><strong>FLEX R<\/strong><\/p>\n\n\n\n<div class=\"wp-block-group is-nowrap is-layout-flex wp-container-core-group-is-layout-ad2f72ca wp-block-group-is-layout-flex\">\n<div class=\"wp-block-group is-layout-constrained wp-block-group-is-layout-constrained\">\n<figure class=\"wp-block-image alignleft size-full\"><img loading=\"lazy\" decoding=\"async\" width=\"500\" height=\"128\" src=\"https:\/\/www.tektrade.ee\/lv\/wp-content\/uploads\/sites\/6\/2025\/08\/ResizedImage500128-flex-R-1-1-800x205-1.jpg\" alt=\"\" class=\"wp-image-2815\" srcset=\"https:\/\/www.tektrade.ee\/lv\/wp-content\/uploads\/sites\/6\/2025\/08\/ResizedImage500128-flex-R-1-1-800x205-1.jpg 500w, https:\/\/www.tektrade.ee\/lv\/wp-content\/uploads\/sites\/6\/2025\/08\/ResizedImage500128-flex-R-1-1-800x205-1-300x77.jpg 300w\" sizes=\"auto, (max-width: 500px) 100vw, 500px\" \/><figcaption class=\"wp-element-caption\">FLEX R &#8211; bezliesmas eksplozijas spiediena novad\u012b\u0161anas ier\u012bce<br><\/figcaption><\/figure>\n<\/div>\n<\/div>\n\n\n\n<p><strong>FLEX F<\/strong><\/p>\n\n\n\n<div class=\"wp-block-group is-nowrap is-layout-flex wp-container-core-group-is-layout-ad2f72ca wp-block-group-is-layout-flex\">\n<div class=\"wp-block-group is-layout-constrained wp-block-group-is-layout-constrained\">\n<figure class=\"wp-block-image alignleft size-full\"><img loading=\"lazy\" decoding=\"async\" width=\"500\" height=\"135\" src=\"https:\/\/www.tektrade.ee\/lv\/wp-content\/uploads\/sites\/6\/2025\/08\/ResizedImage500135-flex-F-1-1-800x216-1.jpg\" alt=\"\" class=\"wp-image-2816\" srcset=\"https:\/\/www.tektrade.ee\/lv\/wp-content\/uploads\/sites\/6\/2025\/08\/ResizedImage500135-flex-F-1-1-800x216-1.jpg 500w, https:\/\/www.tektrade.ee\/lv\/wp-content\/uploads\/sites\/6\/2025\/08\/ResizedImage500135-flex-F-1-1-800x216-1-300x81.jpg 300w\" sizes=\"auto, (max-width: 500px) 100vw, 500px\" \/><figcaption class=\"wp-element-caption\">FLEX F &#8211; bezliesmas eksplozijas spiediena novad\u012b\u0161anas ier\u012bce<br><\/figcaption><\/figure>\n<\/div>\n<\/div>\n\n\n\n<p><strong>FLEX C<\/strong><\/p>\n\n\n\n<div class=\"wp-block-group is-nowrap is-layout-flex wp-container-core-group-is-layout-ad2f72ca wp-block-group-is-layout-flex\">\n<div class=\"wp-block-group is-layout-constrained wp-block-group-is-layout-constrained\">\n<figure class=\"wp-block-image alignleft size-full\"><img loading=\"lazy\" decoding=\"async\" width=\"500\" height=\"161\" src=\"https:\/\/www.tektrade.ee\/lv\/wp-content\/uploads\/sites\/6\/2025\/08\/ResizedImage500161-flex-C-5-1-800x258-1.jpg\" alt=\"\" class=\"wp-image-2817\" srcset=\"https:\/\/www.tektrade.ee\/lv\/wp-content\/uploads\/sites\/6\/2025\/08\/ResizedImage500161-flex-C-5-1-800x258-1.jpg 500w, https:\/\/www.tektrade.ee\/lv\/wp-content\/uploads\/sites\/6\/2025\/08\/ResizedImage500161-flex-C-5-1-800x258-1-300x97.jpg 300w\" sizes=\"auto, (max-width: 500px) 100vw, 500px\" \/><figcaption class=\"wp-element-caption\">FLEX C &#8211; bezliesmas eksplozijas spiediena novad\u012b\u0161anas ier\u012bce<br><\/figcaption><\/figure>\n<\/div>\n<\/div>\n\n\n\n<div style=\"height:30px\" aria-hidden=\"true\" class=\"wp-block-spacer\"><\/div>\n\n\n\n<p><a  href=\"https:\/\/www.youtube.com\/watch?v=_aamPlGzvHU\"  target=\"_blank\" rel=\"noreferrer noopener\" target=\"_blank\">VIDEO &#8220;Flex bezliesmas eksplozijas spiediena novad\u012b\u0161ana&#8221;<\/a><\/p>\n\n\n\n<div class=\"wp-block-file\"><a id=\"wp-block-file--media-8694b67a-8450-4323-8fc0-b48a187dd574\" href=\"https:\/\/www.tektrade.ee\/lv\/wp-content\/uploads\/sites\/6\/2025\/08\/RSBP-2018-ExplosionProtection-EN-web-1.pdf\" target=\"_blank\" rel=\"noreferrer noopener\">RSBP produktu katalogs<\/a><\/div>\n\n\n\n<p><\/p>\n","protected":false},"featured_media":0,"parent":2799,"menu_order":60,"template":"","class_list":["post-2812","product","type-product","status-publish","hentry"],"acf":[],"_links":{"self":[{"href":"https:\/\/www.tektrade.ee\/lv\/wp-json\/wp\/v2\/product\/2812","targetHints":{"allow":["GET"]}}],"collection":[{"href":"https:\/\/www.tektrade.ee\/lv\/wp-json\/wp\/v2\/product"}],"about":[{"href":"https:\/\/www.tektrade.ee\/lv\/wp-json\/wp\/v2\/types\/product"}],"version-history":[{"count":2,"href":"https:\/\/www.tektrade.ee\/lv\/wp-json\/wp\/v2\/product\/2812\/revisions"}],"predecessor-version":[{"id":3173,"href":"https:\/\/www.tektrade.ee\/lv\/wp-json\/wp\/v2\/product\/2812\/revisions\/3173"}],"up":[{"embeddable":true,"href":"https:\/\/www.tektrade.ee\/lv\/wp-json\/wp\/v2\/product\/2799"}],"wp:attachment":[{"href":"https:\/\/www.tektrade.ee\/lv\/wp-json\/wp\/v2\/media?parent=2812"}],"curies":[{"name":"wp","href":"https:\/\/api.w.org\/{rel}","templated":true}]}}