{"id":2802,"date":"2025-08-16T12:32:01","date_gmt":"2025-08-16T09:32:01","guid":{"rendered":"https:\/\/www.tektrade.ee\/lv\/?post_type=product&#038;p=2802"},"modified":"2025-08-18T22:51:23","modified_gmt":"2025-08-18T19:51:23","slug":"ijas-spiediena-novadisanas-ierice-vmp","status":"publish","type":"product","link":"https:\/\/www.tektrade.ee\/lv\/preces\/drosibas-aprikojums\/ijas-spiediena-novadisanas-ierice-vmp\/","title":{"rendered":"ijas spiediena novad\u012b\u0161anas ier\u012bce VMP"},"content":{"rendered":"\n<div class=\"wp-block-group is-nowrap is-layout-flex wp-container-core-group-is-layout-ad2f72ca wp-block-group-is-layout-flex\">\n<div class=\"wp-block-group is-layout-constrained wp-block-group-is-layout-constrained\">\n<figure class=\"wp-block-image alignleft size-full\"><img loading=\"lazy\" decoding=\"async\" width=\"300\" height=\"180\" src=\"https:\/\/www.tektrade.ee\/lv\/wp-content\/uploads\/sites\/6\/2025\/08\/ResizedImage300180-VMP-obdelnik-D-F.jpg\" alt=\"\" class=\"wp-image-2809\"\/><figcaption class=\"wp-element-caption\">VMP eksplozijas spiediena novad\u012b\u0161anas ier\u012bce<br><\/figcaption><\/figure>\n<\/div>\n<\/div>\n\n\n\n<div style=\"height:30px\" aria-hidden=\"true\" class=\"wp-block-spacer\"><\/div>\n\n\n\n<p>Eksplozijas spiediena novad\u012b\u0161anas ier\u012bces ir paredz\u0113tas r\u016bpniecisko iek\u0101rtu aizsardz\u012bbai, kur past\u0101v pulvera eksplozijas risks. Uz\u0146\u0113muma RSBP apr\u012bkojums eksplozijas spiediena novad\u012b\u0161anai ir ide\u0101ls risin\u0101jums, lai samazin\u0101tu \u0161o risku un nov\u0113rstu zaud\u0113jumus, kas seko t\u0101diem spr\u0101dzieniem.<\/p>\n\n\n\n<p>Galvenais pielietojums: r\u016bpnieciskie filtri, rezervu\u0101ri, dzirnavas, drupin\u0101t\u0101ji, cikloni un citas iek\u0101rtas.&nbsp;<\/p>\n\n\n\n<div style=\"height:30px\" aria-hidden=\"true\" class=\"wp-block-spacer\"><\/div>\n\n\n\n<div class=\"wp-block-group is-nowrap is-layout-flex wp-container-core-group-is-layout-ad2f72ca wp-block-group-is-layout-flex\">\n<div class=\"wp-block-group is-layout-constrained wp-block-group-is-layout-constrained\">\n<figure class=\"wp-block-image alignleft size-full\"><img loading=\"lazy\" decoding=\"async\" width=\"300\" height=\"228\" src=\"https:\/\/www.tektrade.ee\/lv\/wp-content\/uploads\/sites\/6\/2025\/08\/ResizedImage300228-VMP-3-1-355x270-1.jpg\" alt=\"\" class=\"wp-image-2803\"\/><figcaption class=\"wp-element-caption\">Kupolveida apa\u013cas novad\u012b\u0161anas ier\u012bces<br><\/figcaption><\/figure>\n<\/div>\n<\/div>\n\n\n\n<div style=\"height:30px\" aria-hidden=\"true\" class=\"wp-block-spacer\"><\/div>\n\n\n\n<p><strong>VMP &#8211; kupolveida apa\u013cas eksplozijas spiediena novad\u012b\u0161anas ier\u012bces:<\/strong><br>1. Kupolveida tr\u012bssl\u0101\u0146u novad\u012b\u0161anas ier\u012bces ar PTFE izol\u0101ciju<br>2. Apr\u012bkojumam ar darba temperat\u016bru l\u012bdz 240\u00b0C<br>3. Augsta spiediena pretest\u012bba<br>4. Piem\u0113rots ar\u012b apr\u012bkojumam ar spiediena impulsiem<br>5. SU &#8211; Kupolveid\u012bgas tr\u012bssl\u0101\u0146u ventil\u0101cijas ier\u012bces ar PTFE izol\u0101ciju<br>6. Ner\u016bs\u0113jo\u0161s t\u0113rauds<br>7. Sertifik\u0101cija saska\u0146\u0101 ar EN 14 797<\/p>\n\n\n\n<div class=\"wp-block-group is-nowrap is-layout-flex wp-container-core-group-is-layout-ad2f72ca wp-block-group-is-layout-flex\">\n<div class=\"wp-block-group is-layout-constrained wp-block-group-is-layout-constrained\">\n<figure class=\"wp-block-image alignleft size-full\"><img loading=\"lazy\" decoding=\"async\" width=\"300\" height=\"176\" src=\"https:\/\/www.tektrade.ee\/lv\/wp-content\/uploads\/sites\/6\/2025\/08\/ResizedImage300176-VMP-rectangular.png\" alt=\"\" class=\"wp-image-2804\"\/><figcaption class=\"wp-element-caption\">Kupolveida taisnst\u016bra novad\u012b\u0161anas ier\u012bces<br><\/figcaption><\/figure>\n<\/div>\n<\/div>\n\n\n\n<p><strong>VMP &#8211; Kupolveida taisnst\u016bra eksplozijas novad\u012b\u0161anas ier\u012bces:<\/strong><br>1. Vienk\u0101r\u0161a sl\u0101\u0146a konstrukcija apr\u012bkojumam, kam darba temperat\u016bra ir l\u012bdz 100\u00b0C<br>2. Tr\u012bsk\u0101r\u0161a sl\u0101\u0146a konstrukcija ar augstu zemspiediena pretest\u012bbu un PTFE izol\u0101ciju darba temperat\u016brai l\u012bdz 240\u00b0C<br>3. Piem\u0113rots ar\u012b apr\u012bkojumam ar spiediena impulsiem<br>4. Ner\u016bs\u0113jo\u0161s t\u0113rauds<br>5. D &#8211; Kupolveid\u012bgas viena sl\u0101\u0146a novad\u012b\u0161anas iek\u0101rtas<br>6. SU &#8211; Kupolveid\u012bgas tr\u012bssl\u0101\u0146u ventil\u0101cijas ier\u012bces ar PTFE izol\u0101ciju<br>7. Sertifik\u0101cija saska\u0146\u0101 ar EN 14 797<\/p>\n\n\n\n<div class=\"wp-block-group is-nowrap is-layout-flex wp-container-core-group-is-layout-ad2f72ca wp-block-group-is-layout-flex\">\n<div class=\"wp-block-group is-layout-constrained wp-block-group-is-layout-constrained\">\n<figure class=\"wp-block-image alignleft size-full\"><img loading=\"lazy\" decoding=\"async\" width=\"300\" height=\"198\" src=\"https:\/\/www.tektrade.ee\/lv\/wp-content\/uploads\/sites\/6\/2025\/08\/ResizedImage300198-VMP-630x310-F.jpg\" alt=\"\" class=\"wp-image-2805\"\/><figcaption class=\"wp-element-caption\">Plakana taisnst\u016bra novad\u012b\u0161anas ier\u012bce<br><\/figcaption><\/figure>\n<\/div>\n<\/div>\n\n\n\n<p><strong>VMP &#8211; plakanas taisnst\u016bra eksplozijas novad\u012b\u0161anas ier\u012bces:<\/strong><br>1. Piem\u0113rotas lieto\u0161anai ar zem\u0101m darba spiedienu (l\u012bdz 50% no dro\u0161\u012bbas atv\u0113r\u0161an\u0101s spiediena)<br>2. Apr\u012bkojumam ar darba temperat\u016bru l\u012bdz 100 \u00b0C<br>3. Uzst\u0101d\u012b\u0161ana bez aug\u0161\u0113j\u0101 atloka<br>4. Ner\u016bs\u0113jo\u0161s t\u0113rauds<br>5. F &#8211; Plakan\u0101s v\u0113din\u0101\u0161anas iek\u0101rtas<br>6. Sertifik\u0101cija saska\u0146\u0101 ar EN 14 79<\/p>\n\n\n\n<div style=\"height:30px\" aria-hidden=\"true\" class=\"wp-block-spacer\"><\/div>\n\n\n\n<div class=\"wp-block-group is-nowrap is-layout-flex wp-container-core-group-is-layout-ad2f72ca wp-block-group-is-layout-flex\">\n<div class=\"wp-block-group is-layout-constrained wp-block-group-is-layout-constrained\">\n<figure class=\"wp-block-image alignleft size-full\"><img loading=\"lazy\" decoding=\"async\" width=\"300\" height=\"200\" src=\"https:\/\/www.tektrade.ee\/lv\/wp-content\/uploads\/sites\/6\/2025\/08\/ResizedImage300200-VMP-explosion-doors.jpg\" alt=\"\" class=\"wp-image-2806\"\/><figcaption class=\"wp-element-caption\"><em>Magn\u0113tiskais panelis<br><\/em><\/figcaption><\/figure>\n<\/div>\n<\/div>\n\n\n\n<p><strong>Magnetluugid:<br><\/strong><strong>Magn\u0113tiskie pane\u013ci:<\/strong><br>1. Der\u012bgi lieto\u0161anai ar zemu darba spiedienu un bez spiediena impulsiem<br>2. Materi\u0101ls: Oglek\u013ca t\u0113rauds, cinkots<br>3. Sp\u0113ja tikt atk\u0101rtoti izmantotam<br>4. Tehnolo\u0123ij\u0101m ar \u013coti zemu notur\u012bbu pret spiedienu<\/p>\n\n\n\n<p><a  href=\"https:\/\/www.youtube.com\/watch?v=w28eiQDbIyg\"  target=\"_blank\" rel=\"noreferrer noopener\" target=\"_blank\"><br>VIDEO &#8220;RSBP eksplozijas novad\u012b\u0161anas ier\u012bces&#8221;<\/a><strong><a  href=\"https:\/\/www.youtube.com\/watch?v=w28eiQDbIyg\"  target=\"_blank\" rel=\"noreferrer noopener\" target=\"_blank\"><br><\/a><\/strong><\/p>\n\n\n\n<div class=\"wp-block-file\"><a id=\"wp-block-file--media-874a6bad-0b4b-49f6-b3f6-6b253ccb652b\" href=\"https:\/\/www.tektrade.ee\/lv\/wp-content\/uploads\/sites\/6\/2025\/08\/RSBP-2018-ExplosionProtection-EN-web.pdf\" target=\"_blank\" rel=\"noreferrer noopener\">Katalogs \u2013 aizsardz\u012bba pret eksploziju<\/a><\/div>\n\n\n\n<p><\/p>\n","protected":false},"featured_media":0,"parent":2799,"menu_order":59,"template":"","class_list":["post-2802","product","type-product","status-publish","hentry"],"acf":[],"_links":{"self":[{"href":"https:\/\/www.tektrade.ee\/lv\/wp-json\/wp\/v2\/product\/2802","targetHints":{"allow":["GET"]}}],"collection":[{"href":"https:\/\/www.tektrade.ee\/lv\/wp-json\/wp\/v2\/product"}],"about":[{"href":"https:\/\/www.tektrade.ee\/lv\/wp-json\/wp\/v2\/types\/product"}],"version-history":[{"count":4,"href":"https:\/\/www.tektrade.ee\/lv\/wp-json\/wp\/v2\/product\/2802\/revisions"}],"predecessor-version":[{"id":3172,"href":"https:\/\/www.tektrade.ee\/lv\/wp-json\/wp\/v2\/product\/2802\/revisions\/3172"}],"up":[{"embeddable":true,"href":"https:\/\/www.tektrade.ee\/lv\/wp-json\/wp\/v2\/product\/2799"}],"wp:attachment":[{"href":"https:\/\/www.tektrade.ee\/lv\/wp-json\/wp\/v2\/media?parent=2802"}],"curies":[{"name":"wp","href":"https:\/\/api.w.org\/{rel}","templated":true}]}}