{"id":2796,"date":"2025-08-16T12:28:35","date_gmt":"2025-08-16T09:28:35","guid":{"rendered":"https:\/\/www.tektrade.ee\/lv\/?post_type=product&#038;p=2796"},"modified":"2025-08-18T23:07:23","modified_gmt":"2025-08-18T20:07:23","slug":"ar-saspiestu-gaisu-darbinami-membranu-sukni","status":"publish","type":"product","link":"https:\/\/www.tektrade.ee\/lv\/preces\/sukni\/membranu-sukni\/ar-saspiestu-gaisu-darbinami-membranu-sukni\/","title":{"rendered":"Ar saspiestu gaisu darbin\u0101mi membr\u0101nu s\u016bk\u0146i"},"content":{"rendered":"\n<p>Ar saspiestu gaisu darbin\u0101mie SAMOA membr\u0101nu s\u016bk\u0146i ir dubult\u0101s membr\u0101nas s\u016bk\u0146i ar gaisa vad\u012bbu un pozit\u012bvu darba tilpumu, kas darbojas virzoties uz priek\u0161u-atpaka\u013c. \u00a0<br>S\u016bk\u0146i ir paredz\u0113ti da\u017e\u0101du \u0161\u0137idrumu doz\u0113\u0161anai, izsmidzin\u0101\u0161anai, p\u0101rne\u0161anai vai sadalei.<br>S\u016bk\u0146u membr\u0101nas ir savienotas ar v\u0101rpstu. Vienas s\u016bkn\u0113\u0161anas darb\u012bbas laik\u0101 \u0161\u0137idrums tiek ies\u016bkts vien\u0101 \u0161\u0137idruma kamer\u0101, vienlaikus, kam\u0113r tas tiek iztuk\u0161ots no pret\u0113j\u0101s \u0161\u0137idruma kameras.<\/p>\n\n\n\n<div class=\"wp-block-group is-nowrap is-layout-flex wp-container-core-group-is-layout-ad2f72ca wp-block-group-is-layout-flex\">\n<div class=\"wp-block-group is-layout-constrained wp-block-group-is-layout-constrained\">\n<figure class=\"wp-block-image alignleft size-full\"><img loading=\"lazy\" decoding=\"async\" width=\"600\" height=\"340\" src=\"https:\/\/www.tektrade.ee\/lv\/wp-content\/uploads\/sites\/6\/2025\/08\/ResizedImage600340-Samoa-diphragm-pumps.jpg\" alt=\"\" class=\"wp-image-2797\" srcset=\"https:\/\/www.tektrade.ee\/lv\/wp-content\/uploads\/sites\/6\/2025\/08\/ResizedImage600340-Samoa-diphragm-pumps.jpg 600w, https:\/\/www.tektrade.ee\/lv\/wp-content\/uploads\/sites\/6\/2025\/08\/ResizedImage600340-Samoa-diphragm-pumps-300x170.jpg 300w\" sizes=\"auto, (max-width: 600px) 100vw, 600px\" \/><figcaption class=\"wp-element-caption\">Suru\u00f5huga juhitavad membraanpumbad<br><br><br><\/figcaption><\/figure>\n<\/div>\n<\/div>\n","protected":false},"featured_media":0,"parent":2794,"menu_order":74,"template":"","class_list":["post-2796","product","type-product","status-publish","hentry"],"acf":[],"_links":{"self":[{"href":"https:\/\/www.tektrade.ee\/lv\/wp-json\/wp\/v2\/product\/2796","targetHints":{"allow":["GET"]}}],"collection":[{"href":"https:\/\/www.tektrade.ee\/lv\/wp-json\/wp\/v2\/product"}],"about":[{"href":"https:\/\/www.tektrade.ee\/lv\/wp-json\/wp\/v2\/types\/product"}],"version-history":[{"count":2,"href":"https:\/\/www.tektrade.ee\/lv\/wp-json\/wp\/v2\/product\/2796\/revisions"}],"predecessor-version":[{"id":3192,"href":"https:\/\/www.tektrade.ee\/lv\/wp-json\/wp\/v2\/product\/2796\/revisions\/3192"}],"up":[{"embeddable":true,"href":"https:\/\/www.tektrade.ee\/lv\/wp-json\/wp\/v2\/product\/2794"}],"wp:attachment":[{"href":"https:\/\/www.tektrade.ee\/lv\/wp-json\/wp\/v2\/media?parent=2796"}],"curies":[{"name":"wp","href":"https:\/\/api.w.org\/{rel}","templated":true}]}}