{"id":2770,"date":"2025-08-16T12:19:17","date_gmt":"2025-08-16T09:19:17","guid":{"rendered":"https:\/\/www.tektrade.ee\/lv\/?post_type=product&#038;p=2770"},"modified":"2025-08-18T23:06:43","modified_gmt":"2025-08-18T20:06:43","slug":"centrbedzes-sukni","status":"publish","type":"product","link":"https:\/\/www.tektrade.ee\/lv\/preces\/sukni\/centrbedzes-sukni\/","title":{"rendered":"Centrb\u0113dzes s\u016bk\u0146i"},"content":{"rendered":"\n<p><em>EDUR s\u016bk\u0146u veidi un visp\u0101r\u012bgi tehniskie parametri:<\/em><\/p>\n\n\n\n<figure class=\"wp-block-table is-style-stripes\"><table class=\"has-fixed-layout\"><tbody><tr><td><strong>S\u016bk\u0146u apraksts<\/strong><\/td><td><strong>S\u016bk\u0146u veidi<\/strong><\/td><td><strong>Veiktsp\u0113jas dati<\/strong><\/td><td><strong>Mode\u013ci<\/strong><\/td><\/tr><tr><td>&nbsp;Vienf\u0101zes centrb\u0113dzes s\u016bk\u0146i<\/td><td>Industry-Bloc<\/td><td>max.600 m3\/h, 90 m, 16&nbsp;b\u0101ri<\/td><td>NUB\u00a0<br><img loading=\"lazy\" decoding=\"async\" width=\"200\" height=\"127\" class=\"wp-image-2773\" style=\"width: 200px;\" src=\"https:\/\/www.tektrade.ee\/lv\/wp-content\/uploads\/sites\/6\/2025\/08\/ResizedImage314200-NUB-EDUR.jpg\" alt=\"\" srcset=\"https:\/\/www.tektrade.ee\/lv\/wp-content\/uploads\/sites\/6\/2025\/08\/ResizedImage314200-NUB-EDUR.jpg 314w, https:\/\/www.tektrade.ee\/lv\/wp-content\/uploads\/sites\/6\/2025\/08\/ResizedImage314200-NUB-EDUR-300x191.jpg 300w\" sizes=\"auto, (max-width: 200px) 100vw, 200px\" \/><br>NUB<\/td><\/tr><tr><td>Iegulti centrb\u0113dzes s\u016bk\u0146i<\/td><td>Inline-Bloc<\/td><td>max.220 m3\/h, 55 m, 16&nbsp;b\u0101ri<\/td><td>LUB\u00a0<br><img loading=\"lazy\" decoding=\"async\" width=\"150\" height=\"190\" class=\"wp-image-2779\" style=\"width: 150px;\" src=\"https:\/\/www.tektrade.ee\/lv\/wp-content\/uploads\/sites\/6\/2025\/08\/ResizedImage158200-LUB-EDUR.jpg\" alt=\"\"><br>LUB<\/td><\/tr><tr><td>Ner\u016bs\u0113jo\u0161\u0101 t\u0113rauda centrb\u0113dzes s\u016bk\u0146i<\/td><td>Stainless-Bloc<\/td><td>max.240 m3\/h, 95 m, 10&nbsp;b\u0101ri<\/td><td>CB BC\u00a0<br><img loading=\"lazy\" decoding=\"async\" width=\"200\" height=\"161\" class=\"wp-image-2781\" style=\"width: 200px;\" src=\"https:\/\/www.tektrade.ee\/lv\/wp-content\/uploads\/sites\/6\/2025\/08\/ResizedImage248200-CB-EDUR.jpg\" alt=\"\"><br>CB<\/td><\/tr><tr><td>Daudzpak\u0101pju vertik\u0101li centrb\u0113dzes s\u016bk\u0146i<\/td><td>Stainless-Vertical<\/td><td>max.84 m3\/h, 300 m, 30&nbsp;b\u0101ri<\/td><td>CV\u00a0<br><img loading=\"lazy\" decoding=\"async\" width=\"64\" height=\"200\" class=\"wp-image-2782\" style=\"width: 64px;\" src=\"https:\/\/www.tektrade.ee\/lv\/wp-content\/uploads\/sites\/6\/2025\/08\/ResizedImage64200-CV-EDUR.jpg\" alt=\"\"><br>CV<\/td><\/tr><tr><td>Griezes pl\u016bsmas s\u016bk\u0146i<\/td><td>Torque-Flow-Bloc<\/td><td>max.400 m3\/h, 55 m, 16&nbsp;b\u0101ri<\/td><td>FUB CBF\u00a0<br><img loading=\"lazy\" decoding=\"async\" width=\"200\" height=\"149\" class=\"wp-image-2783\" style=\"width: 200px;\" src=\"https:\/\/www.tektrade.ee\/lv\/wp-content\/uploads\/sites\/6\/2025\/08\/ResizedImage268200-FUB-EDUR.jpg\" alt=\"\"><br>FUB<\/td><\/tr><tr><td>Daudzpak\u0101pju centrb\u0113dzes s\u016bk\u0146i<\/td><td>Daudzpak\u0101pju<\/td><td>max.350 m3\/h, 400 m, 40&nbsp;b\u0101ri<\/td><td>LBU VBU NH Z\u00a0<br><img loading=\"lazy\" decoding=\"async\" width=\"200\" height=\"134\" class=\"wp-image-2785\" style=\"width: 200px;\" src=\"https:\/\/www.tektrade.ee\/lv\/wp-content\/uploads\/sites\/6\/2025\/08\/ResizedImage298200-LBU-EDUR.jpg\" alt=\"\"><br>LBU<\/td><\/tr><tr><td>Pa\u0161uzs\u016bco\u0161i centrb\u0113dzes s\u016bk\u0146i<\/td><td>Pa\u0161uzs\u016bco\u0161i<\/td><td>max.300 m3\/h, 160 m, 16&nbsp;b\u0101ri<\/td><td>S SUB E\u00a0<br><img loading=\"lazy\" decoding=\"async\" width=\"200\" height=\"132\" class=\"wp-image-2786\" style=\"width: 200px;\" src=\"https:\/\/www.tektrade.ee\/lv\/wp-content\/uploads\/sites\/6\/2025\/08\/ResizedImage303200-S-EDUR.jpg\" alt=\"\" srcset=\"https:\/\/www.tektrade.ee\/lv\/wp-content\/uploads\/sites\/6\/2025\/08\/ResizedImage303200-S-EDUR.jpg 303w, https:\/\/www.tektrade.ee\/lv\/wp-content\/uploads\/sites\/6\/2025\/08\/ResizedImage303200-S-EDUR-300x200.jpg 300w\" sizes=\"auto, (max-width: 200px) 100vw, 200px\" \/><br>S<\/td><\/tr><tr><td>Daudzf\u0101\u017eu s\u016bk\u0146i<\/td><td>Daudzf\u0101\u017eu<\/td><td>max.60 m3\/h, 250 m, 40&nbsp;b\u0101ri<\/td><td>PBU LBU\u00a0<br><img loading=\"lazy\" decoding=\"async\" width=\"200\" height=\"139\" class=\"wp-image-2787\" style=\"width: 200px;\" src=\"https:\/\/www.tektrade.ee\/lv\/wp-content\/uploads\/sites\/6\/2025\/08\/ResizedImage288200-PBU-EDUR.jpg\" alt=\"\"><br>PBU<\/td><\/tr><tr><td>Sa\u0161\u0137idrin\u0101t\u0101s g\u0101ze s\u016bk\u0146i<\/td><td>Sa\u0161\u0137idrin\u0101ta g\u0101ze<\/td><td>max.340 m3\/h, 400 m, 40&nbsp;b\u0101ri<\/td><td>NHE LBE\u00a0<br><img loading=\"lazy\" decoding=\"async\" width=\"200\" height=\"142\" class=\"wp-image-2788\" style=\"width: 200px;\" src=\"https:\/\/www.tektrade.ee\/lv\/wp-content\/uploads\/sites\/6\/2025\/08\/ResizedImage282200-NHE-EDUR.jpg\" alt=\"\" srcset=\"https:\/\/www.tektrade.ee\/lv\/wp-content\/uploads\/sites\/6\/2025\/08\/ResizedImage282200-NHE-EDUR.jpg 282w, https:\/\/www.tektrade.ee\/lv\/wp-content\/uploads\/sites\/6\/2025\/08\/ResizedImage282200-NHE-EDUR-280x200.jpg 280w\" sizes=\"auto, (max-width: 200px) 100vw, 200px\" \/><br>NHE<\/td><\/tr><tr><td>Iegremd\u0113ti s\u016bk\u0146i<\/td><td>Iegremd\u0113ti&nbsp;<\/td><td>max.350 m3\/h, 50 m, 16&nbsp;b\u0101ri<\/td><td>CTOL\u00a0<br><img loading=\"lazy\" decoding=\"async\" width=\"98\" height=\"200\" class=\"wp-image-2789\" style=\"width: 98px;\" src=\"https:\/\/www.tektrade.ee\/lv\/wp-content\/uploads\/sites\/6\/2025\/08\/ResizedImage98200-CTOL-EDUR.jpg\" alt=\"\"><br>CTOL<\/td><\/tr><\/tbody><\/table><\/figure>\n","protected":false},"featured_media":0,"parent":2739,"menu_order":72,"template":"","class_list":["post-2770","product","type-product","status-publish","hentry"],"acf":[],"_links":{"self":[{"href":"https:\/\/www.tektrade.ee\/lv\/wp-json\/wp\/v2\/product\/2770","targetHints":{"allow":["GET"]}}],"collection":[{"href":"https:\/\/www.tektrade.ee\/lv\/wp-json\/wp\/v2\/product"}],"about":[{"href":"https:\/\/www.tektrade.ee\/lv\/wp-json\/wp\/v2\/types\/product"}],"version-history":[{"count":8,"href":"https:\/\/www.tektrade.ee\/lv\/wp-json\/wp\/v2\/product\/2770\/revisions"}],"predecessor-version":[{"id":3190,"href":"https:\/\/www.tektrade.ee\/lv\/wp-json\/wp\/v2\/product\/2770\/revisions\/3190"}],"up":[{"embeddable":true,"href":"https:\/\/www.tektrade.ee\/lv\/wp-json\/wp\/v2\/product\/2739"}],"wp:attachment":[{"href":"https:\/\/www.tektrade.ee\/lv\/wp-json\/wp\/v2\/media?parent=2770"}],"curies":[{"name":"wp","href":"https:\/\/api.w.org\/{rel}","templated":true}]}}