{"id":2764,"date":"2025-08-16T12:18:23","date_gmt":"2025-08-16T09:18:23","guid":{"rendered":"https:\/\/www.tektrade.ee\/lv\/?post_type=product&#038;p=2764"},"modified":"2025-08-18T23:05:07","modified_gmt":"2025-08-18T20:05:07","slug":"vitnsukni","status":"publish","type":"product","link":"https:\/\/www.tektrade.ee\/lv\/preces\/sukni\/vitnsukni\/","title":{"rendered":"V\u012bt\u0146s\u016bk\u0146i"},"content":{"rendered":"\n<p>KRAL v\u012bt\u0146s\u016bk\u0146i tiek iedal\u012bti \u0161\u0101d\u0101s kategorij\u0101s:<\/p>\n\n\n\n<p><strong>K s\u0113rija<\/strong><\/p>\n\n\n\n<div class=\"wp-block-group is-nowrap is-layout-flex wp-container-core-group-is-layout-ad2f72ca wp-block-group-is-layout-flex\">\n<div class=\"wp-block-group is-layout-constrained wp-block-group-is-layout-constrained\">\n<figure class=\"wp-block-image alignleft size-full\"><img loading=\"lazy\" decoding=\"async\" width=\"283\" height=\"200\" src=\"https:\/\/www.tektrade.ee\/lv\/wp-content\/uploads\/sites\/6\/2025\/08\/ResizedImage283200-Seeria-K.jpg\" alt=\"\" class=\"wp-image-2765\"\/><\/figure>\n<\/div>\n<\/div>\n\n\n\n<p>Padeves \u0101trums: 5 l\u012bdz 2900 l\/min<br>C padeves \u0101trums KFT: 5 l\u012bdz 510 l\/min<br>Max diferenci\u0101lais spiediens: 16 b\u0101ri<br>Temperat\u016bras diapazons:\u00a0 -20\u00b0C l\u012bdz 180\u00b0C, magn\u0113tiskais savienojums l\u012bdz 300\u00b0C<br>Korpuss:\u00a0 \u010cuguns ar lodveida graf\u012btu EN-GJS-400<br>V\u0101rpstas:\u00a0 T\u0113rauda, nitriz\u0113ts<br>\u00a0Sertifik\u0101ti: ABS, BV, CCS, DNV, GL, LRS, RS, NK, RINA<br>\u00a0ATEX:\u00a0 II 2 GD b\/c II grupa, 2. kategorija<br>\u00a0Apkure:\u00a0 Elektriska, \u0161\u0137idruma vide un tvaiks.<\/p>\n\n\n\n<div style=\"height:30px\" aria-hidden=\"true\" class=\"wp-block-spacer\"><\/div>\n\n\n\n<p><strong><strong><strong><strong><strong>L s\u0113rija<\/strong><\/strong><\/strong><\/strong><\/strong><\/p>\n\n\n\n<div class=\"wp-block-group is-nowrap is-layout-flex wp-container-core-group-is-layout-ad2f72ca wp-block-group-is-layout-flex\">\n<div class=\"wp-block-group is-layout-constrained wp-block-group-is-layout-constrained\">\n<figure class=\"wp-block-image alignleft size-full\"><img loading=\"lazy\" decoding=\"async\" width=\"283\" height=\"200\" src=\"https:\/\/www.tektrade.ee\/lv\/wp-content\/uploads\/sites\/6\/2025\/08\/ResizedImage283200-Seeria-L.jpg\" alt=\"\" class=\"wp-image-2766\"\/><\/figure>\n<\/div>\n<\/div>\n\n\n\n<p>Padeves \u0101trums: 5 l\u012bdz 200 l\/min<br>Max spiediens: 63 b\u0101ri<br>Temperat\u016bras diapazons:&nbsp; -20\u00b0C l\u012bdz 180\u00b0C, magn\u0113tiskais savienojums l\u012bdz 300\u00b0C.<br>Korpuss:&nbsp; \u010cuguns ar lodveida graf\u012btu EN-GJS-400<br>V\u0101rpstas: T\u0113rauda, nitriz\u0113ts<br>Sertifik\u0101ti: ABS, BV, CCS, DNV, GL, LRS KUNDZEI, NK, RINA, KR<br>ATEX:&nbsp; II 2 GD b\/c II grupa, 2. kategorija<br>Apkure:&nbsp; Elektriska, \u0161\u0137idruma vide un tvaiks.<\/p>\n\n\n\n<p><strong><br>C s\u0113rija<\/strong><\/p>\n\n\n\n<div class=\"wp-block-group is-nowrap is-layout-flex wp-container-core-group-is-layout-ad2f72ca wp-block-group-is-layout-flex\">\n<div class=\"wp-block-group is-layout-constrained wp-block-group-is-layout-constrained\">\n<figure class=\"wp-block-image alignleft size-full\"><img loading=\"lazy\" decoding=\"async\" width=\"221\" height=\"200\" src=\"https:\/\/www.tektrade.ee\/lv\/wp-content\/uploads\/sites\/6\/2025\/08\/ResizedImage221200-Seeria-C.jpg\" alt=\"\" class=\"wp-image-2767\"\/><\/figure>\n<\/div>\n<\/div>\n\n\n\n<p>Voolukiirus CK: 1,750\u00a0 l\/min<br>Padeves \u0101trums CK: 1750 l\/min<br>Padeves \u0101trums CL: 3550 l\/min<br>Padeves \u0101trums CG: 3550 l\/min<br>Temperat\u016bras diapazons:&nbsp; -20\u00b0C l\u012bdz 180\u00b0C, magn\u0113tiskais savienojums l\u012bdz 300\u00b0C.<br>Spiediena diapazons: 70 b\u0101ri; 100 b\u0101ri<br>Korpuss: \u010cuguns ar lodveida graf\u012btu, t\u0113rauds un alum\u012bnijs<br>V\u0101rpstas: T\u0113rauda, nitriz\u0113ts<br>Sertifik\u0101ti: ABS, BV, CCS, DNV, GL, LRS KUNDZEI, NK, RINA, KR<br>ATEX:&nbsp; II 2 GD b\/c II grupa, 2. kategorija<br>Apkure:&nbsp; Elektriska, \u0161\u0137idruma vide un tvaiks<br>Ra\u017eots, lai atbilstu API.<\/p>\n\n\n\n<p><strong>W s\u0113rija<\/strong><\/p>\n\n\n\n<div class=\"wp-block-group is-nowrap is-layout-flex wp-container-core-group-is-layout-ad2f72ca wp-block-group-is-layout-flex\">\n<div class=\"wp-block-group is-layout-constrained wp-block-group-is-layout-constrained\">\n<figure class=\"wp-block-image alignleft size-full\"><img loading=\"lazy\" decoding=\"async\" width=\"307\" height=\"200\" src=\"https:\/\/www.tektrade.ee\/lv\/wp-content\/uploads\/sites\/6\/2025\/08\/ResizedImage307200-Seeria-W-1.jpg\" alt=\"\" class=\"wp-image-2768\" srcset=\"https:\/\/www.tektrade.ee\/lv\/wp-content\/uploads\/sites\/6\/2025\/08\/ResizedImage307200-Seeria-W-1.jpg 307w, https:\/\/www.tektrade.ee\/lv\/wp-content\/uploads\/sites\/6\/2025\/08\/ResizedImage307200-Seeria-W-1-300x195.jpg 300w\" sizes=\"auto, (max-width: 307px) 100vw, 307px\" \/><\/figure>\n<\/div>\n<\/div>\n\n\n\n<p>Padeves \u0101trums: 15 l\u012bdz 290 l\/min<br>Max diferenci\u0101lais spiediens: 120 b\u0101ri<br>Viskozit\u0101te: &gt; 1 mm2\/sek.<br>max. temperat\u016bra: l\u012bdz 180\u00b0C, magn\u0113tiskais savienojums l\u012bdz 300\u00b0C<br>Uzst\u0101d\u012b\u0161ana: Mitr\u0101 vai saus\u0101<br>V\u0101rpstu korpuss: \u010cuguns ar lodveida graf\u012btu EN-GJS-400, ar polim\u0113ru p\u0101rkl\u0101jumu vai cit\u0101m materi\u0101lu opcij\u0101m,<br>V\u0101rpstas: t\u0113rauda, nitriz\u0113tas.<\/p>\n\n\n\n<p><strong>Magn\u0113tisk\u0101s savienojuma s\u0113rijas:<\/strong><\/p>\n\n\n\n<p>Padeves \u0101trums: 5 l\u012bdz 3550 l\/min<br>Temperat\u016bras diapazons:&nbsp; -20\u00b0C l\u012bdz 300\u00b0C<br>Spiediens: 120 b\u0101ri<\/p>\n","protected":false},"featured_media":0,"parent":2739,"menu_order":71,"template":"","class_list":["post-2764","product","type-product","status-publish","hentry"],"acf":[],"_links":{"self":[{"href":"https:\/\/www.tektrade.ee\/lv\/wp-json\/wp\/v2\/product\/2764","targetHints":{"allow":["GET"]}}],"collection":[{"href":"https:\/\/www.tektrade.ee\/lv\/wp-json\/wp\/v2\/product"}],"about":[{"href":"https:\/\/www.tektrade.ee\/lv\/wp-json\/wp\/v2\/types\/product"}],"version-history":[{"count":2,"href":"https:\/\/www.tektrade.ee\/lv\/wp-json\/wp\/v2\/product\/2764\/revisions"}],"predecessor-version":[{"id":3188,"href":"https:\/\/www.tektrade.ee\/lv\/wp-json\/wp\/v2\/product\/2764\/revisions\/3188"}],"up":[{"embeddable":true,"href":"https:\/\/www.tektrade.ee\/lv\/wp-json\/wp\/v2\/product\/2739"}],"wp:attachment":[{"href":"https:\/\/www.tektrade.ee\/lv\/wp-json\/wp\/v2\/media?parent=2764"}],"curies":[{"name":"wp","href":"https:\/\/api.w.org\/{rel}","templated":true}]}}