{"id":2755,"date":"2025-08-16T12:11:58","date_gmt":"2025-08-16T09:11:58","guid":{"rendered":"https:\/\/www.tektrade.ee\/lv\/?post_type=product&#038;p=2755"},"modified":"2025-08-18T23:03:51","modified_gmt":"2025-08-18T20:03:51","slug":"atkalkosanas-sukni-siltummainiem","status":"publish","type":"product","link":"https:\/\/www.tektrade.ee\/lv\/preces\/sukni\/kimijas-sukni\/atkalkosanas-sukni-siltummainiem\/","title":{"rendered":"Atka\u013c\u0137o\u0161anas s\u016bk\u0146i siltummai\u0146iem"},"content":{"rendered":"\n<p>GEL s\u016bk\u0146i ir paredz\u0113ti atka\u013c\u0137o\u0161anai, r\u016bsas un citu net\u012brumu no\u0146em\u0161anai no siltummai\u0146iem un apkures sist\u0113m\u0101m.\u00a0GEL \u0137\u012bmiski notur\u012bgie atka\u013c\u0137o\u0161anas s\u016bk\u0146i ir izgatavoti no plastmasas. Papildus s\u016bk\u0146iem m\u0113s pied\u0101v\u0101jam pla\u0161u mazg\u0101\u0161anas l\u012bdzek\u013cu kl\u0101stu un citas \u0137\u012bmisk\u0101s vielas ka\u013c\u0137akmens no\u0146em\u0161anai.<br>S\u012bk\u0101ku inform\u0101ciju mekl\u0113jiet GEL katalog\u0101 un KALOXI katalog\u0101.<\/p>\n\n\n\n<div class=\"wp-block-file\"><a id=\"wp-block-file--media-e2354909-2edf-4c68-8d9e-3046c3bfef46\" href=\"https:\/\/www.tektrade.ee\/lv\/wp-content\/uploads\/sites\/6\/2025\/08\/GEL-GuidAcqua2017-ENG-def.pdf\" target=\"_blank\" rel=\"noreferrer noopener\">GEL katalogs<\/a><\/div>\n\n\n\n<div class=\"wp-block-file\"><a id=\"wp-block-file--media-aa20b544-615c-4e7a-b423-6f0dfa2a8d5f\" href=\"https:\/\/www.tektrade.ee\/lv\/wp-content\/uploads\/sites\/6\/2025\/08\/Kaloxi-English-4.pdf\" target=\"_blank\" rel=\"noreferrer noopener\">KALOXI katalogs<\/a><\/div>\n\n\n\n<div style=\"height:30px\" aria-hidden=\"true\" class=\"wp-block-spacer\"><\/div>\n\n\n\n<p><strong>BOY C<\/strong><\/p>\n\n\n\n<div class=\"wp-block-group is-nowrap is-layout-flex wp-container-core-group-is-layout-ad2f72ca wp-block-group-is-layout-flex\">\n<div class=\"wp-block-group is-layout-constrained wp-block-group-is-layout-constrained\">\n<figure class=\"wp-block-image alignleft size-full\"><img loading=\"lazy\" decoding=\"async\" width=\"300\" height=\"426\" src=\"https:\/\/www.tektrade.ee\/lv\/wp-content\/uploads\/sites\/6\/2025\/08\/ResizedImage300426-BOY-C-130.jpg\" alt=\"\" class=\"wp-image-2759\" srcset=\"https:\/\/www.tektrade.ee\/lv\/wp-content\/uploads\/sites\/6\/2025\/08\/ResizedImage300426-BOY-C-130.jpg 300w, https:\/\/www.tektrade.ee\/lv\/wp-content\/uploads\/sites\/6\/2025\/08\/ResizedImage300426-BOY-C-130-211x300.jpg 211w\" sizes=\"auto, (max-width: 300px) 100vw, 300px\" \/><figcaption class=\"wp-element-caption\">BOY C S\u016aKNIS<br><\/figcaption><\/figure>\n<\/div>\n<\/div>\n\n\n\n<div style=\"height:30px\" aria-hidden=\"true\" class=\"wp-block-spacer\"><\/div>\n\n\n\n<p>S\u016bk\u0146i ar pl\u016bsmas reversu:<\/p>\n\n\n\n<figure class=\"wp-block-table is-style-stripes\"><table class=\"has-fixed-layout\"><tbody><tr><td><strong>Produkts<\/strong><\/td><td><strong>Tvertne<\/strong><\/td><td><strong>Spiediens<\/strong><\/td><td><strong>Max. pl\u016bsmas \u0101trums<\/strong><\/td><td><strong>Motors<\/strong><\/td><td><strong>Izm\u0113ri<\/strong><\/td><\/tr><tr><td>Boy C15 Super<\/td><td>15 l<\/td><td>1,2 b\u0101ri<\/td><td>33 l\/min<\/td><td>230 V &#8211; Hp 0,20<\/td><td>35 x 48 cm<\/td><\/tr><tr><td>Boy C30<\/td><td>24 l<\/td><td>1,5 b\u0101ri<\/td><td>39&nbsp;l\/min<\/td><td>230 V &#8211; Hp 0,45<\/td><td>40 x 63 cm<\/td><\/tr><tr><td>Boy C130<\/td><td>100 l<\/td><td>1,5 b\u0101ri<\/td><td>39&nbsp;l\/min<\/td><td>230 V &#8211; Hp 0,45<\/td><td>53 x 70 cm<\/td><\/tr><tr><td>Boy C190<\/td><td>100 l<\/td><td>1,8 b\u0101ri<\/td><td>102 l\/min<\/td><td>230 V &#8211; Hp 0,75<\/td><td>53 x 72 cm<\/td><\/tr><tr><td>Boy C230<\/td><td>200 l<\/td><td>1,8 b\u0101ri<\/td><td>102&nbsp;l\/min<\/td><td>230 V &#8211; Hp 0,75<\/td><td>67 x 85 cm<\/td><\/tr><\/tbody><\/table><\/figure>\n\n\n\n<div style=\"height:30px\" aria-hidden=\"true\" class=\"wp-block-spacer\"><\/div>\n\n\n\n<p>S\u016bk\u0146i bez pl\u016bsmas reversa:<\/p>\n\n\n\n<figure class=\"wp-block-table is-style-stripes\"><table class=\"has-fixed-layout\"><tbody><tr><td><strong>Produkts<\/strong><\/td><td><strong>Tvertne<\/strong><\/td><td><strong>Spiediens<\/strong><\/td><td><strong>Max. pl\u016bsmas \u0101trums<\/strong><\/td><td><strong>Motors<\/strong><\/td><td><strong>Izm\u0113ri<\/strong><\/td><\/tr><tr><td>Boy C10<\/td><td>15 l<\/td><td>1,0 b\u0101ri<\/td><td>28&nbsp;l\/min<\/td><td>230 V &#8211; Hp 0,17<\/td><td>35 x 48 cm<\/td><\/tr><tr><td>Boy C20<\/td><td>24 l<\/td><td>1,5 b\u0101ri<\/td><td>39&nbsp;l\/min<\/td><td>230 V &#8211; Hp 0,45<\/td><td>40 x 63 cm<\/td><\/tr><tr><td>Boy C120<\/td><td>100 l<\/td><td>1,5 b\u0101ri<\/td><td>39&nbsp;l\/min<\/td><td>230 V &#8211; Hp 0,45<\/td><td>53 x 70 cm<\/td><\/tr><tr><td>Boy C180<\/td><td>100 l<\/td><td>1,8 b\u0101ri<\/td><td>102 l\/min<\/td><td>230 V &#8211; Hp 0,75<\/td><td>53 x 72 cm<\/td><\/tr><tr><td>Boy C200<\/td><td>&#8211;<\/td><td>1,8 b\u0101ri<\/td><td>330 l\/min<\/td><td>230 V &#8211; Hp 1,5<\/td><td>25 x 45 x 25 cm<\/td><\/tr><tr><td>Boy C220<\/td><td>200 l<\/td><td>1,8 b\u0101ri<\/td><td>102 l\/min<\/td><td>230 V &#8211; Hp 0,75<\/td><td>67 x 85 cm<\/td><\/tr><\/tbody><\/table><\/figure>\n\n\n\n<div style=\"height:30px\" aria-hidden=\"true\" class=\"wp-block-spacer\"><\/div>\n\n\n\n<p><strong>SUPER FLUSH 40<\/strong><\/p>\n\n\n\n<div class=\"wp-block-group is-nowrap is-layout-flex wp-container-core-group-is-layout-ad2f72ca wp-block-group-is-layout-flex\">\n<div class=\"wp-block-group is-layout-constrained wp-block-group-is-layout-constrained\">\n<figure class=\"wp-block-image alignleft size-full\"><img loading=\"lazy\" decoding=\"async\" width=\"300\" height=\"450\" src=\"https:\/\/www.tektrade.ee\/lv\/wp-content\/uploads\/sites\/6\/2025\/08\/ResizedImage300450-LL-SF40-2017-DSC02262.png\" alt=\"\" class=\"wp-image-2761\" srcset=\"https:\/\/www.tektrade.ee\/lv\/wp-content\/uploads\/sites\/6\/2025\/08\/ResizedImage300450-LL-SF40-2017-DSC02262.png 300w, https:\/\/www.tektrade.ee\/lv\/wp-content\/uploads\/sites\/6\/2025\/08\/ResizedImage300450-LL-SF40-2017-DSC02262-200x300.png 200w\" sizes=\"auto, (max-width: 300px) 100vw, 300px\" \/><figcaption class=\"wp-element-caption\">SUPER FLUSH 40 S\u016aKNIS<br><\/figcaption><\/figure>\n<\/div>\n<\/div>\n\n\n\n<figure class=\"wp-block-table is-style-stripes\"><table class=\"has-fixed-layout\"><tbody><tr><td>Produkts<\/td><td>Motors&nbsp;<\/td><td>Max. pl\u016bsmas \u0101trums<\/td><td>Spiediens<\/td><td>Izm\u0113ri<\/td><\/tr><tr><td>Super Flush 40<\/td><td>230 V &#8211; Hp 0,75<\/td><td>102 l\/min&nbsp;<\/td><td>1,8 b\u0101ri<\/td><td>40 x 95 x 70 cm&nbsp;<\/td><\/tr><\/tbody><\/table><\/figure>\n\n\n\n<p><a  href=\"https:\/\/www.youtube.com\/watch?v=Rq2VQj9tZfg\"  target=\"_blank\" rel=\"noreferrer noopener\" target=\"_blank\">Super Flush 40 video<\/a><\/p>\n\n\n\n<p><\/p>\n","protected":false},"featured_media":0,"parent":2750,"menu_order":70,"template":"","class_list":["post-2755","product","type-product","status-publish","hentry"],"acf":[],"_links":{"self":[{"href":"https:\/\/www.tektrade.ee\/lv\/wp-json\/wp\/v2\/product\/2755","targetHints":{"allow":["GET"]}}],"collection":[{"href":"https:\/\/www.tektrade.ee\/lv\/wp-json\/wp\/v2\/product"}],"about":[{"href":"https:\/\/www.tektrade.ee\/lv\/wp-json\/wp\/v2\/types\/product"}],"version-history":[{"count":5,"href":"https:\/\/www.tektrade.ee\/lv\/wp-json\/wp\/v2\/product\/2755\/revisions"}],"predecessor-version":[{"id":3187,"href":"https:\/\/www.tektrade.ee\/lv\/wp-json\/wp\/v2\/product\/2755\/revisions\/3187"}],"up":[{"embeddable":true,"href":"https:\/\/www.tektrade.ee\/lv\/wp-json\/wp\/v2\/product\/2750"}],"wp:attachment":[{"href":"https:\/\/www.tektrade.ee\/lv\/wp-json\/wp\/v2\/media?parent=2755"}],"curies":[{"name":"wp","href":"https:\/\/api.w.org\/{rel}","templated":true}]}}