{"id":2752,"date":"2025-08-16T12:11:00","date_gmt":"2025-08-16T09:11:00","guid":{"rendered":"https:\/\/www.tektrade.ee\/lv\/?post_type=product&#038;p=2752"},"modified":"2025-08-18T23:02:07","modified_gmt":"2025-08-18T20:02:07","slug":"centrifugalie-sukni-ar-plastmasas-oderejumu","status":"publish","type":"product","link":"https:\/\/www.tektrade.ee\/lv\/preces\/sukni\/kimijas-sukni\/centrifugalie-sukni-ar-plastmasas-oderejumu\/","title":{"rendered":"Centrifug\u0101lie s\u016bk\u0146i ar plastmasas oder\u0113jumu"},"content":{"rendered":"\n<div class=\"wp-block-group is-nowrap is-layout-flex wp-container-core-group-is-layout-ad2f72ca wp-block-group-is-layout-flex\">\n<div class=\"wp-block-group is-layout-constrained wp-block-group-is-layout-constrained\">\n<figure class=\"wp-block-image alignleft size-full\"><img loading=\"lazy\" decoding=\"async\" width=\"300\" height=\"240\" src=\"https:\/\/www.tektrade.ee\/lv\/wp-content\/uploads\/sites\/6\/2025\/08\/ResizedImage300240-MUNSCH.jpg\" alt=\"\" class=\"wp-image-2753\"\/><figcaption class=\"wp-element-caption\">Centrifug\u0101lais s\u016bknis ar plastmasas oder\u0113jumu<br><\/figcaption><\/figure>\n<\/div>\n<\/div>\n\n\n\n<p>\u0136\u012bmijas s\u016bk\u0146i ar plastmasas oder\u0113jumu ir risin\u0101jums videi bez s\u016bk\u0146a vai vesel\u012bbai kait\u012bgu \u0161\u0137idrumu, piem\u0113ram, sk\u0101bju, s\u0101rmu un \u0161\u0137\u012bdumu, kas var iek\u013caut abraz\u012bvas da\u013ci\u0146as, gad\u012bjum\u0101. \u0136\u012bmijas s\u016bk\u0146u izmanto\u0161anas jomas ietver \u0137\u012bmijas un farm\u0101cijas r\u016bpniec\u012bbu, elektrol\u012bzes un galvaniz\u0101cijas r\u016bpn\u012bcas, k\u0101 ar\u012b met\u0101lapstr\u0101des procesus.<\/p>\n\n\n\n<p>\u0136\u012bmijas s\u016bk\u0146i ar nemet\u0101la saturu iedal\u0101s horizont\u0101li apr\u012bkotajos ar meh\u0101nisko bl\u012bv\u0113jumu vai magn\u0113tisko saj\u016bgu, un vertik\u0101li apr\u012bkotajos ar sl\u012bdo\u0161o gultni.<\/p>\n\n\n\n<p>S\u016bk\u0146i ir pieejami: no PP, PE-UHMW, PVDF materi\u0101liem vai pret koroziju iztur\u012bg\u0101 PFA materi\u0101la.<\/p>\n\n\n\n<p>Tehniskie dati:<br>S\u016bkn\u0113jam\u0101s str\u0101vas daudzums: l\u012bdz 1200 m\u00b3\/h<br>S\u016bkn\u0113jamais augstums: l\u012bdz100 m<br>Darb\u012bbas temperat\u016bra: -20\u00b0C l\u012bdz +110 \u00b0C<br>Darb\u012bbas spiediens: l\u012bdz 10 bar<br>Savienojuma uzga\u013ca diametrs: DN 25 l\u012bdz DN 250<\/p>\n","protected":false},"featured_media":0,"parent":2750,"menu_order":69,"template":"","class_list":["post-2752","product","type-product","status-publish","hentry"],"acf":[],"_links":{"self":[{"href":"https:\/\/www.tektrade.ee\/lv\/wp-json\/wp\/v2\/product\/2752","targetHints":{"allow":["GET"]}}],"collection":[{"href":"https:\/\/www.tektrade.ee\/lv\/wp-json\/wp\/v2\/product"}],"about":[{"href":"https:\/\/www.tektrade.ee\/lv\/wp-json\/wp\/v2\/types\/product"}],"version-history":[{"count":2,"href":"https:\/\/www.tektrade.ee\/lv\/wp-json\/wp\/v2\/product\/2752\/revisions"}],"predecessor-version":[{"id":3184,"href":"https:\/\/www.tektrade.ee\/lv\/wp-json\/wp\/v2\/product\/2752\/revisions\/3184"}],"up":[{"embeddable":true,"href":"https:\/\/www.tektrade.ee\/lv\/wp-json\/wp\/v2\/product\/2750"}],"wp:attachment":[{"href":"https:\/\/www.tektrade.ee\/lv\/wp-json\/wp\/v2\/media?parent=2752"}],"curies":[{"name":"wp","href":"https:\/\/api.w.org\/{rel}","templated":true}]}}