{"id":2750,"date":"2025-08-16T12:10:20","date_gmt":"2025-08-16T09:10:20","guid":{"rendered":"https:\/\/www.tektrade.ee\/lv\/?post_type=product&#038;p=2750"},"modified":"2025-08-18T23:01:21","modified_gmt":"2025-08-18T20:01:21","slug":"kimijas-sukni","status":"publish","type":"product","link":"https:\/\/www.tektrade.ee\/lv\/preces\/sukni\/kimijas-sukni\/","title":{"rendered":"\u0136\u012bmijas s\u016bk\u0146i"},"content":{"rendered":"","protected":false},"featured_media":0,"parent":2739,"menu_order":68,"template":"","class_list":["post-2750","product","type-product","status-publish","hentry"],"acf":[],"_links":{"self":[{"href":"https:\/\/www.tektrade.ee\/lv\/wp-json\/wp\/v2\/product\/2750","targetHints":{"allow":["GET"]}}],"collection":[{"href":"https:\/\/www.tektrade.ee\/lv\/wp-json\/wp\/v2\/product"}],"about":[{"href":"https:\/\/www.tektrade.ee\/lv\/wp-json\/wp\/v2\/types\/product"}],"version-history":[{"count":2,"href":"https:\/\/www.tektrade.ee\/lv\/wp-json\/wp\/v2\/product\/2750\/revisions"}],"predecessor-version":[{"id":3183,"href":"https:\/\/www.tektrade.ee\/lv\/wp-json\/wp\/v2\/product\/2750\/revisions\/3183"}],"up":[{"embeddable":true,"href":"https:\/\/www.tektrade.ee\/lv\/wp-json\/wp\/v2\/product\/2739"}],"wp:attachment":[{"href":"https:\/\/www.tektrade.ee\/lv\/wp-json\/wp\/v2\/media?parent=2750"}],"curies":[{"name":"wp","href":"https:\/\/api.w.org\/{rel}","templated":true}]}}