{"id":2741,"date":"2025-08-16T12:08:28","date_gmt":"2025-08-16T09:08:28","guid":{"rendered":"https:\/\/www.tektrade.ee\/lv\/?post_type=product&#038;p=2741"},"modified":"2025-08-18T23:01:02","modified_gmt":"2025-08-18T20:01:02","slug":"zobratu-sukni","status":"publish","type":"product","link":"https:\/\/www.tektrade.ee\/lv\/preces\/sukni\/zobratu-sukni\/","title":{"rendered":"Zobratu s\u016bk\u0146i"},"content":{"rendered":"\n<p>Tuthill zobratu s\u016bk\u0146i iedal\u0101s tr\u012bs kategorij\u0101s:<\/p>\n\n\n\n<div class=\"wp-block-group is-nowrap is-layout-flex wp-container-core-group-is-layout-64989fb1 wp-block-group-is-layout-flex\">\n<div class=\"wp-block-group is-layout-constrained wp-block-group-is-layout-constrained\">\n<p><strong>S\u016bk\u0146i ar magn\u0113tisko saj\u016bgu<\/strong><\/p>\n\n\n\n<p>Sertific\u0113ts ATEX<\/p>\n\n\n\n<p>Iztur\u012bgi pret \u0137\u012bmisko iedarb\u012bbu un koroziju<\/p>\n\n\n\n<p>Str\u0101vas \u0101trums l\u012bdz 2460 l\/h<\/p>\n\n\n\n<p>Spiediens l\u012bdz 17.2 bar<\/p>\n\n\n\n<p>Darb\u012bbas temperat\u016bra 176\u00b0C<\/p>\n\n\n\n<p>S\u016bkn\u0113jam\u0101 \u0161\u0137idruma viskozit\u0101te l\u012bdz 10 000 cps<\/p>\n<\/div>\n\n\n\n<div class=\"wp-block-group is-layout-flow wp-block-group-is-layout-flow\">\n<figure class=\"wp-block-image size-full is-resized wp-container-content-69bc4bdf\"><img loading=\"lazy\" decoding=\"async\" width=\"250\" height=\"107\" src=\"https:\/\/www.tektrade.ee\/lv\/wp-content\/uploads\/sites\/6\/2025\/08\/ResizedImage250107-magnetically-coupled-2557.jpg\" alt=\"\" class=\"wp-image-2742\" style=\"width:300px\"\/><figcaption class=\"wp-element-caption\">S\u016bknis ar magn\u0113tisko saj\u016bgu<br><\/figcaption><\/figure>\n<\/div>\n<\/div>\n\n\n\n<div style=\"height:50px\" aria-hidden=\"true\" class=\"wp-block-spacer\"><\/div>\n\n\n\n<div class=\"wp-block-group is-nowrap is-layout-flex wp-container-core-group-is-layout-64989fb1 wp-block-group-is-layout-flex\">\n<div class=\"wp-block-group is-layout-constrained wp-block-group-is-layout-constrained\">\n<p><strong>Procesu s\u016bk\u0146i<\/strong><\/p>\n\n\n\n<p>Viskozit\u0101te l\u012bdz 4 400 000 cst<\/p>\n\n\n\n<p>Str\u0101vas \u0101trums l\u012bdz\u00a0148 m3\/h<\/p>\n\n\n\n<p>&#8220;Saus\u0101s&#8221; darbo\u0161an\u0101s sp\u0113j\u012bgums<\/p>\n\n\n\n<p>Darb\u012bbas spiediens l\u012bdz 31 bar<\/p>\n<\/div>\n\n\n\n<div class=\"wp-block-group is-layout-flow wp-block-group-is-layout-flow\">\n<figure class=\"wp-block-image size-full is-resized wp-container-content-69bc4bdf\"><img loading=\"lazy\" decoding=\"async\" width=\"250\" height=\"130\" src=\"https:\/\/www.tektrade.ee\/lv\/wp-content\/uploads\/sites\/6\/2025\/08\/ResizedImage250130-process-pumps-2598.jpg\" alt=\"\" class=\"wp-image-2743\" style=\"width:300px\"\/><figcaption class=\"wp-element-caption\"><em>Procesu s\u016bknis<br><\/em><\/figcaption><\/figure>\n<\/div>\n<\/div>\n\n\n\n<div style=\"height:50px\" aria-hidden=\"true\" class=\"wp-block-spacer\"><\/div>\n\n\n\n<div class=\"wp-block-group is-nowrap is-layout-flex wp-container-core-group-is-layout-64989fb1 wp-block-group-is-layout-flex\">\n<div class=\"wp-block-group is-layout-constrained wp-block-group-is-layout-constrained\">\n<p><strong>Sm\u0113rvielu s\u016bk\u0146i&nbsp;<\/strong><\/p>\n\n\n\n<ul class=\"wp-block-list\">\n<li>Str\u0101vas \u0101trums l\u012bdz 45.4 m3\/h<\/li>\n\n\n\n<li>Darb\u012bbas spiediens l\u012bdz 10.3 bar<\/li>\n<\/ul>\n<\/div>\n\n\n\n<div class=\"wp-block-group is-layout-flow wp-block-group-is-layout-flow\">\n<figure class=\"wp-block-image size-full is-resized wp-container-content-69bc4bdf\"><img loading=\"lazy\" decoding=\"async\" width=\"200\" height=\"180\" src=\"https:\/\/www.tektrade.ee\/lv\/wp-content\/uploads\/sites\/6\/2025\/08\/ResizedImage200180-lubrication-pump-2613.jpg\" alt=\"\" class=\"wp-image-2744\" style=\"width:300px\"\/><figcaption class=\"wp-element-caption\">Sm\u0113rvielu s\u016bknis<br><\/figcaption><\/figure>\n<\/div>\n<\/div>\n","protected":false},"featured_media":0,"parent":2739,"menu_order":67,"template":"","class_list":["post-2741","product","type-product","status-publish","hentry"],"acf":[],"_links":{"self":[{"href":"https:\/\/www.tektrade.ee\/lv\/wp-json\/wp\/v2\/product\/2741","targetHints":{"allow":["GET"]}}],"collection":[{"href":"https:\/\/www.tektrade.ee\/lv\/wp-json\/wp\/v2\/product"}],"about":[{"href":"https:\/\/www.tektrade.ee\/lv\/wp-json\/wp\/v2\/types\/product"}],"version-history":[{"count":6,"href":"https:\/\/www.tektrade.ee\/lv\/wp-json\/wp\/v2\/product\/2741\/revisions"}],"predecessor-version":[{"id":3182,"href":"https:\/\/www.tektrade.ee\/lv\/wp-json\/wp\/v2\/product\/2741\/revisions\/3182"}],"up":[{"embeddable":true,"href":"https:\/\/www.tektrade.ee\/lv\/wp-json\/wp\/v2\/product\/2739"}],"wp:attachment":[{"href":"https:\/\/www.tektrade.ee\/lv\/wp-json\/wp\/v2\/media?parent=2741"}],"curies":[{"name":"wp","href":"https:\/\/api.w.org\/{rel}","templated":true}]}}