{"id":2736,"date":"2025-08-16T12:06:26","date_gmt":"2025-08-16T09:06:26","guid":{"rendered":"https:\/\/www.tektrade.ee\/lv\/?post_type=product&#038;p=2736"},"modified":"2025-08-18T23:08:18","modified_gmt":"2025-08-18T20:08:18","slug":"vibrejosas-dzirnavas","status":"publish","type":"product","link":"https:\/\/www.tektrade.ee\/lv\/preces\/pulveru-apstrades-iekartas\/vibrejosas-dzirnavas\/","title":{"rendered":"Vibr\u0113jo\u0161\u0101s dzirnavas"},"content":{"rendered":"\n<div class=\"wp-block-group is-nowrap is-layout-flex wp-container-core-group-is-layout-ad2f72ca wp-block-group-is-layout-flex\">\n<div class=\"wp-block-group is-layout-constrained wp-block-group-is-layout-constrained\">\n<figure class=\"wp-block-image alignleft size-full\"><img loading=\"lazy\" decoding=\"async\" width=\"305\" height=\"298\" src=\"https:\/\/www.tektrade.ee\/lv\/wp-content\/uploads\/sites\/6\/2025\/08\/Vibroveskid.jpg\" alt=\"\" class=\"wp-image-2737\" srcset=\"https:\/\/www.tektrade.ee\/lv\/wp-content\/uploads\/sites\/6\/2025\/08\/Vibroveskid.jpg 305w, https:\/\/www.tektrade.ee\/lv\/wp-content\/uploads\/sites\/6\/2025\/08\/Vibroveskid-300x293.jpg 300w\" sizes=\"auto, (max-width: 305px) 100vw, 305px\" \/><figcaption class=\"wp-element-caption\">Vibr\u0113jo\u0161\u0101s dzirnavas<br><\/figcaption><\/figure>\n<\/div>\n<\/div>\n\n\n\n<p>\u201eTekTrade Baltic\u201c pied\u0101v\u0101 \u201eSweco\u201c vibr\u0113jo\u0161\u0101s dzirnavas, kur\u0101s da\u013ci\u0146u sasmalcin\u0101\u0161anai tiek izmantotas vibr\u0113jo\u0161as keramikas lod\u012btes.<\/p>\n\n\n\n<p>Vibr\u0113jo\u0161\u0101s ener\u0123ijas izmanto\u0161ana uz vienu pat\u0113r\u0113to ener\u0123ijas vien\u012bbu ir efekt\u012bv\u0101ka sal\u012bdzin\u0101jum\u0101 ar cit\u0101m smalcin\u0101\u0161anas metod\u0113m.<br>Iek\u0101rtas uztur\u0113\u0161anas izmaksas ir zemas, jo mazkust\u012bg\u0101s da\u013cas un korpusa odere ir izgatavota no maz dilsto\u0161iem elastom\u0113riem, cieta met\u0101la vai keramikas.<br>\u201eSWECO Vibro-Energy Mill\u201c unik\u0101l\u0101 cilindrisko lod\u012b\u0161u vibr\u0101cija nodro\u0161ina maksim\u0101lu vielas saskari ar lod\u012bt\u0113m un minim\u0101lu br\u012bvo laukumu, t\u0101d\u0113\u013c mal\u0161ana noris ar zemu ener\u0123ijas pat\u0113ri\u0146u.<br>T\u0101, piem\u0113ram, 300&nbsp;mikrometru lielas da\u013ci\u0146as var sasmalcin\u0101t l\u012bdz 1&nbsp;mikrometram.<br>Darba re\u017e\u012bm\u0101 ar augstu ener\u0123ijas pat\u0113ri\u0146u 30&nbsp;cm lielus gabalus var sasmalcin\u0101t pulver\u012b, bet 1&nbsp;cm lielus gabalus pulver\u012b, kura da\u013ci\u0146u lielums nep\u0101rsniedz 5&nbsp;mikrometrus.<br>Darba re\u017e\u012bms ar zemu ener\u0123ijas pat\u0113ri\u0146u ir paredz\u0113ts slapjai mal\u0161anai, bet darba re\u017e\u012bms ar augstu ener\u0123ijas pat\u0113ri\u0146u var tik izmantots gan slapjai, gan sausai mal\u0161anai.<\/p>\n","protected":false},"featured_media":0,"parent":2645,"menu_order":76,"template":"","class_list":["post-2736","product","type-product","status-publish","hentry"],"acf":[],"_links":{"self":[{"href":"https:\/\/www.tektrade.ee\/lv\/wp-json\/wp\/v2\/product\/2736","targetHints":{"allow":["GET"]}}],"collection":[{"href":"https:\/\/www.tektrade.ee\/lv\/wp-json\/wp\/v2\/product"}],"about":[{"href":"https:\/\/www.tektrade.ee\/lv\/wp-json\/wp\/v2\/types\/product"}],"version-history":[{"count":3,"href":"https:\/\/www.tektrade.ee\/lv\/wp-json\/wp\/v2\/product\/2736\/revisions"}],"predecessor-version":[{"id":3195,"href":"https:\/\/www.tektrade.ee\/lv\/wp-json\/wp\/v2\/product\/2736\/revisions\/3195"}],"up":[{"embeddable":true,"href":"https:\/\/www.tektrade.ee\/lv\/wp-json\/wp\/v2\/product\/2645"}],"wp:attachment":[{"href":"https:\/\/www.tektrade.ee\/lv\/wp-json\/wp\/v2\/media?parent=2736"}],"curies":[{"name":"wp","href":"https:\/\/api.w.org\/{rel}","templated":true}]}}