{"id":2733,"date":"2025-08-16T12:05:50","date_gmt":"2025-08-16T09:05:50","guid":{"rendered":"https:\/\/www.tektrade.ee\/lv\/?post_type=product&#038;p=2733"},"modified":"2025-08-18T23:08:48","modified_gmt":"2025-08-18T20:08:48","slug":"koniskas-dzirnavas","status":"publish","type":"product","link":"https:\/\/www.tektrade.ee\/lv\/preces\/pulveru-apstrades-iekartas\/koniskas-dzirnavas\/","title":{"rendered":"Konisk\u0101s dzirnavas"},"content":{"rendered":"\n<div class=\"wp-block-group is-nowrap is-layout-flex wp-container-core-group-is-layout-ad2f72ca wp-block-group-is-layout-flex\">\n<div class=\"wp-block-group is-layout-constrained wp-block-group-is-layout-constrained\">\n<figure class=\"wp-block-image alignleft size-full\"><img loading=\"lazy\" decoding=\"async\" width=\"300\" height=\"200\" src=\"https:\/\/www.tektrade.ee\/lv\/wp-content\/uploads\/sites\/6\/2025\/08\/ResizedImage300200-Koonilised-veskid.jpg\" alt=\"\" class=\"wp-image-2734\"\/><figcaption class=\"wp-element-caption\">Konisk\u0101s dzirnavas<br><\/figcaption><\/figure>\n<\/div>\n<\/div>\n\n\n\n<p>Konisk\u0101s dzirnavas ir paredz\u0113tas pulvera gabalu sadal\u012b\u0161anai un pulvera graudu sasmalcin\u0101\u0161anai.<br>Dzirnavas var izmantot k\u0101 atsevi\u0161\u0137u iek\u0101rtu vai integr\u0113t ra\u017eo\u0161anas l\u012bnij\u0101.<br>Pulveri ieber konisko dzirnavu smalcin\u0101\u0161anas kamer\u0101 un ar rot\u0113jo\u0161u l\u0101psti\u0146riteni izspie\u017e caur konisko sietu. Gravit\u0101cijas rezult\u0101t\u0101 samaltais pulveris iebirst zem\u0101k eso\u0161aj\u0101 tvertn\u0113 vai ar\u012b tiek novad\u012bts t\u0101l\u0101k uz n\u0101kamo darba procesu.<br>Klients var izv\u0113l\u0113ties sav\u0101m vajadz\u012bb\u0101m atbilsto\u0161us uzst\u0101d\u012bjumus, un regul\u0113t ieg\u016bstamo pulvera graudu lielumu. Uzst\u0101d\u012bjumi:<\/p>\n\n\n\n<ol class=\"wp-block-list\">\n<li>main\u0101mi sieti (pla\u0161\u0101 izv\u0113l\u0113 pieejami da\u017e\u0101das formas caurumi, da\u017e\u0101di diametri un novietojumi);<\/li>\n\n\n\n<li>l\u0101psti\u0146rite\u0146a \u0101trums;<\/li>\n\n\n\n<li>l\u0101psti\u0146rite\u0146a un sieta att\u0101lums.<\/li>\n<\/ol>\n\n\n\n<p>Konisk\u0101s dzirnavas var izmantot procesos ar augstu veiktsp\u0113ju, lai sasmalcin\u0101tu da\u017e\u0101da veida pulverus, piem\u0113ram, slapjus, trauslus, l\u012bpo\u0161us un tml. Iek\u0101rta ir ide\u0101li piem\u0113rota ra\u017eo\u0161anas vajadz\u012bb\u0101m \u0161\u0101d\u0101s nozar\u0113s:<\/p>\n\n\n\n<ul class=\"wp-block-list\">\n<li>farm\u0101cijas r\u016bpniec\u012bba<\/li>\n\n\n\n<li>p\u0101rtikas r\u016bpniec\u012bba<\/li>\n\n\n\n<li>\u0137\u012bmisk\u0101 r\u016bpniec\u012bba<\/li>\n\n\n\n<li>kosm\u0113tikas r\u016bpniec\u012bba.<\/li>\n<\/ul>\n\n\n\n<p>Farm\u0101cijas r\u016bpniec\u012bbai ra\u017eot\u0101s dzirnavas atbilst cGMP pras\u012bb\u0101m un at\u0161\u0137iras no cit\u0101m ar deta\u013cu precizit\u0101ti un virsmas apstr\u0101di.<br>Dzirnavas var izmantot spr\u0101dzienb\u012bstam\u0101s zon\u0101s: ATEX 1-21 vai 2-22.<br>Dzirnavas var izmantot ar\u012b izol\u0101cijas skapjos ugunsb\u012bstamu vai viegli oksid\u0113jo\u0161u vielu mal\u0161anai, str\u0101d\u0101jot ar inertaj\u0101m g\u0101z\u0113m un sk\u0101bek\u013ca kontrolier\u012bc\u0113m.&nbsp;<\/p>\n","protected":false},"featured_media":0,"parent":2645,"menu_order":77,"template":"","class_list":["post-2733","product","type-product","status-publish","hentry"],"acf":[],"_links":{"self":[{"href":"https:\/\/www.tektrade.ee\/lv\/wp-json\/wp\/v2\/product\/2733","targetHints":{"allow":["GET"]}}],"collection":[{"href":"https:\/\/www.tektrade.ee\/lv\/wp-json\/wp\/v2\/product"}],"about":[{"href":"https:\/\/www.tektrade.ee\/lv\/wp-json\/wp\/v2\/types\/product"}],"version-history":[{"count":2,"href":"https:\/\/www.tektrade.ee\/lv\/wp-json\/wp\/v2\/product\/2733\/revisions"}],"predecessor-version":[{"id":3196,"href":"https:\/\/www.tektrade.ee\/lv\/wp-json\/wp\/v2\/product\/2733\/revisions\/3196"}],"up":[{"embeddable":true,"href":"https:\/\/www.tektrade.ee\/lv\/wp-json\/wp\/v2\/product\/2645"}],"wp:attachment":[{"href":"https:\/\/www.tektrade.ee\/lv\/wp-json\/wp\/v2\/media?parent=2733"}],"curies":[{"name":"wp","href":"https:\/\/api.w.org\/{rel}","templated":true}]}}