{"id":2730,"date":"2025-08-16T12:05:19","date_gmt":"2025-08-16T09:05:19","guid":{"rendered":"https:\/\/www.tektrade.ee\/lv\/?post_type=product&#038;p=2730"},"modified":"2025-08-18T23:09:09","modified_gmt":"2025-08-18T20:09:09","slug":"dzirnavas-ar-mainigu-rotaciju","status":"publish","type":"product","link":"https:\/\/www.tektrade.ee\/lv\/preces\/pulveru-apstrades-iekartas\/dzirnavas-ar-mainigu-rotaciju\/","title":{"rendered":"Dzirnavas ar main\u012bgu rot\u0101ciju"},"content":{"rendered":"\n<div class=\"wp-block-group is-nowrap is-layout-flex wp-container-core-group-is-layout-ad2f72ca wp-block-group-is-layout-flex\">\n<div class=\"wp-block-group is-layout-constrained wp-block-group-is-layout-constrained\">\n<figure class=\"wp-block-image alignleft size-full\"><img loading=\"lazy\" decoding=\"async\" width=\"300\" height=\"270\" src=\"https:\/\/www.tektrade.ee\/lv\/wp-content\/uploads\/sites\/6\/2025\/08\/ResizedImage300270-Vahelduva-poorlemisega-veskid.jpg\" alt=\"\" class=\"wp-image-2731\"\/><figcaption class=\"wp-element-caption\">Dzirnavas ar main\u012bgu rot\u0101ciju<br><\/figcaption><\/figure>\n<\/div>\n<\/div>\n\n\n\n<div style=\"height:30px\" aria-hidden=\"true\" class=\"wp-block-spacer\"><\/div>\n\n\n\n<p>Dzirnavas ar main\u012bgu rot\u0101ciju izmanto karstumj\u016bt\u012bgu un gr\u016bti sama\u013camu vielu maigai mal\u0161anai, k\u0101 ar\u012b lai nepie\u013cautu da\u013ci\u0146u salip\u0161anu. \u0160aj\u0101 proces\u0101 ieg\u016bto da\u013ci\u0146u lielums nep\u0101rsniedz 250\u00a0\u03bcm. Rotora main\u012bg\u0101 un rot\u0113jo\u0161\u0101 kust\u012bba nodro\u0161ina da\u013ci\u0146u viendab\u012bbu.<br>Rotors, mainot rot\u0101cijas virzienu, maigi izma\u013c vielu cauri sietam. Vienm\u0113r\u012bgais \u0101trums un jauda, k\u0101 ar\u012b sieta liel\u0101 plat\u012bba nodro\u0161ina vienm\u0113r\u012bgu ener\u0123ijas p\u0101rne\u0161anu uz vielu. Tas b\u016btiski samazina p\u0101r\u0101k s\u012bku da\u013ci\u0146u ra\u0161an\u0101s iesp\u0113jam\u012bbu,\u00a0t\u0101d\u0113\u013c samaltaj\u0101 viel\u0101 ir \u013coti mazs procents s\u012bko graudu.<br>Samalt un homogeniz\u0113t (nov\u0113rst salip\u0161anu gabalos) var gan sausus, gan mitrus produktus.<br>Atkar\u012bb\u0101 no produkta un v\u0113lam\u0101 graudu lieluma, var izmanot sietus no apa\u013cas vai kvadr\u0101tveida stieples, vai ar\u012b no perfor\u0113tas pl\u0101ksnes.<\/p>\n","protected":false},"featured_media":0,"parent":2645,"menu_order":78,"template":"","class_list":["post-2730","product","type-product","status-publish","hentry"],"acf":[],"_links":{"self":[{"href":"https:\/\/www.tektrade.ee\/lv\/wp-json\/wp\/v2\/product\/2730","targetHints":{"allow":["GET"]}}],"collection":[{"href":"https:\/\/www.tektrade.ee\/lv\/wp-json\/wp\/v2\/product"}],"about":[{"href":"https:\/\/www.tektrade.ee\/lv\/wp-json\/wp\/v2\/types\/product"}],"version-history":[{"count":2,"href":"https:\/\/www.tektrade.ee\/lv\/wp-json\/wp\/v2\/product\/2730\/revisions"}],"predecessor-version":[{"id":3197,"href":"https:\/\/www.tektrade.ee\/lv\/wp-json\/wp\/v2\/product\/2730\/revisions\/3197"}],"up":[{"embeddable":true,"href":"https:\/\/www.tektrade.ee\/lv\/wp-json\/wp\/v2\/product\/2645"}],"wp:attachment":[{"href":"https:\/\/www.tektrade.ee\/lv\/wp-json\/wp\/v2\/media?parent=2730"}],"curies":[{"name":"wp","href":"https:\/\/api.w.org\/{rel}","templated":true}]}}