{"id":2727,"date":"2025-08-16T12:04:34","date_gmt":"2025-08-16T09:04:34","guid":{"rendered":"https:\/\/www.tektrade.ee\/lv\/?post_type=product&#038;p=2727"},"modified":"2025-08-18T23:09:29","modified_gmt":"2025-08-18T20:09:29","slug":"amurdzirnavas","status":"publish","type":"product","link":"https:\/\/www.tektrade.ee\/lv\/preces\/pulveru-apstrades-iekartas\/amurdzirnavas\/","title":{"rendered":"\u0100murdzirnavas"},"content":{"rendered":"\n<div class=\"wp-block-group is-nowrap is-layout-flex wp-container-core-group-is-layout-ad2f72ca wp-block-group-is-layout-flex\">\n<div class=\"wp-block-group is-layout-constrained wp-block-group-is-layout-constrained\">\n<figure class=\"wp-block-image alignleft size-full\"><img loading=\"lazy\" decoding=\"async\" width=\"300\" height=\"306\" src=\"https:\/\/www.tektrade.ee\/lv\/wp-content\/uploads\/sites\/6\/2025\/08\/ResizedImage300306-Haamerveskid.jpg\" alt=\"\" class=\"wp-image-2728\" srcset=\"https:\/\/www.tektrade.ee\/lv\/wp-content\/uploads\/sites\/6\/2025\/08\/ResizedImage300306-Haamerveskid.jpg 300w, https:\/\/www.tektrade.ee\/lv\/wp-content\/uploads\/sites\/6\/2025\/08\/ResizedImage300306-Haamerveskid-294x300.jpg 294w\" sizes=\"auto, (max-width: 300px) 100vw, 300px\" \/><figcaption class=\"wp-element-caption\"><em>\u0100murdzirnavas<br><\/em><\/figcaption><\/figure>\n<\/div>\n<\/div>\n\n\n\n<div style=\"height:30px\" aria-hidden=\"true\" class=\"wp-block-spacer\"><\/div>\n\n\n\n<p>\u0100murdzirnavas izmanto izejmateri\u0101lu sasmalcin\u0101\u0161anai. Tam tiek izmantoti t\u0101 sauktie \u201e\u0101muri\u201c, kas ir piestiprin\u0101ti pie v\u0101rpst\u0101m, kas liel\u0101 \u0101trum\u0101 rot\u0113 sl\u0113gt\u0101 kamer\u0101. Materi\u0101ls sadr\u016bp no atk\u0101rtotas sadursmes starp \u0101muriem, sien\u0101m un pa\u0161a materi\u0101la. Dzirnavu izejas atveres priek\u0161\u0101 ir siets vai restes. Materi\u0101ls kamer\u0101 tiek drupin\u0101ts tik ilgi, l\u012bdz tiek ieg\u016btas da\u013ci\u0146as, kuras var izbirt cauri sietam. Smagi materi\u0101li, piem\u0113ram, stikls, akmens vai met\u0101ls izbirst cauri dzirnav\u0101m gravit\u0101cijas ietekm\u0113.\u00a0 Apstr\u0101d\u0101jot viegl\u0101kus materi\u0101lus, piem\u0113ram, koksni, pap\u012bru vai citus produktus ar mazu tilpuma bl\u012bvumu, papildus izmanto pneimatisko transportu.<\/p>\n","protected":false},"featured_media":0,"parent":2645,"menu_order":79,"template":"","class_list":["post-2727","product","type-product","status-publish","hentry"],"acf":[],"_links":{"self":[{"href":"https:\/\/www.tektrade.ee\/lv\/wp-json\/wp\/v2\/product\/2727","targetHints":{"allow":["GET"]}}],"collection":[{"href":"https:\/\/www.tektrade.ee\/lv\/wp-json\/wp\/v2\/product"}],"about":[{"href":"https:\/\/www.tektrade.ee\/lv\/wp-json\/wp\/v2\/types\/product"}],"version-history":[{"count":2,"href":"https:\/\/www.tektrade.ee\/lv\/wp-json\/wp\/v2\/product\/2727\/revisions"}],"predecessor-version":[{"id":3198,"href":"https:\/\/www.tektrade.ee\/lv\/wp-json\/wp\/v2\/product\/2727\/revisions\/3198"}],"up":[{"embeddable":true,"href":"https:\/\/www.tektrade.ee\/lv\/wp-json\/wp\/v2\/product\/2645"}],"wp:attachment":[{"href":"https:\/\/www.tektrade.ee\/lv\/wp-json\/wp\/v2\/media?parent=2727"}],"curies":[{"name":"wp","href":"https:\/\/api.w.org\/{rel}","templated":true}]}}