{"id":2723,"date":"2025-08-16T12:03:22","date_gmt":"2025-08-16T09:03:22","guid":{"rendered":"https:\/\/www.tektrade.ee\/lv\/?post_type=product&#038;p=2723"},"modified":"2025-08-18T23:09:48","modified_gmt":"2025-08-18T20:09:48","slug":"trumulu-maisitaji","status":"publish","type":"product","link":"https:\/\/www.tektrade.ee\/lv\/preces\/pulveru-apstrades-iekartas\/trumulu-maisitaji\/","title":{"rendered":"Trumu\u013cu mais\u012bt\u0101ji"},"content":{"rendered":"\n<div class=\"wp-block-group is-nowrap is-layout-flex wp-container-core-group-is-layout-ad2f72ca wp-block-group-is-layout-flex\">\n<div class=\"wp-block-group is-layout-constrained wp-block-group-is-layout-constrained\">\n<figure class=\"wp-block-image alignleft size-full\"><img loading=\"lazy\" decoding=\"async\" width=\"300\" height=\"354\" src=\"https:\/\/www.tektrade.ee\/lv\/wp-content\/uploads\/sites\/6\/2025\/08\/ResizedImage300354-Trummelsegistid2.jpg\" alt=\"\" class=\"wp-image-2725\" srcset=\"https:\/\/www.tektrade.ee\/lv\/wp-content\/uploads\/sites\/6\/2025\/08\/ResizedImage300354-Trummelsegistid2.jpg 300w, https:\/\/www.tektrade.ee\/lv\/wp-content\/uploads\/sites\/6\/2025\/08\/ResizedImage300354-Trummelsegistid2-254x300.jpg 254w\" sizes=\"auto, (max-width: 300px) 100vw, 300px\" \/><figcaption class=\"wp-element-caption\">Trumu\u013cu mais\u012bt\u0101js<br><\/figcaption><\/figure>\n<\/div>\n<\/div>\n\n\n\n<p>Trumu\u013cu mais\u012bt\u0101jus izmanto \u0161\u0137idrumu vai pulverveida vielu mais\u012b\u0161anai. Mais\u012bt\u0101ja kust\u012bg\u0101 da\u013ca ir rot\u0113jo\u0161ais trumulis. Atkar\u012bb\u0101 no mais\u0101m\u0101s vielas var izmantot da\u017e\u0101dus trumu\u013ca rot\u0113\u0161anas re\u017e\u012bmus.\u00a0Trumulim var pievienot mais\u012b\u0161anas l\u0101psti\u0146as, kas katras rot\u0101cijas laik\u0101 pace\u013c un nomet mais\u0101mo vielu.<\/p>\n","protected":false},"featured_media":0,"parent":2645,"menu_order":80,"template":"","class_list":["post-2723","product","type-product","status-publish","hentry"],"acf":[],"_links":{"self":[{"href":"https:\/\/www.tektrade.ee\/lv\/wp-json\/wp\/v2\/product\/2723","targetHints":{"allow":["GET"]}}],"collection":[{"href":"https:\/\/www.tektrade.ee\/lv\/wp-json\/wp\/v2\/product"}],"about":[{"href":"https:\/\/www.tektrade.ee\/lv\/wp-json\/wp\/v2\/types\/product"}],"version-history":[{"count":3,"href":"https:\/\/www.tektrade.ee\/lv\/wp-json\/wp\/v2\/product\/2723\/revisions"}],"predecessor-version":[{"id":3199,"href":"https:\/\/www.tektrade.ee\/lv\/wp-json\/wp\/v2\/product\/2723\/revisions\/3199"}],"up":[{"embeddable":true,"href":"https:\/\/www.tektrade.ee\/lv\/wp-json\/wp\/v2\/product\/2645"}],"wp:attachment":[{"href":"https:\/\/www.tektrade.ee\/lv\/wp-json\/wp\/v2\/media?parent=2723"}],"curies":[{"name":"wp","href":"https:\/\/api.w.org\/{rel}","templated":true}]}}