{"id":2720,"date":"2025-08-16T12:02:55","date_gmt":"2025-08-16T09:02:55","guid":{"rendered":"https:\/\/www.tektrade.ee\/lv\/?post_type=product&#038;p=2720"},"modified":"2025-08-18T23:10:13","modified_gmt":"2025-08-18T20:10:13","slug":"konusa-maisitaji","status":"publish","type":"product","link":"https:\/\/www.tektrade.ee\/lv\/preces\/pulveru-apstrades-iekartas\/konusa-maisitaji\/","title":{"rendered":"Konusa mais\u012bt\u0101ji"},"content":{"rendered":"\n<div class=\"wp-block-group is-nowrap is-layout-flex wp-container-core-group-is-layout-ad2f72ca wp-block-group-is-layout-flex\">\n<div class=\"wp-block-group is-layout-constrained wp-block-group-is-layout-constrained\">\n<figure class=\"wp-block-image alignleft size-full\"><img loading=\"lazy\" decoding=\"async\" width=\"250\" height=\"269\" src=\"https:\/\/www.tektrade.ee\/lv\/wp-content\/uploads\/sites\/6\/2025\/08\/ResizedImage250269-Koonusmikser.jpg\" alt=\"\" class=\"wp-image-2721\"\/><figcaption class=\"wp-element-caption\"><em>Konusa mais\u012bt\u0101ji<br><\/em><\/figcaption><\/figure>\n<\/div>\n<\/div>\n\n\n\n<p>Konusa mais\u012bt\u0101js sast\u0101v no konusa formas trauka un rot\u0101cijas skr\u016bves. Skr\u016bve grie\u017eas ap savu asi un vienlaic\u012bgi kustas gar konusa formas trauka iek\u0161\u0113jo sienu. Skr\u016bve ce\u013c mais\u0101mo vielu vertik\u0101li no lejas uz aug\u0161u, un viela sl\u012bd lejup pa trauka mal\u0101m.<\/p>\n\n\n\n<p>Priek\u0161roc\u012bbas:<\/p>\n\n\n\n<ul class=\"wp-block-list\">\n<li>zems ener\u0123ijas pat\u0113ri\u0146\u0161, jo skr\u016bve neapstr\u0101d\u0101 visu vielas masu vienlaic\u012bgi;<\/li>\n\n\n\n<li>minim\u0101la vielas uzsild\u012b\u0161ana;<\/li>\n\n\n\n<li>maiga mais\u012b\u0161ana, lai neboj\u0101tu masu;<\/li>\n\n\n\n<li>viela piln\u012bba iztuk\u0161o trauku;<\/li>\n\n\n\n<li>iesp\u0113ja str\u0101d\u0101t ar maz\u0101ku vielas tilpumu nek\u0101 trauka maksim\u0101l\u0101 ietilp\u012bba.<\/li>\n<\/ul>\n","protected":false},"featured_media":0,"parent":2645,"menu_order":81,"template":"","class_list":["post-2720","product","type-product","status-publish","hentry"],"acf":[],"_links":{"self":[{"href":"https:\/\/www.tektrade.ee\/lv\/wp-json\/wp\/v2\/product\/2720","targetHints":{"allow":["GET"]}}],"collection":[{"href":"https:\/\/www.tektrade.ee\/lv\/wp-json\/wp\/v2\/product"}],"about":[{"href":"https:\/\/www.tektrade.ee\/lv\/wp-json\/wp\/v2\/types\/product"}],"version-history":[{"count":2,"href":"https:\/\/www.tektrade.ee\/lv\/wp-json\/wp\/v2\/product\/2720\/revisions"}],"predecessor-version":[{"id":3200,"href":"https:\/\/www.tektrade.ee\/lv\/wp-json\/wp\/v2\/product\/2720\/revisions\/3200"}],"up":[{"embeddable":true,"href":"https:\/\/www.tektrade.ee\/lv\/wp-json\/wp\/v2\/product\/2645"}],"wp:attachment":[{"href":"https:\/\/www.tektrade.ee\/lv\/wp-json\/wp\/v2\/media?parent=2720"}],"curies":[{"name":"wp","href":"https:\/\/api.w.org\/{rel}","templated":true}]}}