{"id":2717,"date":"2025-08-16T12:02:25","date_gmt":"2025-08-16T09:02:25","guid":{"rendered":"https:\/\/www.tektrade.ee\/lv\/?post_type=product&#038;p=2717"},"modified":"2025-08-18T23:10:37","modified_gmt":"2025-08-18T20:10:37","slug":"pseidosaskidrinasanas-maisitaji","status":"publish","type":"product","link":"https:\/\/www.tektrade.ee\/lv\/preces\/pulveru-apstrades-iekartas\/pseidosaskidrinasanas-maisitaji\/","title":{"rendered":"Pseidosa\u0161\u0137idrin\u0101\u0161anas mais\u012bt\u0101ji"},"content":{"rendered":"\n<div class=\"wp-block-group is-nowrap is-layout-flex wp-container-core-group-is-layout-ad2f72ca wp-block-group-is-layout-flex\">\n<div class=\"wp-block-group is-layout-constrained wp-block-group-is-layout-constrained\">\n<figure class=\"wp-block-image alignleft size-full\"><img loading=\"lazy\" decoding=\"async\" width=\"300\" height=\"211\" src=\"https:\/\/www.tektrade.ee\/lv\/wp-content\/uploads\/sites\/6\/2025\/08\/ResizedImage300211-Pseudoveeldusmikserid.jpg\" alt=\"\" class=\"wp-image-2718\"\/><figcaption class=\"wp-element-caption\"><em>Pseidosa\u0161\u0137idrin\u0101\u0161anas mais\u012bt\u0101ji<br><\/em><\/figcaption><\/figure>\n<\/div>\n<\/div>\n\n\n\n<p>Pseidosa\u0161\u0137idrin\u0101\u0161anas process ir l\u012bdz\u012bgs \u0161\u0137idrin\u0101\u0161anas procesam, kura laik\u0101 granul\u0113tais materi\u0101ls tiek p\u0101rv\u0113rsts no cieta st\u0101vok\u013ca dinamisk\u0101, \u0161\u0137idrumam l\u012bdz\u012bg\u0101 st\u0101vokl\u012b. \u0160is process notiek, kad gaiss vai g\u0101ze, pace\u013coties aug\u0161up, pl\u016bst cauri granul\u0113tajam materi\u0101lam.<br>Kad g\u0101zes vai gaisa pl\u016bsma, pace\u013coties aug\u0161up, pl\u016bst cauri cieto da\u013ci\u0146u sl\u0101nim, t\u0101 virz\u0101s starp da\u013ci\u0146\u0101m eso\u0161aj\u0101m tuk\u0161aj\u0101m viet\u0101m. Pl\u016bsmas \u0101trumam palielinoties, aerodinamiskie sp\u0113ki s\u0101k c\u012bn\u012bties ar gravit\u0101cijas sp\u0113ku, un da\u013ci\u0146as atvirz\u0101s viena no otras, izraisot sl\u0101\u0146a apjoma papla\u0161in\u0101\u0161anos. V\u0113l vair\u0101k palielinot \u0101trumu, t\u0101s sasniedz kritisko v\u0113rt\u012bbu\u00a0\u2013 c\u0113l\u0113jsp\u0113ks ir vien\u0101ds ar uz leju v\u0113rsto gravit\u0101cijas sp\u0113ku, kas izraisa da\u013ci\u0146u sa\u0161\u0137idrin\u0101\u0161anos. Sasniedzot kritisko v\u0113rt\u012bbu, materi\u0101ls s\u0101k uzvesties l\u012bdz\u012bgi \u0161\u0137idrumam.\u00a0\u0160aj\u0101 st\u0101vokl\u012b materi\u0101lu ir \u013coti viegli mais\u012bt, jo tas ir k\u013cuvis viegls, un tas savuk\u0101rt nodro\u0161ina ener\u0123ijas ietaup\u012bjumu.<\/p>\n","protected":false},"featured_media":0,"parent":2645,"menu_order":82,"template":"","class_list":["post-2717","product","type-product","status-publish","hentry"],"acf":[],"_links":{"self":[{"href":"https:\/\/www.tektrade.ee\/lv\/wp-json\/wp\/v2\/product\/2717","targetHints":{"allow":["GET"]}}],"collection":[{"href":"https:\/\/www.tektrade.ee\/lv\/wp-json\/wp\/v2\/product"}],"about":[{"href":"https:\/\/www.tektrade.ee\/lv\/wp-json\/wp\/v2\/types\/product"}],"version-history":[{"count":2,"href":"https:\/\/www.tektrade.ee\/lv\/wp-json\/wp\/v2\/product\/2717\/revisions"}],"predecessor-version":[{"id":3201,"href":"https:\/\/www.tektrade.ee\/lv\/wp-json\/wp\/v2\/product\/2717\/revisions\/3201"}],"up":[{"embeddable":true,"href":"https:\/\/www.tektrade.ee\/lv\/wp-json\/wp\/v2\/product\/2645"}],"wp:attachment":[{"href":"https:\/\/www.tektrade.ee\/lv\/wp-json\/wp\/v2\/media?parent=2717"}],"curies":[{"name":"wp","href":"https:\/\/api.w.org\/{rel}","templated":true}]}}