{"id":2714,"date":"2025-08-16T12:01:53","date_gmt":"2025-08-16T09:01:53","guid":{"rendered":"https:\/\/www.tektrade.ee\/lv\/?post_type=product&#038;p=2714"},"modified":"2025-08-18T23:11:01","modified_gmt":"2025-08-18T20:11:01","slug":"skruves-transportieri","status":"publish","type":"product","link":"https:\/\/www.tektrade.ee\/lv\/preces\/pulveru-apstrades-iekartas\/skruves-transportieri\/","title":{"rendered":"Skr\u016bves transportieri"},"content":{"rendered":"\n<div class=\"wp-block-group is-nowrap is-layout-flex wp-container-core-group-is-layout-ad2f72ca wp-block-group-is-layout-flex\">\n<div class=\"wp-block-group is-layout-constrained wp-block-group-is-layout-constrained\">\n<figure class=\"wp-block-image alignleft size-full\"><img loading=\"lazy\" decoding=\"async\" width=\"150\" height=\"142\" src=\"https:\/\/www.tektrade.ee\/lv\/wp-content\/uploads\/sites\/6\/2025\/08\/ResizedImage150142-Kruvikonveierid.jpg\" alt=\"\" class=\"wp-image-2715\"\/><figcaption class=\"wp-element-caption\"><em>Skr\u016bves transportieri<br><\/em><\/figcaption><\/figure>\n<\/div>\n<\/div>\n\n\n\n<p>Skr\u016bves transportieri ir paredz\u0113ti materi\u0101lu un p\u0101rpalikumu transport\u0113\u0161anai no silosiem un konteineriem vai ar\u012b materi\u0101lu pild\u012b\u0161anai silosos un konteineros.<br>Ir divu veidu skr\u016bves transportieri: siles (atv\u0113rta sist\u0113ma) un caurules transportieri (sl\u0113gta sist\u0113ma).<br>Skr\u016bves transportier\u012b ar divvirzienu darb\u012bbas principu materi\u0101lus var transport\u0113t abos virzienos. Mainot skr\u016bves rot\u0101cijas virzienu, main\u0101s materi\u0101la kust\u012bbas virziens.<\/p>\n","protected":false},"featured_media":0,"parent":2645,"menu_order":83,"template":"","class_list":["post-2714","product","type-product","status-publish","hentry"],"acf":[],"_links":{"self":[{"href":"https:\/\/www.tektrade.ee\/lv\/wp-json\/wp\/v2\/product\/2714","targetHints":{"allow":["GET"]}}],"collection":[{"href":"https:\/\/www.tektrade.ee\/lv\/wp-json\/wp\/v2\/product"}],"about":[{"href":"https:\/\/www.tektrade.ee\/lv\/wp-json\/wp\/v2\/types\/product"}],"version-history":[{"count":2,"href":"https:\/\/www.tektrade.ee\/lv\/wp-json\/wp\/v2\/product\/2714\/revisions"}],"predecessor-version":[{"id":3202,"href":"https:\/\/www.tektrade.ee\/lv\/wp-json\/wp\/v2\/product\/2714\/revisions\/3202"}],"up":[{"embeddable":true,"href":"https:\/\/www.tektrade.ee\/lv\/wp-json\/wp\/v2\/product\/2645"}],"wp:attachment":[{"href":"https:\/\/www.tektrade.ee\/lv\/wp-json\/wp\/v2\/media?parent=2714"}],"curies":[{"name":"wp","href":"https:\/\/api.w.org\/{rel}","templated":true}]}}