{"id":2711,"date":"2025-08-16T12:01:21","date_gmt":"2025-08-16T09:01:21","guid":{"rendered":"https:\/\/www.tektrade.ee\/lv\/?post_type=product&#038;p=2711"},"modified":"2025-08-18T23:11:30","modified_gmt":"2025-08-18T20:11:30","slug":"centrbedzes-separatori","status":"publish","type":"product","link":"https:\/\/www.tektrade.ee\/lv\/preces\/pulveru-apstrades-iekartas\/centrbedzes-separatori\/","title":{"rendered":"Centrb\u0113dzes separatori"},"content":{"rendered":"\n<div class=\"wp-block-group is-nowrap is-layout-flex wp-container-core-group-is-layout-ad2f72ca wp-block-group-is-layout-flex\">\n<div class=\"wp-block-group is-layout-constrained wp-block-group-is-layout-constrained\">\n<figure class=\"wp-block-image alignleft size-full\"><img loading=\"lazy\" decoding=\"async\" width=\"300\" height=\"293\" src=\"https:\/\/www.tektrade.ee\/lv\/wp-content\/uploads\/sites\/6\/2025\/08\/ResizedImage300293-Tsentrifugaalsoelad.jpg\" alt=\"\" class=\"wp-image-2712\"\/><figcaption class=\"wp-element-caption\"><em>Centrb\u0113dzes separators<br><\/em><\/figcaption><\/figure>\n<\/div>\n<\/div>\n\n\n\n<p>Sij\u0101jamais produkts tiek novad\u012bts uz iek\u0101rtu pa skr\u016bves konveijeru, kas nog\u0101d\u0101 pulveri uz rot\u0113jo\u0161u sij\u0101\u0161anas kameru. Rot\u0113jo\u0161\u0101 l\u0101psta rada centrb\u0113dzes sp\u0113ku, un pulveris ar groza r\u0101mja pal\u012bdz\u012bbu tiek novad\u012bts t\u0101l\u0101k. Produkts, kas ir smalk\u0101ks par sieta atver\u0113m, caur sietu non\u0101k s\u012bkgraudu tvertn\u0113. Produkts, kas ir liel\u0101ks par sieta atver\u0113m, ar groza r\u0101mja pal\u012bdz\u012bbu tiek novad\u012bts uz citu tvertni.<br>\u0160\u0101das iek\u0101rtas parasti izmanto, ja ir j\u0101sij\u0101 liels daudzums pulvera, vai ar\u012b kontroles sij\u0101\u0161anai, kad cauri sietam non\u0101k mazs procents no sij\u0101jam\u0101 produkta.<\/p>\n","protected":false},"featured_media":0,"parent":2645,"menu_order":84,"template":"","class_list":["post-2711","product","type-product","status-publish","hentry"],"acf":[],"_links":{"self":[{"href":"https:\/\/www.tektrade.ee\/lv\/wp-json\/wp\/v2\/product\/2711","targetHints":{"allow":["GET"]}}],"collection":[{"href":"https:\/\/www.tektrade.ee\/lv\/wp-json\/wp\/v2\/product"}],"about":[{"href":"https:\/\/www.tektrade.ee\/lv\/wp-json\/wp\/v2\/types\/product"}],"version-history":[{"count":2,"href":"https:\/\/www.tektrade.ee\/lv\/wp-json\/wp\/v2\/product\/2711\/revisions"}],"predecessor-version":[{"id":3203,"href":"https:\/\/www.tektrade.ee\/lv\/wp-json\/wp\/v2\/product\/2711\/revisions\/3203"}],"up":[{"embeddable":true,"href":"https:\/\/www.tektrade.ee\/lv\/wp-json\/wp\/v2\/product\/2645"}],"wp:attachment":[{"href":"https:\/\/www.tektrade.ee\/lv\/wp-json\/wp\/v2\/media?parent=2711"}],"curies":[{"name":"wp","href":"https:\/\/api.w.org\/{rel}","templated":true}]}}