{"id":2698,"date":"2025-08-16T11:57:49","date_gmt":"2025-08-16T08:57:49","guid":{"rendered":"https:\/\/www.tektrade.ee\/lv\/?post_type=product&#038;p=2698"},"modified":"2025-08-18T23:12:52","modified_gmt":"2025-08-18T20:12:52","slug":"stacionarie-sieti","status":"publish","type":"product","link":"https:\/\/www.tektrade.ee\/lv\/preces\/pulveru-apstrades-iekartas\/stacionarie-sieti\/","title":{"rendered":"Stacion\u0101rie sieti"},"content":{"rendered":"\n<div class=\"wp-block-group is-nowrap is-layout-flex wp-container-core-group-is-layout-ad2f72ca wp-block-group-is-layout-flex\">\n<div class=\"wp-block-group is-layout-constrained wp-block-group-is-layout-constrained\">\n<figure class=\"wp-block-image alignleft size-full\"><img loading=\"lazy\" decoding=\"async\" width=\"250\" height=\"218\" src=\"https:\/\/www.tektrade.ee\/lv\/wp-content\/uploads\/sites\/6\/2025\/08\/ResizedImage250218-Statsionaarsed-soelad.jpg\" alt=\"\" class=\"wp-image-2699\"\/><figcaption class=\"wp-element-caption\"><em>Stacion\u0101rais siets<br><\/em><\/figcaption><\/figure>\n<\/div>\n<\/div>\n\n\n\n<p>Stacion\u0101rie sieti nodro\u0161ina \u0101tru un efekt\u012bvu cietvielu atdal\u012b\u0161anu no \u0161\u0137idrumiem. Ide\u0101li piem\u0113roti procesiem, kuros izmanto lielu daudzumu \u016bdens.<br>Iek\u0101rtas priek\u0161roc\u012bbas ir zem\u0101s izmaksas, \u0161\u0137idruma pl\u016bsmas lielais \u0101trums, sieta kalpo\u0161anas ilgums un tas, ka sietam nav kust\u012bgu da\u013cu. Var darbin\u0101t neatkar\u012bgi vai k\u0101 sist\u0113mas sast\u0101vda\u013cu.<\/p>\n","protected":false},"featured_media":0,"parent":2645,"menu_order":86,"template":"","class_list":["post-2698","product","type-product","status-publish","hentry"],"acf":[],"_links":{"self":[{"href":"https:\/\/www.tektrade.ee\/lv\/wp-json\/wp\/v2\/product\/2698","targetHints":{"allow":["GET"]}}],"collection":[{"href":"https:\/\/www.tektrade.ee\/lv\/wp-json\/wp\/v2\/product"}],"about":[{"href":"https:\/\/www.tektrade.ee\/lv\/wp-json\/wp\/v2\/types\/product"}],"version-history":[{"count":2,"href":"https:\/\/www.tektrade.ee\/lv\/wp-json\/wp\/v2\/product\/2698\/revisions"}],"predecessor-version":[{"id":3205,"href":"https:\/\/www.tektrade.ee\/lv\/wp-json\/wp\/v2\/product\/2698\/revisions\/3205"}],"up":[{"embeddable":true,"href":"https:\/\/www.tektrade.ee\/lv\/wp-json\/wp\/v2\/product\/2645"}],"wp:attachment":[{"href":"https:\/\/www.tektrade.ee\/lv\/wp-json\/wp\/v2\/media?parent=2698"}],"curies":[{"name":"wp","href":"https:\/\/api.w.org\/{rel}","templated":true}]}}