{"id":2695,"date":"2025-08-16T11:57:18","date_gmt":"2025-08-16T08:57:18","guid":{"rendered":"https:\/\/www.tektrade.ee\/lv\/?post_type=product&#038;p=2695"},"modified":"2025-08-18T23:13:14","modified_gmt":"2025-08-18T20:13:14","slug":"drupinataji","status":"publish","type":"product","link":"https:\/\/www.tektrade.ee\/lv\/preces\/pulveru-apstrades-iekartas\/drupinataji\/","title":{"rendered":"Drupin\u0101t\u0101ji"},"content":{"rendered":"\n<div class=\"wp-block-group is-nowrap is-layout-flex wp-container-core-group-is-layout-ad2f72ca wp-block-group-is-layout-flex\">\n<div class=\"wp-block-group is-layout-constrained wp-block-group-is-layout-constrained\">\n<figure class=\"wp-block-image alignleft size-full\"><img loading=\"lazy\" decoding=\"async\" width=\"300\" height=\"280\" src=\"https:\/\/www.tektrade.ee\/lv\/wp-content\/uploads\/sites\/6\/2025\/08\/ResizedImage300280-Klompide-purustid.jpg\" alt=\"\" class=\"wp-image-2696\"\/><figcaption class=\"wp-element-caption\">Drupin\u0101t\u0101ji<\/figcaption><\/figure>\n<\/div>\n<\/div>\n\n\n\n<p>Drupin\u0101t\u0101jus izmantoto sa\u0137epu\u0161u pulvera gabalu sadrupin\u0101\u0161anai un sasmalcin\u0101\u0161anai. Parasti pulveris sal\u012bp uzglab\u0101\u0161anas laik\u0101, un pirms t\u0101 t\u0101l\u0101kas apstr\u0101des vai transport\u0113\u0161anas pulvera gabalus sasmalcina. Ir pieejami da\u017e\u0101da izm\u0113ra un da\u017e\u0101das produktivit\u0101tes drupin\u0101t\u0101ji atbilsto\u0161i vajadz\u012bbai.<\/p>\n\n\n\n<p>Sa\u0137epu\u0161o materi\u0101lu sagrie\u017e ar speci\u0101li veidotiem na\u017eiem, kuri da\u013c\u0113ji ir uzst\u0101d\u012bti uz rot\u0113jo\u0161\u0101s v\u0101rpstas, bet da\u013c\u0113ji pas\u012bvi piestiprin\u0101ti pie drupin\u0101t\u0101ja korpusa.<br><br>Ja materi\u0101ls ir smags un ciets, un ir nepiecie\u0161ams kontrol\u0113t sadrupin\u0101to gabalu lielumu, tad drupinot izmanto papildu sietu. Liel\u0101kie gabali paliek siet\u0101, un drupin\u0101t\u0101ja na\u017ei tos sama\u013c l\u012bdz vajadz\u012bgajam lielumam t\u0101, lai materi\u0101ls var\u0113tu izk\u013c\u016bt cauri sietam.<\/p>\n","protected":false},"featured_media":0,"parent":2645,"menu_order":87,"template":"","class_list":["post-2695","product","type-product","status-publish","hentry"],"acf":[],"_links":{"self":[{"href":"https:\/\/www.tektrade.ee\/lv\/wp-json\/wp\/v2\/product\/2695","targetHints":{"allow":["GET"]}}],"collection":[{"href":"https:\/\/www.tektrade.ee\/lv\/wp-json\/wp\/v2\/product"}],"about":[{"href":"https:\/\/www.tektrade.ee\/lv\/wp-json\/wp\/v2\/types\/product"}],"version-history":[{"count":2,"href":"https:\/\/www.tektrade.ee\/lv\/wp-json\/wp\/v2\/product\/2695\/revisions"}],"predecessor-version":[{"id":3206,"href":"https:\/\/www.tektrade.ee\/lv\/wp-json\/wp\/v2\/product\/2695\/revisions\/3206"}],"up":[{"embeddable":true,"href":"https:\/\/www.tektrade.ee\/lv\/wp-json\/wp\/v2\/product\/2645"}],"wp:attachment":[{"href":"https:\/\/www.tektrade.ee\/lv\/wp-json\/wp\/v2\/media?parent=2695"}],"curies":[{"name":"wp","href":"https:\/\/api.w.org\/{rel}","templated":true}]}}