{"id":2692,"date":"2025-08-16T11:56:39","date_gmt":"2025-08-16T08:56:39","guid":{"rendered":"https:\/\/www.tektrade.ee\/lv\/?post_type=product&#038;p=2692"},"modified":"2025-08-18T23:13:38","modified_gmt":"2025-08-18T20:13:38","slug":"vakuuma-transportieri","status":"publish","type":"product","link":"https:\/\/www.tektrade.ee\/lv\/preces\/pulveru-apstrades-iekartas\/vakuuma-transportieri\/","title":{"rendered":"Vakuuma transportieri"},"content":{"rendered":"\n<div class=\"wp-block-group is-nowrap is-layout-flex wp-container-core-group-is-layout-ad2f72ca wp-block-group-is-layout-flex\">\n<div class=\"wp-block-group is-layout-constrained wp-block-group-is-layout-constrained\">\n<figure class=\"wp-block-image alignleft size-full\"><img loading=\"lazy\" decoding=\"async\" width=\"300\" height=\"323\" src=\"https:\/\/www.tektrade.ee\/lv\/wp-content\/uploads\/sites\/6\/2025\/08\/ResizedImage300323-Vaakumkonveierid.jpg\" alt=\"\" class=\"wp-image-2693\" srcset=\"https:\/\/www.tektrade.ee\/lv\/wp-content\/uploads\/sites\/6\/2025\/08\/ResizedImage300323-Vaakumkonveierid.jpg 300w, https:\/\/www.tektrade.ee\/lv\/wp-content\/uploads\/sites\/6\/2025\/08\/ResizedImage300323-Vaakumkonveierid-279x300.jpg 279w\" sizes=\"auto, (max-width: 300px) 100vw, 300px\" \/><figcaption class=\"wp-element-caption\"><em>Vakuuma transportieris<br><\/em><\/figcaption><\/figure>\n<\/div>\n<\/div>\n\n\n\n<p>Vakuuma transportieriem ir vienk\u0101r\u0161a konstrukcija. Vakuuma transportieriem ir maz kust\u012bgo da\u013cu, un tos ir vienk\u0101r\u0161i lietot un uztur\u0113t.<br><br>Vairums vakuuma transport\u0113\u0161anas sist\u0113mu darbojas cikliski, transport\u0113jot pulveri ik p\u0113c noteikta laika vai l\u012bdz konkr\u0113tai robe\u017eai. Tad kust\u012bba apst\u0101jas, atveras izpl\u016bdes v\u0101rsti, pulveris tiek izb\u0113rts un tiek izt\u012br\u012bti filtri. Tad procesu atk\u0101rto.<\/p>\n\n\n\n<p>Lai vakuuma sist\u0113ma darbotos, ir vajadz\u012bga vakuuma transport\u0113\u0161anas sist\u0113ma un tr\u012bs svar\u012bgi elementi:<\/p>\n\n\n\n<ol class=\"wp-block-list\">\n<li>materi\u0101la iel\u0101des vieta\u00a0\u2013 piltuvveida glab\u0101\u0161anas tvertne, trauks, maisa iztuk\u0161o\u0161anas sist\u0113ma;<\/li>\n\n\n\n<li>vakuuma uztv\u0113r\u0113js\u00a0\u2013 atdala produktu no putek\u013cain\u0101 transport\u0113\u0161anas gaisa;<\/li>\n\n\n\n<li>vakuums\u016bk\u0146a pakete\u00a0\u2013 sast\u0101v no vakuumu rado\u0161a s\u016bk\u0146a, gaisa filtra un regul\u0113jama venti\u013ca.<\/li>\n<\/ol>\n","protected":false},"featured_media":0,"parent":2645,"menu_order":88,"template":"","class_list":["post-2692","product","type-product","status-publish","hentry"],"acf":[],"_links":{"self":[{"href":"https:\/\/www.tektrade.ee\/lv\/wp-json\/wp\/v2\/product\/2692","targetHints":{"allow":["GET"]}}],"collection":[{"href":"https:\/\/www.tektrade.ee\/lv\/wp-json\/wp\/v2\/product"}],"about":[{"href":"https:\/\/www.tektrade.ee\/lv\/wp-json\/wp\/v2\/types\/product"}],"version-history":[{"count":2,"href":"https:\/\/www.tektrade.ee\/lv\/wp-json\/wp\/v2\/product\/2692\/revisions"}],"predecessor-version":[{"id":3207,"href":"https:\/\/www.tektrade.ee\/lv\/wp-json\/wp\/v2\/product\/2692\/revisions\/3207"}],"up":[{"embeddable":true,"href":"https:\/\/www.tektrade.ee\/lv\/wp-json\/wp\/v2\/product\/2645"}],"wp:attachment":[{"href":"https:\/\/www.tektrade.ee\/lv\/wp-json\/wp\/v2\/media?parent=2692"}],"curies":[{"name":"wp","href":"https:\/\/api.w.org\/{rel}","templated":true}]}}