{"id":2689,"date":"2025-08-16T11:56:05","date_gmt":"2025-08-16T08:56:05","guid":{"rendered":"https:\/\/www.tektrade.ee\/lv\/?post_type=product&#038;p=2689"},"modified":"2025-08-18T23:14:00","modified_gmt":"2025-08-18T20:14:00","slug":"kausu-transportieri","status":"publish","type":"product","link":"https:\/\/www.tektrade.ee\/lv\/preces\/pulveru-apstrades-iekartas\/kausu-transportieri\/","title":{"rendered":"Kausu transportieri"},"content":{"rendered":"\n<div class=\"wp-block-group is-nowrap is-layout-flex wp-container-core-group-is-layout-ad2f72ca wp-block-group-is-layout-flex\">\n<div class=\"wp-block-group is-layout-constrained wp-block-group-is-layout-constrained\">\n<figure class=\"wp-block-image alignleft size-full\"><img loading=\"lazy\" decoding=\"async\" width=\"300\" height=\"287\" src=\"https:\/\/www.tektrade.ee\/lv\/wp-content\/uploads\/sites\/6\/2025\/08\/ResizedImage300287-Konveierid.jpg\" alt=\"\" class=\"wp-image-2690\"\/><figcaption class=\"wp-element-caption\">Kausu transportieris<br><\/figcaption><\/figure>\n<\/div>\n<\/div>\n\n\n\n<div style=\"height:30px\" aria-hidden=\"true\" class=\"wp-block-spacer\"><\/div>\n\n\n\n<p>Kausu transportieri vai pac\u0113l\u0101ji ir paredz\u0113ti nep\u0101rtrauktai beramo materi\u0101lu vai vieglo produktu vertik\u0101lai transport\u0113\u0161anai. \u0145emot v\u0113r\u0101 transport\u0113jam\u0101 materi\u0101la apjomu, \u0161is ir \u013coti vienk\u0101r\u0161s un ekonomisks materi\u0101la transport\u0113\u0161anas veids.<\/p>\n\n\n\n<p>Kausu transportieri sast\u0101v no darbin\u0101ma motora, balsta konstrukcijas ar transportiera lenti vai \u0137\u0113di un p\u0101rnesumk\u0101rbas.<\/p>\n","protected":false},"featured_media":0,"parent":2645,"menu_order":89,"template":"","class_list":["post-2689","product","type-product","status-publish","hentry"],"acf":[],"_links":{"self":[{"href":"https:\/\/www.tektrade.ee\/lv\/wp-json\/wp\/v2\/product\/2689","targetHints":{"allow":["GET"]}}],"collection":[{"href":"https:\/\/www.tektrade.ee\/lv\/wp-json\/wp\/v2\/product"}],"about":[{"href":"https:\/\/www.tektrade.ee\/lv\/wp-json\/wp\/v2\/types\/product"}],"version-history":[{"count":2,"href":"https:\/\/www.tektrade.ee\/lv\/wp-json\/wp\/v2\/product\/2689\/revisions"}],"predecessor-version":[{"id":3208,"href":"https:\/\/www.tektrade.ee\/lv\/wp-json\/wp\/v2\/product\/2689\/revisions\/3208"}],"up":[{"embeddable":true,"href":"https:\/\/www.tektrade.ee\/lv\/wp-json\/wp\/v2\/product\/2645"}],"wp:attachment":[{"href":"https:\/\/www.tektrade.ee\/lv\/wp-json\/wp\/v2\/media?parent=2689"}],"curies":[{"name":"wp","href":"https:\/\/api.w.org\/{rel}","templated":true}]}}