{"id":2686,"date":"2025-08-16T11:55:29","date_gmt":"2025-08-16T08:55:29","guid":{"rendered":"https:\/\/www.tektrade.ee\/lv\/?post_type=product&#038;p=2686"},"modified":"2025-08-18T23:14:24","modified_gmt":"2025-08-18T20:14:24","slug":"slipais-transportieris","status":"publish","type":"product","link":"https:\/\/www.tektrade.ee\/lv\/preces\/pulveru-apstrades-iekartas\/slipais-transportieris\/","title":{"rendered":"Sl\u012bpais transportieris"},"content":{"rendered":"\n<div class=\"wp-block-group is-nowrap is-layout-flex wp-container-core-group-is-layout-ad2f72ca wp-block-group-is-layout-flex\">\n<div class=\"wp-block-group is-layout-constrained wp-block-group-is-layout-constrained\">\n<figure class=\"wp-block-image alignleft size-full\"><img loading=\"lazy\" decoding=\"async\" width=\"300\" height=\"204\" src=\"https:\/\/www.tektrade.ee\/lv\/wp-content\/uploads\/sites\/6\/2025\/08\/ResizedImage300204-Liugurid.jpg\" alt=\"\" class=\"wp-image-2687\"\/><figcaption class=\"wp-element-caption\"><em>Sl\u012bpais transportieris<br><\/em><\/figcaption><\/figure>\n<\/div>\n<\/div>\n\n\n\n<p>Sl\u012bpais transportieris ir visekonomisk\u0101kais pulveru transport\u0113\u0161anai. Sl\u012bpais transportieris var transport\u0113t beramo materi\u0101lu, un transport\u0113jot izmantot materi\u0101la verdo\u0161\u0101 sl\u0101\u0146a main\u012bg\u0101s \u012bpa\u0161\u012bbas. Lai sasniegtu verdo\u0161\u0101 sl\u0101\u0146a st\u0101vokli, pulver\u012b no apak\u0161as p\u016b\u0161 gaisu, un s\u0101kas t\u0101 saucam\u0101 &#8220;pseidosa\u0161\u0137idrin\u0101\u0161ana&#8221;. Atkar\u012bba no transport\u0113jam\u0101 materi\u0101la sl\u012bpo transportieri visbie\u017e\u0101k novieto 5\u201315\u00b0&nbsp;le\u0146\u0137\u012b. Sl\u012bpos transportierus visbie\u017e\u0101k izmanto, transport\u0113jot materi\u0101lus garum\u0101 l\u012bdz da\u017eiem simtiem metru.<\/p>\n\n\n\n<p>Sl\u012bp\u0101 transportiera priek\u0161roc\u012bbas:<\/p>\n\n\n\n<ul class=\"wp-block-list\">\n<li>zemas uztur\u0113\u0161anas izmaksas, jo nav rot\u0113jo\u0161u da\u013cu, kas non\u0101k saskar\u0113 ar materi\u0101liem;<\/li>\n\n\n\n<li>minim\u0101las uztur\u0113\u0161anas izmaksas (nepiecie\u0161ams tikai nomain\u012bt audumu);<\/li>\n\n\n\n<li>augsta energoefektivit\u0101te uz p\u0101rvad\u0101t\u0101 materi\u0101la vien\u012bbu;<\/li>\n\n\n\n<li>zemi invest\u012bciju izdevumi.<\/li>\n<\/ul>\n","protected":false},"featured_media":0,"parent":2645,"menu_order":90,"template":"","class_list":["post-2686","product","type-product","status-publish","hentry"],"acf":[],"_links":{"self":[{"href":"https:\/\/www.tektrade.ee\/lv\/wp-json\/wp\/v2\/product\/2686","targetHints":{"allow":["GET"]}}],"collection":[{"href":"https:\/\/www.tektrade.ee\/lv\/wp-json\/wp\/v2\/product"}],"about":[{"href":"https:\/\/www.tektrade.ee\/lv\/wp-json\/wp\/v2\/types\/product"}],"version-history":[{"count":2,"href":"https:\/\/www.tektrade.ee\/lv\/wp-json\/wp\/v2\/product\/2686\/revisions"}],"predecessor-version":[{"id":3209,"href":"https:\/\/www.tektrade.ee\/lv\/wp-json\/wp\/v2\/product\/2686\/revisions\/3209"}],"up":[{"embeddable":true,"href":"https:\/\/www.tektrade.ee\/lv\/wp-json\/wp\/v2\/product\/2645"}],"wp:attachment":[{"href":"https:\/\/www.tektrade.ee\/lv\/wp-json\/wp\/v2\/media?parent=2686"}],"curies":[{"name":"wp","href":"https:\/\/api.w.org\/{rel}","templated":true}]}}