{"id":2683,"date":"2025-08-16T11:54:57","date_gmt":"2025-08-16T08:54:57","guid":{"rendered":"https:\/\/www.tektrade.ee\/lv\/?post_type=product&#038;p=2683"},"modified":"2025-08-18T23:14:50","modified_gmt":"2025-08-18T20:14:50","slug":"svara-dozators","status":"publish","type":"product","link":"https:\/\/www.tektrade.ee\/lv\/preces\/pulveru-apstrades-iekartas\/svara-dozators\/","title":{"rendered":"Svara dozators"},"content":{"rendered":"\n<div class=\"wp-block-group is-nowrap is-layout-flex wp-container-core-group-is-layout-ad2f72ca wp-block-group-is-layout-flex\">\n<div class=\"wp-block-group is-layout-constrained wp-block-group-is-layout-constrained\">\n<figure class=\"wp-block-image alignleft size-full\"><img loading=\"lazy\" decoding=\"async\" width=\"280\" height=\"322\" src=\"https:\/\/www.tektrade.ee\/lv\/wp-content\/uploads\/sites\/6\/2025\/08\/Gravimeetrilised-ja-volumeetrilised-fiiderid-1.jpg\" alt=\"\" class=\"wp-image-2684\" srcset=\"https:\/\/www.tektrade.ee\/lv\/wp-content\/uploads\/sites\/6\/2025\/08\/Gravimeetrilised-ja-volumeetrilised-fiiderid-1.jpg 280w, https:\/\/www.tektrade.ee\/lv\/wp-content\/uploads\/sites\/6\/2025\/08\/Gravimeetrilised-ja-volumeetrilised-fiiderid-1-261x300.jpg 261w\" sizes=\"auto, (max-width: 280px) 100vw, 280px\" \/><figcaption class=\"wp-element-caption\">Svara vai tilpuma dozators<br><\/figcaption><\/figure>\n<\/div>\n<\/div>\n\n\n\n<p>Noteikt\u0101 laika vien\u012bb\u0101 tiek padots konstants beram\u0101 materi\u0101la vai \u0161\u0137idruma svars. T\u0101 k\u0101 svars ir main\u012bgs lielums, to kontrol\u0113 ar svaru moduli. Svara doz\u0113\u0161ana apvieno pado\u0161anas procesa nov\u0113ro\u0161anu un atsauksmju \u0137\u0113di, kas \u013cauj prec\u012bzi kontrol\u0113t padodam\u0101 materi\u0101la daudzumu.<\/p>\n","protected":false},"featured_media":0,"parent":2645,"menu_order":91,"template":"","class_list":["post-2683","product","type-product","status-publish","hentry"],"acf":[],"_links":{"self":[{"href":"https:\/\/www.tektrade.ee\/lv\/wp-json\/wp\/v2\/product\/2683","targetHints":{"allow":["GET"]}}],"collection":[{"href":"https:\/\/www.tektrade.ee\/lv\/wp-json\/wp\/v2\/product"}],"about":[{"href":"https:\/\/www.tektrade.ee\/lv\/wp-json\/wp\/v2\/types\/product"}],"version-history":[{"count":2,"href":"https:\/\/www.tektrade.ee\/lv\/wp-json\/wp\/v2\/product\/2683\/revisions"}],"predecessor-version":[{"id":3210,"href":"https:\/\/www.tektrade.ee\/lv\/wp-json\/wp\/v2\/product\/2683\/revisions\/3210"}],"up":[{"embeddable":true,"href":"https:\/\/www.tektrade.ee\/lv\/wp-json\/wp\/v2\/product\/2645"}],"wp:attachment":[{"href":"https:\/\/www.tektrade.ee\/lv\/wp-json\/wp\/v2\/media?parent=2683"}],"curies":[{"name":"wp","href":"https:\/\/api.w.org\/{rel}","templated":true}]}}