{"id":2680,"date":"2025-08-16T11:54:19","date_gmt":"2025-08-16T08:54:19","guid":{"rendered":"https:\/\/www.tektrade.ee\/lv\/?post_type=product&#038;p=2680"},"modified":"2025-08-18T23:15:27","modified_gmt":"2025-08-18T20:15:27","slug":"tilpuma-dozators","status":"publish","type":"product","link":"https:\/\/www.tektrade.ee\/lv\/preces\/pulveru-apstrades-iekartas\/tilpuma-dozators\/","title":{"rendered":"Tilpuma dozators"},"content":{"rendered":"\n<div class=\"wp-block-group is-nowrap is-layout-flex wp-container-core-group-is-layout-ad2f72ca wp-block-group-is-layout-flex\">\n<div class=\"wp-block-group is-layout-constrained wp-block-group-is-layout-constrained\">\n<figure class=\"wp-block-image alignleft size-full\"><img loading=\"lazy\" decoding=\"async\" width=\"280\" height=\"322\" src=\"https:\/\/www.tektrade.ee\/lv\/wp-content\/uploads\/sites\/6\/2025\/08\/Gravimeetrilised-ja-volumeetrilised-fiiderid.jpg\" alt=\"\" class=\"wp-image-2681\" srcset=\"https:\/\/www.tektrade.ee\/lv\/wp-content\/uploads\/sites\/6\/2025\/08\/Gravimeetrilised-ja-volumeetrilised-fiiderid.jpg 280w, https:\/\/www.tektrade.ee\/lv\/wp-content\/uploads\/sites\/6\/2025\/08\/Gravimeetrilised-ja-volumeetrilised-fiiderid-261x300.jpg 261w\" sizes=\"auto, (max-width: 280px) 100vw, 280px\" \/><figcaption class=\"wp-element-caption\">Svara vai tilpuma dozators<br><\/figcaption><\/figure>\n<\/div>\n<\/div>\n\n\n\n<p>Tilpuma dozators ir visvienk\u0101r\u0161\u0101kais un visekonomisk\u0101kais pado\u0161anas risin\u0101jums. Beramo materi\u0101lu glab\u0101 tvertn\u0113 un noteikt\u0101 laika vien\u012bb\u0101 to past\u0101v\u012bgi padod. Tilpuma doz\u0113\u0161anu var apvienot ar kalibr\u0113\u0161anas procesu, kura laik\u0101 tiek pa\u0146emts un nosv\u0113rts paraugs. Skr\u016bves pado\u0161anas \u0101trumu piel\u0101go atbilsto\u0161i paraugam. Svars tilpuma doz\u0113\u0161an\u0101 netiek \u0146emts v\u0113r\u0101, lai nodro\u0161in\u0101tu pado\u0161anas precizit\u0101ti laika vien\u012bb\u0101, tom\u0113r to var \u0146emt v\u0113r\u0101, padodot materi\u0101lus ar vien\u0101du bl\u012bvumu.<\/p>\n","protected":false},"featured_media":0,"parent":2645,"menu_order":92,"template":"","class_list":["post-2680","product","type-product","status-publish","hentry"],"acf":[],"_links":{"self":[{"href":"https:\/\/www.tektrade.ee\/lv\/wp-json\/wp\/v2\/product\/2680","targetHints":{"allow":["GET"]}}],"collection":[{"href":"https:\/\/www.tektrade.ee\/lv\/wp-json\/wp\/v2\/product"}],"about":[{"href":"https:\/\/www.tektrade.ee\/lv\/wp-json\/wp\/v2\/types\/product"}],"version-history":[{"count":2,"href":"https:\/\/www.tektrade.ee\/lv\/wp-json\/wp\/v2\/product\/2680\/revisions"}],"predecessor-version":[{"id":3211,"href":"https:\/\/www.tektrade.ee\/lv\/wp-json\/wp\/v2\/product\/2680\/revisions\/3211"}],"up":[{"embeddable":true,"href":"https:\/\/www.tektrade.ee\/lv\/wp-json\/wp\/v2\/product\/2645"}],"wp:attachment":[{"href":"https:\/\/www.tektrade.ee\/lv\/wp-json\/wp\/v2\/media?parent=2680"}],"curies":[{"name":"wp","href":"https:\/\/api.w.org\/{rel}","templated":true}]}}