{"id":2677,"date":"2025-08-16T11:53:40","date_gmt":"2025-08-16T08:53:40","guid":{"rendered":"https:\/\/www.tektrade.ee\/lv\/?post_type=product&#038;p=2677"},"modified":"2025-08-18T23:15:51","modified_gmt":"2025-08-18T20:15:51","slug":"rotacijas-varsti","status":"publish","type":"product","link":"https:\/\/www.tektrade.ee\/lv\/preces\/pulveru-apstrades-iekartas\/rotacijas-varsti\/","title":{"rendered":"Rot\u0101cijas v\u0101rsti"},"content":{"rendered":"\n<div class=\"wp-block-group is-nowrap is-layout-flex wp-container-core-group-is-layout-ad2f72ca wp-block-group-is-layout-flex\">\n<div class=\"wp-block-group is-layout-constrained wp-block-group-is-layout-constrained\">\n<figure class=\"wp-block-image alignleft size-full\"><img loading=\"lazy\" decoding=\"async\" width=\"300\" height=\"283\" src=\"https:\/\/www.tektrade.ee\/lv\/wp-content\/uploads\/sites\/6\/2025\/08\/ResizedImage300283-Poodklapid-ja-dosaatorid.jpg\" alt=\"\" class=\"wp-image-2678\"\/><figcaption class=\"wp-element-caption\">Rot\u0101cijas v\u0101rsts<br><\/figcaption><\/figure>\n<\/div>\n<\/div>\n\n\n\n<p>Rot\u0101cijas v\u0101rsti ir paredz\u0113ti pulveru un beramo materi\u0101lu doz\u0113\u0161anai.&nbsp;<br>Dozators ir uz v\u0101rpstas uzmont\u0113ts rotors, kuru darbina motors. Rotora l\u0101psti\u0146as starp l\u0101psti\u0146\u0101m un korpusu veido tr\u012bsst\u016bra kabatu un nodro\u0161ina herm\u0113tisku bl\u012bv\u0113jumu. Motora l\u0113n\u0101 grie\u0161an\u0101s kustina l\u0101psti\u0146as, pal\u012bdzot sausaj\u0101m sast\u0101vda\u013c\u0101m caur v\u0101rsta atveri izk\u013c\u016bt no konteinera.<\/p>\n\n\n\n<p>Tehniskie dati:<\/p>\n\n\n\n<ul class=\"wp-block-list\">\n<li>Darba temperat\u016bra: \u201320\u00a0\u00b0C, +90\u00a0\u00b0C;<\/li>\n\n\n\n<li>Spiediens: v\u0101rsts darbojas ar maksim\u0101lo diferenci\u0101lo spiedienu 0,3 bar (starp\u012bba starp ieejas un izejas spiedienu).<\/li>\n\n\n\n<li>Izmantotie materi\u0101li: oglek\u013ca t\u0113rauds vai ner\u016bs\u0113jo\u0161ais t\u0113rauds.<\/li>\n<\/ul>\n","protected":false},"featured_media":0,"parent":2645,"menu_order":93,"template":"","class_list":["post-2677","product","type-product","status-publish","hentry"],"acf":[],"_links":{"self":[{"href":"https:\/\/www.tektrade.ee\/lv\/wp-json\/wp\/v2\/product\/2677","targetHints":{"allow":["GET"]}}],"collection":[{"href":"https:\/\/www.tektrade.ee\/lv\/wp-json\/wp\/v2\/product"}],"about":[{"href":"https:\/\/www.tektrade.ee\/lv\/wp-json\/wp\/v2\/types\/product"}],"version-history":[{"count":2,"href":"https:\/\/www.tektrade.ee\/lv\/wp-json\/wp\/v2\/product\/2677\/revisions"}],"predecessor-version":[{"id":3212,"href":"https:\/\/www.tektrade.ee\/lv\/wp-json\/wp\/v2\/product\/2677\/revisions\/3212"}],"up":[{"embeddable":true,"href":"https:\/\/www.tektrade.ee\/lv\/wp-json\/wp\/v2\/product\/2645"}],"wp:attachment":[{"href":"https:\/\/www.tektrade.ee\/lv\/wp-json\/wp\/v2\/media?parent=2677"}],"curies":[{"name":"wp","href":"https:\/\/api.w.org\/{rel}","templated":true}]}}